{"id":10268,"date":"2020-02-17T11:03:09","date_gmt":"2020-02-17T10:03:09","guid":{"rendered":"https:\/\/www.pumixplant.com\/chi-siamo\/"},"modified":"2025-10-23T09:34:49","modified_gmt":"2025-10-23T07:34:49","slug":"kdo-jsme","status":"publish","type":"page","link":"https:\/\/www.pumixplant.com\/cs\/kdo-jsme\/","title":{"rendered":"Kdo jsme"},"content":{"rendered":"\n<div class=\"wp-block-group has-very-light-gray-background-color has-background\"><div class=\"wp-block-group__inner-container is-layout-flow wp-block-group-is-layout-flow\">\n<div class=\"wp-block-group container\"><div class=\"wp-block-group__inner-container is-layout-flow wp-block-group-is-layout-flow\">\n<div style=\"height:30px\" aria-hidden=\"true\" class=\"wp-block-spacer\"><\/div>\n\n\n\n<p class=\"has-text-align-center has-text-color\" style=\"color:#000000;font-size:26px\">Spole\u010dnost PU MIX Technologies byla zalo\u017eena s c\u00edlem uspokojit pot\u0159eby klient\u016f, kte\u0159\u00ed maj\u00ed z\u00e1jem o inovativn\u00ed high-tech \u0159e\u0161en\u00ed v pr\u016fmyslu polyuretanov\u00fdch v\u00fdrobk\u016f.<\/p>\n\n\n\n<div style=\"height:30px\" aria-hidden=\"true\" class=\"wp-block-spacer\"><\/div>\n<\/div><\/div>\n<\/div><\/div>\n\n\n\n<div style=\"height:50px\" aria-hidden=\"true\" class=\"wp-block-spacer\"><\/div>\n\n\n\n<div class=\"wp-block-group container\"><div class=\"wp-block-group__inner-container is-layout-flow wp-block-group-is-layout-flow\">\n<div class=\"wp-block-columns is-layout-flex wp-container-core-columns-is-layout-9d6595d7 wp-block-columns-is-layout-flex\">\n<div class=\"wp-block-column is-layout-flow wp-block-column-is-layout-flow\">\n<p class=\"has-text-align-center has-medium-font-size\">T\u00fdm <strong>PU MIX Technologies<\/strong> m\u00e1 rozs\u00e1hl\u00e9 zku\u0161enosti v oboru a na jejich z\u00e1klad\u011b konstruuje, vyv\u00edj\u00ed a vyr\u00e1b\u00ed za\u0159\u00edzen\u00ed a stroje na d\u00e1vkov\u00e1n\u00ed, m\u00edch\u00e1n\u00ed a nal\u00e9v\u00e1n\u00ed polyuretanu. Jedn\u00e1 se o firmu, kter\u00e1 maxim\u00e1ln\u011b respektuje po\u017eadavky ka\u017ed\u00e9ho klienta a poskytuje vysoce p\u0159izp\u016fsobiteln\u00e9 a kvalitn\u00ed instalace.<\/p>\n\n\n\n<p class=\"has-text-align-center has-medium-font-size\">Od sv\u00e9ho zalo\u017een\u00ed se <strong>PU MIX Technologies<\/strong> rozhodla prosazovat politiku orientovanou na spokojenost z\u00e1kazn\u00edk\u016f a zam\u011b\u0159enou na \u0159e\u0161en\u00ed probl\u00e9m\u016f. D\u00edky tomuto p\u0159\u00edstupu rozv\u00edj\u00ed svou dynamickou a poctivou povahu a roste vedle sv\u00fdch klient\u016f.<\/p>\n<\/div>\n<\/div>\n<\/div><\/div>\n\n\n\n<div style=\"height:10px\" aria-hidden=\"true\" class=\"wp-block-spacer\"><\/div>\n\n\n<div class=\"wp-block-image is-resized\">\n<figure class=\"aligncenter size-full\"><img loading=\"lazy\" decoding=\"async\" width=\"1024\" height=\"768\" src=\"https:\/\/www.pumixplant.com\/wp-content\/uploads\/2021\/02\/PUMIX_Polyurethane_Plants_Workshop.jpg\" alt=\"\" class=\"wp-image-3452\" srcset=\"https:\/\/www.pumixplant.com\/wp-content\/uploads\/2021\/02\/PUMIX_Polyurethane_Plants_Workshop.jpg 1024w, https:\/\/www.pumixplant.com\/wp-content\/uploads\/2021\/02\/PUMIX_Polyurethane_Plants_Workshop-800x600.jpg 800w, https:\/\/www.pumixplant.com\/wp-content\/uploads\/2021\/02\/PUMIX_Polyurethane_Plants_Workshop-768x576.jpg 768w\" sizes=\"auto, (max-width: 1024px) 100vw, 1024px\" \/><\/figure>\n<\/div>\n\n\n<div style=\"height:50px\" aria-hidden=\"true\" class=\"wp-block-spacer\"><\/div>\n\n\n\n<div class=\"wp-block-group container\"><div class=\"wp-block-group__inner-container is-layout-flow wp-block-group-is-layout-flow\">\n<div class=\"wp-block-media-text alignwide is-stacked-on-mobile\" style=\"grid-template-columns:46% auto\"><figure class=\"wp-block-media-text__media\"><img loading=\"lazy\" decoding=\"async\" width=\"1200\" height=\"900\" src=\"https:\/\/www.pumixplant.com\/wp-content\/uploads\/2021\/02\/PUMIX_Polyurethane_Plants_Problem-Solving-1200x900.jpg\" alt=\"\" class=\"wp-image-3448 size-full\" srcset=\"https:\/\/www.pumixplant.com\/wp-content\/uploads\/2021\/02\/PUMIX_Polyurethane_Plants_Problem-Solving-1200x900.jpg 1200w, https:\/\/www.pumixplant.com\/wp-content\/uploads\/2021\/02\/PUMIX_Polyurethane_Plants_Problem-Solving-800x600.jpg 800w, https:\/\/www.pumixplant.com\/wp-content\/uploads\/2021\/02\/PUMIX_Polyurethane_Plants_Problem-Solving-768x576.jpg 768w, https:\/\/www.pumixplant.com\/wp-content\/uploads\/2021\/02\/PUMIX_Polyurethane_Plants_Problem-Solving.jpg 1440w\" sizes=\"auto, (max-width: 1200px) 100vw, 1200px\" \/><\/figure><div class=\"wp-block-media-text__content\">\n<p class=\"has-medium-font-size\">Na\u0161e s\u00edla je:<\/p>\n\n\n\n<div style=\"height:40px\" aria-hidden=\"true\" class=\"wp-block-spacer\"><\/div>\n\n\n\n<p class=\"has-medium-font-size\"><strong>\u0158E\u0160EN\u00cd PROBL\u00c9M\u016e:<\/strong> Pot\u0159ebu nebo probl\u00e9m ka\u017ed\u00e9ho z\u00e1kazn\u00edka pova\u017eujeme za vzru\u0161uj\u00edc\u00ed v\u00fdzvu, kterou je t\u0159eba \u0159e\u0161it s maxim\u00e1ln\u00ed efektivitou.<\/p>\n\n\n\n<p class=\"has-medium-font-size\"><strong>KNOW-HOW:<\/strong> b\u011bhem na\u0161ich let v oboru jsme nashrom\u00e1\u017edili neoceniteln\u00e9 odborn\u00e9 znalosti v oblasti navrhov\u00e1n\u00ed, in\u017een\u00fdrstv\u00ed, v\u00fdroby, instalace a zav\u00e1d\u011bn\u00ed komplexn\u00edch polyuretanov\u00fdch syst\u00e9m\u016f po cel\u00e9m sv\u011bt\u011b. Tyto rozs\u00e1hl\u00e9 zku\u0161enosti poskytujeme na\u0161im klient\u016fm ka\u017ed\u00fd den.<\/p>\n<\/div><\/div>\n<\/div><\/div>\n\n\n\n<div style=\"height:50px\" aria-hidden=\"true\" class=\"wp-block-spacer\"><\/div>\n\n\n\n<div class=\"wp-block-group container\"><div class=\"wp-block-group__inner-container is-layout-flow wp-block-group-is-layout-flow\">\n<div class=\"wp-block-media-text alignwide has-media-on-the-right is-stacked-on-mobile\" style=\"grid-template-columns:auto 46%\"><div class=\"wp-block-media-text__content\">\n<p class=\"has-medium-font-size\"><strong>INSTALACE NA M\u00cdRU: <\/strong>ka\u017ed\u00fd z na\u0161ich stroj\u016f nebo za\u0159\u00edzen\u00ed m\u016f\u017ee b\u00fdt pln\u011b p\u0159izp\u016fsoben podle jak\u00e9hokoli specifick\u00e9ho po\u017eadavku. Pokud m\u00e1te konkr\u00e9tn\u00ed pot\u0159ebu nebo popt\u00e1vku, ur\u010dit\u011b ji dok\u00e1\u017eeme splnit!<\/p>\n\n\n\n<p class=\"has-medium-font-size\"><strong>FLEXIBILITA:<\/strong> vysok\u00e1 kvalita, konzistentn\u00ed v\u00fdkony a konkurenceschopn\u00e9 ceny jsou z\u00e1kladn\u00edmi prvky v\u0161ech na\u0161ich snah.<\/p>\n\n\n\n<div style=\"height:40px\" aria-hidden=\"true\" class=\"wp-block-spacer\"><\/div>\n\n\n\n<p class=\"has-text-align-left has-medium-font-size\">To jsou kl\u00ed\u010dov\u00e9 prvky \u00fasp\u011bchu PU MIX Technologies na tomto rychle se rozv\u00edjej\u00edc\u00edm glob\u00e1ln\u00edm trhu PU!<\/p>\n<\/div><figure class=\"wp-block-media-text__media\"><img loading=\"lazy\" decoding=\"async\" width=\"800\" height=\"600\" src=\"https:\/\/www.pumixplant.com\/wp-content\/uploads\/2021\/02\/PUMIX_Polyurethane_Know-How-800x600.jpg\" alt=\"\" class=\"wp-image-3450 size-medium\" srcset=\"https:\/\/www.pumixplant.com\/wp-content\/uploads\/2021\/02\/PUMIX_Polyurethane_Know-How-800x600.jpg 800w, https:\/\/www.pumixplant.com\/wp-content\/uploads\/2021\/02\/PUMIX_Polyurethane_Know-How-1200x900.jpg 1200w, https:\/\/www.pumixplant.com\/wp-content\/uploads\/2021\/02\/PUMIX_Polyurethane_Know-How-768x576.jpg 768w, https:\/\/www.pumixplant.com\/wp-content\/uploads\/2021\/02\/PUMIX_Polyurethane_Know-How.jpg 1440w\" sizes=\"auto, (max-width: 800px) 100vw, 800px\" \/><\/figure><\/div>\n<\/div><\/div>\n","protected":false},"excerpt":{"rendered":"<p>PU MIX Technologies<\/p>\n","protected":false},"author":6,"featured_media":5872,"parent":0,"menu_order":0,"comment_status":"closed","ping_status":"closed","template":"","meta":{"_acf_changed":false,"footnotes":""},"class_list":["post-10268","page","type-page","status-publish","has-post-thumbnail","hentry"],"acf":[],"yoast_head":"<title>Kdo jsme - PU MIX Technologies S.r.l.<\/title>\n<meta name=\"robots\" content=\"index, follow, max-snippet:-1, max-image-preview:large, max-video-preview:-1\" \/>\n<link rel=\"canonical\" href=\"https:\/\/www.pumixplant.com\/cs\/kdo-jsme\/\" \/>\n<meta property=\"og:locale\" content=\"cs_CZ\" \/>\n<meta property=\"og:type\" content=\"article\" \/>\n<meta property=\"og:title\" content=\"Kdo jsme - PU MIX Technologies S.r.l.\" \/>\n<meta property=\"og:description\" content=\"PU MIX Technologies\" \/>\n<meta property=\"og:url\" content=\"https:\/\/www.pumixplant.com\/cs\/kdo-jsme\/\" \/>\n<meta property=\"og:site_name\" content=\"PU MIX Technologies S.r.l.\" \/>\n<meta property=\"article:publisher\" content=\"https:\/\/www.facebook.com\/pumix.technologies\" \/>\n<meta property=\"article:modified_time\" content=\"2025-10-23T07:34:49+00:00\" \/>\n<meta property=\"og:image\" content=\"https:\/\/www.pumixplant.com\/wp-content\/uploads\/2019\/02\/PUMIX-Technologies.jpg\" \/>\n\t<meta property=\"og:image:width\" content=\"1440\" \/>\n\t<meta property=\"og:image:height\" content=\"1080\" \/>\n\t<meta property=\"og:image:type\" content=\"image\/jpeg\" \/>\n<meta name=\"twitter:card\" content=\"summary_large_image\" \/>\n<meta name=\"twitter:label1\" content=\"Odhadovan\u00e1 doba \u010dten\u00ed\" \/>\n\t<meta name=\"twitter:data1\" content=\"2 minuty\" \/>\n<script type=\"application\/ld+json\" class=\"yoast-schema-graph\">{\"@context\":\"https:\/\/schema.org\",\"@graph\":[{\"@type\":\"WebPage\",\"@id\":\"https:\/\/www.pumixplant.com\/cs\/kdo-jsme\/\",\"url\":\"https:\/\/www.pumixplant.com\/cs\/kdo-jsme\/\",\"name\":\"Kdo jsme - PU MIX Technologies S.r.l.\",\"isPartOf\":{\"@id\":\"https:\/\/www.pumixplant.com\/cs\/#website\"},\"primaryImageOfPage\":{\"@id\":\"https:\/\/www.pumixplant.com\/cs\/kdo-jsme\/#primaryimage\"},\"image\":{\"@id\":\"https:\/\/www.pumixplant.com\/cs\/kdo-jsme\/#primaryimage\"},\"thumbnailUrl\":\"https:\/\/www.pumixplant.com\/wp-content\/uploads\/2019\/02\/PUMIX-Technologies.jpg\",\"datePublished\":\"2020-02-17T10:03:09+00:00\",\"dateModified\":\"2025-10-23T07:34:49+00:00\",\"breadcrumb\":{\"@id\":\"https:\/\/www.pumixplant.com\/cs\/kdo-jsme\/#breadcrumb\"},\"inLanguage\":\"cs\",\"potentialAction\":[{\"@type\":\"ReadAction\",\"target\":[\"https:\/\/www.pumixplant.com\/cs\/kdo-jsme\/\"]}]},{\"@type\":\"ImageObject\",\"inLanguage\":\"cs\",\"@id\":\"https:\/\/www.pumixplant.com\/cs\/kdo-jsme\/#primaryimage\",\"url\":\"https:\/\/www.pumixplant.com\/wp-content\/uploads\/2019\/02\/PUMIX-Technologies.jpg\",\"contentUrl\":\"https:\/\/www.pumixplant.com\/wp-content\/uploads\/2019\/02\/PUMIX-Technologies.jpg\",\"width\":1440,\"height\":1080},{\"@type\":\"BreadcrumbList\",\"@id\":\"https:\/\/www.pumixplant.com\/cs\/kdo-jsme\/#breadcrumb\",\"itemListElement\":[{\"@type\":\"ListItem\",\"position\":1,\"name\":\"Home\",\"item\":\"https:\/\/www.pumixplant.com\/cs\/\"},{\"@type\":\"ListItem\",\"position\":2,\"name\":\"Kdo jsme\"}]},{\"@type\":\"WebSite\",\"@id\":\"https:\/\/www.pumixplant.com\/cs\/#website\",\"url\":\"https:\/\/www.pumixplant.com\/cs\/\",\"name\":\"PU MIX Technologies S.r.l.\",\"description\":\"\",\"publisher\":{\"@id\":\"https:\/\/www.pumixplant.com\/cs\/#organization\"},\"potentialAction\":[{\"@type\":\"SearchAction\",\"target\":{\"@type\":\"EntryPoint\",\"urlTemplate\":\"https:\/\/www.pumixplant.com\/cs\/?s={search_term_string}\"},\"query-input\":{\"@type\":\"PropertyValueSpecification\",\"valueRequired\":true,\"valueName\":\"search_term_string\"}}],\"inLanguage\":\"cs\"},{\"@type\":\"Organization\",\"@id\":\"https:\/\/www.pumixplant.com\/cs\/#organization\",\"name\":\"PU MIX Technologies S.r.l.\",\"url\":\"https:\/\/www.pumixplant.com\/cs\/\",\"logo\":{\"@type\":\"ImageObject\",\"inLanguage\":\"cs\",\"@id\":\"https:\/\/www.pumixplant.com\/cs\/#\/schema\/logo\/image\/\",\"url\":\"https:\/\/www.pumixplant.com\/wp-content\/uploads\/2019\/02\/logo-pumix.jpg\",\"contentUrl\":\"https:\/\/www.pumixplant.com\/wp-content\/uploads\/2019\/02\/logo-pumix.jpg\",\"width\":420,\"height\":500,\"caption\":\"PU MIX Technologies S.r.l.\"},\"image\":{\"@id\":\"https:\/\/www.pumixplant.com\/cs\/#\/schema\/logo\/image\/\"},\"sameAs\":[\"https:\/\/www.facebook.com\/pumix.technologies\",\"https:\/\/www.linkedin.com\/company\/pu-mix-technologies-s.r.l.\/about\/\",\"https:\/\/www.youtube.com\/channel\/UCE6oMWBtW9k6Ea9yosxr-oA\"]}]}<\/script>","yoast_head_json":{"title":"Kdo jsme - PU MIX Technologies S.r.l.","robots":{"index":"index","follow":"follow","max-snippet":"max-snippet:-1","max-image-preview":"max-image-preview:large","max-video-preview":"max-video-preview:-1"},"canonical":"https:\/\/www.pumixplant.com\/cs\/kdo-jsme\/","og_locale":"cs_CZ","og_type":"article","og_title":"Kdo jsme - PU MIX Technologies S.r.l.","og_description":"PU MIX Technologies","og_url":"https:\/\/www.pumixplant.com\/cs\/kdo-jsme\/","og_site_name":"PU MIX Technologies S.r.l.","article_publisher":"https:\/\/www.facebook.com\/pumix.technologies","article_modified_time":"2025-10-23T07:34:49+00:00","og_image":[{"width":1440,"height":1080,"url":"https:\/\/www.pumixplant.com\/wp-content\/uploads\/2019\/02\/PUMIX-Technologies.jpg","type":"image\/jpeg"}],"twitter_card":"summary_large_image","twitter_misc":{"Odhadovan\u00e1 doba \u010dten\u00ed":"2 minuty"},"schema":{"@context":"https:\/\/schema.org","@graph":[{"@type":"WebPage","@id":"https:\/\/www.pumixplant.com\/cs\/kdo-jsme\/","url":"https:\/\/www.pumixplant.com\/cs\/kdo-jsme\/","name":"Kdo jsme - PU MIX Technologies S.r.l.","isPartOf":{"@id":"https:\/\/www.pumixplant.com\/cs\/#website"},"primaryImageOfPage":{"@id":"https:\/\/www.pumixplant.com\/cs\/kdo-jsme\/#primaryimage"},"image":{"@id":"https:\/\/www.pumixplant.com\/cs\/kdo-jsme\/#primaryimage"},"thumbnailUrl":"https:\/\/www.pumixplant.com\/wp-content\/uploads\/2019\/02\/PUMIX-Technologies.jpg","datePublished":"2020-02-17T10:03:09+00:00","dateModified":"2025-10-23T07:34:49+00:00","breadcrumb":{"@id":"https:\/\/www.pumixplant.com\/cs\/kdo-jsme\/#breadcrumb"},"inLanguage":"cs","potentialAction":[{"@type":"ReadAction","target":["https:\/\/www.pumixplant.com\/cs\/kdo-jsme\/"]}]},{"@type":"ImageObject","inLanguage":"cs","@id":"https:\/\/www.pumixplant.com\/cs\/kdo-jsme\/#primaryimage","url":"https:\/\/www.pumixplant.com\/wp-content\/uploads\/2019\/02\/PUMIX-Technologies.jpg","contentUrl":"https:\/\/www.pumixplant.com\/wp-content\/uploads\/2019\/02\/PUMIX-Technologies.jpg","width":1440,"height":1080},{"@type":"BreadcrumbList","@id":"https:\/\/www.pumixplant.com\/cs\/kdo-jsme\/#breadcrumb","itemListElement":[{"@type":"ListItem","position":1,"name":"Home","item":"https:\/\/www.pumixplant.com\/cs\/"},{"@type":"ListItem","position":2,"name":"Kdo jsme"}]},{"@type":"WebSite","@id":"https:\/\/www.pumixplant.com\/cs\/#website","url":"https:\/\/www.pumixplant.com\/cs\/","name":"PU MIX Technologies S.r.l.","description":"","publisher":{"@id":"https:\/\/www.pumixplant.com\/cs\/#organization"},"potentialAction":[{"@type":"SearchAction","target":{"@type":"EntryPoint","urlTemplate":"https:\/\/www.pumixplant.com\/cs\/?s={search_term_string}"},"query-input":{"@type":"PropertyValueSpecification","valueRequired":true,"valueName":"search_term_string"}}],"inLanguage":"cs"},{"@type":"Organization","@id":"https:\/\/www.pumixplant.com\/cs\/#organization","name":"PU MIX Technologies S.r.l.","url":"https:\/\/www.pumixplant.com\/cs\/","logo":{"@type":"ImageObject","inLanguage":"cs","@id":"https:\/\/www.pumixplant.com\/cs\/#\/schema\/logo\/image\/","url":"https:\/\/www.pumixplant.com\/wp-content\/uploads\/2019\/02\/logo-pumix.jpg","contentUrl":"https:\/\/www.pumixplant.com\/wp-content\/uploads\/2019\/02\/logo-pumix.jpg","width":420,"height":500,"caption":"PU MIX Technologies S.r.l."},"image":{"@id":"https:\/\/www.pumixplant.com\/cs\/#\/schema\/logo\/image\/"},"sameAs":["https:\/\/www.facebook.com\/pumix.technologies","https:\/\/www.linkedin.com\/company\/pu-mix-technologies-s.r.l.\/about\/","https:\/\/www.youtube.com\/channel\/UCE6oMWBtW9k6Ea9yosxr-oA"]}]}},"_links":{"self":[{"href":"https:\/\/www.pumixplant.com\/cs\/wp-json\/wp\/v2\/pages\/10268","targetHints":{"allow":["GET"]}}],"collection":[{"href":"https:\/\/www.pumixplant.com\/cs\/wp-json\/wp\/v2\/pages"}],"about":[{"href":"https:\/\/www.pumixplant.com\/cs\/wp-json\/wp\/v2\/types\/page"}],"author":[{"embeddable":true,"href":"https:\/\/www.pumixplant.com\/cs\/wp-json\/wp\/v2\/users\/6"}],"replies":[{"embeddable":true,"href":"https:\/\/www.pumixplant.com\/cs\/wp-json\/wp\/v2\/comments?post=10268"}],"version-history":[{"count":6,"href":"https:\/\/www.pumixplant.com\/cs\/wp-json\/wp\/v2\/pages\/10268\/revisions"}],"predecessor-version":[{"id":10449,"href":"https:\/\/www.pumixplant.com\/cs\/wp-json\/wp\/v2\/pages\/10268\/revisions\/10449"}],"wp:featuredmedia":[{"embeddable":true,"href":"https:\/\/www.pumixplant.com\/cs\/wp-json\/wp\/v2\/media\/5872"}],"wp:attachment":[{"href":"https:\/\/www.pumixplant.com\/cs\/wp-json\/wp\/v2\/media?parent=10268"}],"curies":[{"name":"wp","href":"https:\/\/api.w.org\/{rel}","templated":true}]}}