{"id":10271,"date":"2021-01-11T11:38:39","date_gmt":"2021-01-11T10:38:39","guid":{"rendered":"https:\/\/www.pumixplant.com\/macchine\/"},"modified":"2025-10-23T09:57:54","modified_gmt":"2025-10-23T07:57:54","slug":"stroje","status":"publish","type":"page","link":"https:\/\/www.pumixplant.com\/cs\/stroje\/","title":{"rendered":"Stroje"},"content":{"rendered":"\n<div class=\"wp-block-group container\"><div class=\"wp-block-group__inner-container is-layout-flow wp-block-group-is-layout-flow\"><div class=\"sh_itemlist_filter\">\n\t<div id=\"machinery_category_filter_wrapper\" class=\"item_filter_wrapper\">\n\t\t<div class=\"item_filter_title\">Filtrovat podle:<\/div>\n\t\t<div class=\"item_filter_list row justify-content-center\">\n            <div class=\"filter_single col-auto\" data-filter=\"*\">All<\/div>\n    \t\t    \t\t\t<div class=\"filter_single col-auto\" data-filter=\".filter-elastomers-cs\">Elastomers<\/div>\n    \t\t\t    \t\t\t<div class=\"filter_single col-auto\" data-filter=\".filter-foam-cs\">Foam<\/div>\n    \t\t\t    \t\t\t<div class=\"filter_single col-auto\" data-filter=\".filter-gel-cs\">Gel<\/div>\n    \t\t\t    \t\t\t<div class=\"filter_single col-auto\" data-filter=\".filter-thermoforming-cs\">Thermoforming<\/div>\n    \t\t\t\t\t<\/div>\n\t<\/div>\n\t\t<div id=\"machinery_category_item_list\" class=\"item_list_wrapper\">\n\t\t<div class=\"child_post_list item_list_wrapper_row row\">\n\t\t\t\t\t<div class=\"single_child_post single_elem_rip filter_single_obj  filter-thermoforming-cs col-12 col-md-6 col-lg-4\">\n\t\t\t\t<a class=\"filter_single_obj_link\" href=\"https:\/\/www.pumixplant.com\/cs\/stroje\/dvojlis-pro-termoformovani\/\">\n\t\t\t\t\t<div class=\"single_child_box single_elem_box\">\n\t\t\t\t\t\t<div class=\"single_child_data single_elem_data\">\n\t\t\t\t\t\t\t<div>\n\t\t\t\t\t\t\t\t<img decoding=\"async\" src=\"https:\/\/www.pumixplant.com\/wp-content\/uploads\/2021\/01\/01.-Thermoforming-Presses-Copia-600x500.jpg\">\n\t\t\t\t\t\t\t<\/div>\n\t\t\t\t\t\t<\/div>\n                        <div class=\"single_child_title single_elem_title filter_single_obj_title\">DVOJLIS pro TERMOFORMOV\u00c1N\u00cd<\/div>\n\t\t\t\t\t<\/div>\n\t\t\t\t\t\n\t\t\t\t<\/a>\n\t\t\t<\/div>\n\t\t\t\t\t\t<div class=\"single_child_post single_elem_rip filter_single_obj  filter-thermoforming-cs col-12 col-md-6 col-lg-4\">\n\t\t\t\t<a class=\"filter_single_obj_link\" href=\"https:\/\/www.pumixplant.com\/cs\/stroje\/lisy-pro-kontinualni-termoformovani\/\">\n\t\t\t\t\t<div class=\"single_child_box single_elem_box\">\n\t\t\t\t\t\t<div class=\"single_child_data single_elem_data\">\n\t\t\t\t\t\t\t<div>\n\t\t\t\t\t\t\t\t<img decoding=\"async\" src=\"https:\/\/www.pumixplant.com\/wp-content\/uploads\/2021\/01\/PTC-Avatar-4252x3189-Copia-600x500.jpg\">\n\t\t\t\t\t\t\t<\/div>\n\t\t\t\t\t\t<\/div>\n                        <div class=\"single_child_title single_elem_title filter_single_obj_title\">LISY pro KONTINU\u00c1LN\u00cd TERMOFORMOV\u00c1N\u00cd<\/div>\n\t\t\t\t\t<\/div>\n\t\t\t\t\t\n\t\t\t\t<\/a>\n\t\t\t<\/div>\n\t\t\t\t\t\t<div class=\"single_child_post single_elem_rip filter_single_obj  filter-foam-cs col-12 col-md-6 col-lg-4\">\n\t\t\t\t<a class=\"filter_single_obj_link\" href=\"https:\/\/www.pumixplant.com\/cs\/stroje\/stroje-na-davkovani-michani-a-liti-polyuretanove-peny-vysokotlake-penici-stroje\/\">\n\t\t\t\t\t<div class=\"single_child_box single_elem_box\">\n\t\t\t\t\t\t<div class=\"single_child_data single_elem_data\">\n\t\t\t\t\t\t\t<div>\n\t\t\t\t\t\t\t\t<img decoding=\"async\" src=\"https:\/\/www.pumixplant.com\/wp-content\/uploads\/2021\/01\/PUMIX_foam_plant_casting_high-pressure_mixing-head_supporting-arm_tank_chiller_automotive-600x500.jpg\">\n\t\t\t\t\t\t\t<\/div>\n\t\t\t\t\t\t<\/div>\n                        <div class=\"single_child_title single_elem_title filter_single_obj_title\">STROJE NA D\u00c1VKOV\u00c1N\u00cd, M\u00cdCH\u00c1N\u00cd A LIT\u00cd POLYURETANOV\u00c9 P\u011aNY VYSOKOTLAK\u00c9 P\u011aN\u00cdC\u00cd STROJE<\/div>\n\t\t\t\t\t<\/div>\n\t\t\t\t\t\n\t\t\t\t<\/a>\n\t\t\t<\/div>\n\t\t\t\t\t\t<div class=\"single_child_post single_elem_rip filter_single_obj  filter-foam-cs col-12 col-md-6 col-lg-4\">\n\t\t\t\t<a class=\"filter_single_obj_link\" href=\"https:\/\/www.pumixplant.com\/cs\/stroje\/stroje-na-davkovani-michani-a-liti-polyuretanove-peny-nizkotlake-penici-stroje\/\">\n\t\t\t\t\t<div class=\"single_child_box single_elem_box\">\n\t\t\t\t\t\t<div class=\"single_child_data single_elem_data\">\n\t\t\t\t\t\t\t<div>\n\t\t\t\t\t\t\t\t<img decoding=\"async\" src=\"https:\/\/www.pumixplant.com\/wp-content\/uploads\/2021\/01\/PUMIX_foam_machine_casting_low-pressure_mixing-head_supporting-arm_1-600x500.jpg\">\n\t\t\t\t\t\t\t<\/div>\n\t\t\t\t\t\t<\/div>\n                        <div class=\"single_child_title single_elem_title filter_single_obj_title\">STROJE NA D\u00c1VKOV\u00c1N\u00cd, M\u00cdCH\u00c1N\u00cd A LIT\u00cd POLYURETANOV\u00c9 P\u011aNY N\u00cdZKOTLAK\u00c9 P\u011aN\u00cdC\u00cd STROJE<\/div>\n\t\t\t\t\t<\/div>\n\t\t\t\t\t\n\t\t\t\t<\/a>\n\t\t\t<\/div>\n\t\t\t\t\t\t<div class=\"single_child_post single_elem_rip filter_single_obj  filter-gel-cs col-12 col-md-6 col-lg-4\">\n\t\t\t\t<a class=\"filter_single_obj_link\" href=\"https:\/\/www.pumixplant.com\/cs\/stroje\/stroj-na-liti-polyuretanoveho-gelu-model-compact-mix-a-gel-mix\/\">\n\t\t\t\t\t<div class=\"single_child_box single_elem_box\">\n\t\t\t\t\t\t<div class=\"single_child_data single_elem_data\">\n\t\t\t\t\t\t\t<div>\n\t\t\t\t\t\t\t\t<img decoding=\"async\" src=\"https:\/\/www.pumixplant.com\/wp-content\/uploads\/2021\/01\/PUMIX_gel_machine_casting_heating-table-600x500.jpg\">\n\t\t\t\t\t\t\t<\/div>\n\t\t\t\t\t\t<\/div>\n                        <div class=\"single_child_title single_elem_title filter_single_obj_title\">STROJ NA LIT\u00cd POLYURETANOV\u00c9HO GELU Model: COMPACT MIX a GEL MIX<\/div>\n\t\t\t\t\t<\/div>\n\t\t\t\t\t\n\t\t\t\t<\/a>\n\t\t\t<\/div>\n\t\t\t\t\t\t<div class=\"single_child_post single_elem_rip filter_single_obj  filter-elastomers-cs col-12 col-md-6 col-lg-4\">\n\t\t\t\t<a class=\"filter_single_obj_link\" href=\"https:\/\/www.pumixplant.com\/cs\/stroje\/ribbon-flow\/\">\n\t\t\t\t\t<div class=\"single_child_box single_elem_box\">\n\t\t\t\t\t\t<div class=\"single_child_data single_elem_data\">\n\t\t\t\t\t\t\t<div>\n\t\t\t\t\t\t\t\t<img decoding=\"async\" src=\"https:\/\/www.pumixplant.com\/wp-content\/uploads\/2021\/01\/PUMIX_elastomer_machine_casting_ribbon-flow_1-600x500.jpg\">\n\t\t\t\t\t\t\t<\/div>\n\t\t\t\t\t\t<\/div>\n                        <div class=\"single_child_title single_elem_title filter_single_obj_title\">RIBBON FLOW<\/div>\n\t\t\t\t\t<\/div>\n\t\t\t\t\t\n\t\t\t\t<\/a>\n\t\t\t<\/div>\n\t\t\t\t\t\t<div class=\"single_child_post single_elem_rip filter_single_obj  filter-elastomers-cs col-12 col-md-6 col-lg-4\">\n\t\t\t\t<a class=\"filter_single_obj_link\" href=\"https:\/\/www.pumixplant.com\/cs\/stroje\/lici-stroje-na-polyuretanove-elastomery-model-elastomix\/\">\n\t\t\t\t\t<div class=\"single_child_box single_elem_box\">\n\t\t\t\t\t\t<div class=\"single_child_data single_elem_data\">\n\t\t\t\t\t\t\t<div>\n\t\t\t\t\t\t\t\t<img decoding=\"async\" src=\"https:\/\/www.pumixplant.com\/wp-content\/uploads\/2021\/01\/PUMIX_elastomer_machine_casting_9-4-600x500.jpg\">\n\t\t\t\t\t\t\t<\/div>\n\t\t\t\t\t\t<\/div>\n                        <div class=\"single_child_title single_elem_title filter_single_obj_title\">LIC\u00cd STROJE NA POLYURETANOV\u00c9 ELASTOMERY Model: ELASTOMIX<\/div>\n\t\t\t\t\t<\/div>\n\t\t\t\t\t\n\t\t\t\t<\/a>\n\t\t\t<\/div>\n\t\t\t\t\t<\/div>\n\t<\/div>\n\t<\/div>\n<script>\nwindow.addEventListener('load', function ()\n{\nvar grid = jQuery('.item_list_wrapper_row').isotope(\n    {\n    itemSelector: '.filter_single_obj',\n    });\njQuery('.item_filter_list>div').on( 'click', function()\n    {\n    var filterValue = jQuery(this).attr('data-filter');\n    grid.isotope({ filter: filterValue });\n    jQuery('.item_filter_list>div').removeClass('is-checked');\n    jQuery(this).addClass('is-checked');\n    console.log(filterValue);\n    });\n});\n<\/script>\n<\/div><\/div>\n","protected":false},"excerpt":{"rendered":"","protected":false},"author":6,"featured_media":9434,"parent":0,"menu_order":0,"comment_status":"closed","ping_status":"closed","template":"","meta":{"_acf_changed":false,"footnotes":""},"class_list":["post-10271","page","type-page","status-publish","has-post-thumbnail","hentry"],"acf":[],"yoast_head":"<title>Stroje - PU MIX Technologies S.r.l.<\/title>\n<meta name=\"robots\" content=\"index, follow, max-snippet:-1, max-image-preview:large, max-video-preview:-1\" \/>\n<link rel=\"canonical\" href=\"https:\/\/www.pumixplant.com\/cs\/stroje\/\" \/>\n<meta property=\"og:locale\" content=\"cs_CZ\" \/>\n<meta property=\"og:type\" content=\"article\" \/>\n<meta property=\"og:title\" content=\"Stroje - PU MIX Technologies S.r.l.\" \/>\n<meta property=\"og:url\" content=\"https:\/\/www.pumixplant.com\/cs\/stroje\/\" \/>\n<meta property=\"og:site_name\" content=\"PU MIX Technologies S.r.l.\" \/>\n<meta property=\"article:publisher\" content=\"https:\/\/www.facebook.com\/pumix.technologies\" \/>\n<meta property=\"article:modified_time\" content=\"2025-10-23T07:57:54+00:00\" \/>\n<meta property=\"og:image\" content=\"https:\/\/www.pumixplant.com\/wp-content\/uploads\/2021\/03\/PUMIX-machines-header-3.jpg\" \/>\n\t<meta property=\"og:image:width\" content=\"1440\" \/>\n\t<meta property=\"og:image:height\" content=\"1080\" \/>\n\t<meta property=\"og:image:type\" content=\"image\/jpeg\" \/>\n<meta name=\"twitter:card\" content=\"summary_large_image\" \/>\n<meta name=\"twitter:label1\" content=\"Odhadovan\u00e1 doba \u010dten\u00ed\" \/>\n\t<meta name=\"twitter:data1\" content=\"1 minuta\" \/>\n<script type=\"application\/ld+json\" class=\"yoast-schema-graph\">{\"@context\":\"https:\/\/schema.org\",\"@graph\":[{\"@type\":\"WebPage\",\"@id\":\"https:\/\/www.pumixplant.com\/cs\/stroje\/\",\"url\":\"https:\/\/www.pumixplant.com\/cs\/stroje\/\",\"name\":\"Stroje - PU MIX Technologies S.r.l.\",\"isPartOf\":{\"@id\":\"https:\/\/www.pumixplant.com\/cs\/#website\"},\"primaryImageOfPage\":{\"@id\":\"https:\/\/www.pumixplant.com\/cs\/stroje\/#primaryimage\"},\"image\":{\"@id\":\"https:\/\/www.pumixplant.com\/cs\/stroje\/#primaryimage\"},\"thumbnailUrl\":\"https:\/\/www.pumixplant.com\/wp-content\/uploads\/2021\/03\/PUMIX-machines-header-3.jpg\",\"datePublished\":\"2021-01-11T10:38:39+00:00\",\"dateModified\":\"2025-10-23T07:57:54+00:00\",\"breadcrumb\":{\"@id\":\"https:\/\/www.pumixplant.com\/cs\/stroje\/#breadcrumb\"},\"inLanguage\":\"cs\",\"potentialAction\":[{\"@type\":\"ReadAction\",\"target\":[\"https:\/\/www.pumixplant.com\/cs\/stroje\/\"]}]},{\"@type\":\"ImageObject\",\"inLanguage\":\"cs\",\"@id\":\"https:\/\/www.pumixplant.com\/cs\/stroje\/#primaryimage\",\"url\":\"https:\/\/www.pumixplant.com\/wp-content\/uploads\/2021\/03\/PUMIX-machines-header-3.jpg\",\"contentUrl\":\"https:\/\/www.pumixplant.com\/wp-content\/uploads\/2021\/03\/PUMIX-machines-header-3.jpg\",\"width\":1440,\"height\":1080},{\"@type\":\"BreadcrumbList\",\"@id\":\"https:\/\/www.pumixplant.com\/cs\/stroje\/#breadcrumb\",\"itemListElement\":[{\"@type\":\"ListItem\",\"position\":1,\"name\":\"Home\",\"item\":\"https:\/\/www.pumixplant.com\/cs\/\"},{\"@type\":\"ListItem\",\"position\":2,\"name\":\"Stroje\"}]},{\"@type\":\"WebSite\",\"@id\":\"https:\/\/www.pumixplant.com\/cs\/#website\",\"url\":\"https:\/\/www.pumixplant.com\/cs\/\",\"name\":\"PU MIX Technologies S.r.l.\",\"description\":\"\",\"publisher\":{\"@id\":\"https:\/\/www.pumixplant.com\/cs\/#organization\"},\"potentialAction\":[{\"@type\":\"SearchAction\",\"target\":{\"@type\":\"EntryPoint\",\"urlTemplate\":\"https:\/\/www.pumixplant.com\/cs\/?s={search_term_string}\"},\"query-input\":{\"@type\":\"PropertyValueSpecification\",\"valueRequired\":true,\"valueName\":\"search_term_string\"}}],\"inLanguage\":\"cs\"},{\"@type\":\"Organization\",\"@id\":\"https:\/\/www.pumixplant.com\/cs\/#organization\",\"name\":\"PU MIX Technologies S.r.l.\",\"url\":\"https:\/\/www.pumixplant.com\/cs\/\",\"logo\":{\"@type\":\"ImageObject\",\"inLanguage\":\"cs\",\"@id\":\"https:\/\/www.pumixplant.com\/cs\/#\/schema\/logo\/image\/\",\"url\":\"https:\/\/www.pumixplant.com\/wp-content\/uploads\/2019\/02\/logo-pumix.jpg\",\"contentUrl\":\"https:\/\/www.pumixplant.com\/wp-content\/uploads\/2019\/02\/logo-pumix.jpg\",\"width\":420,\"height\":500,\"caption\":\"PU MIX Technologies S.r.l.\"},\"image\":{\"@id\":\"https:\/\/www.pumixplant.com\/cs\/#\/schema\/logo\/image\/\"},\"sameAs\":[\"https:\/\/www.facebook.com\/pumix.technologies\",\"https:\/\/www.linkedin.com\/company\/pu-mix-technologies-s.r.l.\/about\/\",\"https:\/\/www.youtube.com\/channel\/UCE6oMWBtW9k6Ea9yosxr-oA\"]}]}<\/script>","yoast_head_json":{"title":"Stroje - PU MIX Technologies S.r.l.","robots":{"index":"index","follow":"follow","max-snippet":"max-snippet:-1","max-image-preview":"max-image-preview:large","max-video-preview":"max-video-preview:-1"},"canonical":"https:\/\/www.pumixplant.com\/cs\/stroje\/","og_locale":"cs_CZ","og_type":"article","og_title":"Stroje - PU MIX Technologies S.r.l.","og_url":"https:\/\/www.pumixplant.com\/cs\/stroje\/","og_site_name":"PU MIX Technologies S.r.l.","article_publisher":"https:\/\/www.facebook.com\/pumix.technologies","article_modified_time":"2025-10-23T07:57:54+00:00","og_image":[{"width":1440,"height":1080,"url":"https:\/\/www.pumixplant.com\/wp-content\/uploads\/2021\/03\/PUMIX-machines-header-3.jpg","type":"image\/jpeg"}],"twitter_card":"summary_large_image","twitter_misc":{"Odhadovan\u00e1 doba \u010dten\u00ed":"1 minuta"},"schema":{"@context":"https:\/\/schema.org","@graph":[{"@type":"WebPage","@id":"https:\/\/www.pumixplant.com\/cs\/stroje\/","url":"https:\/\/www.pumixplant.com\/cs\/stroje\/","name":"Stroje - PU MIX Technologies S.r.l.","isPartOf":{"@id":"https:\/\/www.pumixplant.com\/cs\/#website"},"primaryImageOfPage":{"@id":"https:\/\/www.pumixplant.com\/cs\/stroje\/#primaryimage"},"image":{"@id":"https:\/\/www.pumixplant.com\/cs\/stroje\/#primaryimage"},"thumbnailUrl":"https:\/\/www.pumixplant.com\/wp-content\/uploads\/2021\/03\/PUMIX-machines-header-3.jpg","datePublished":"2021-01-11T10:38:39+00:00","dateModified":"2025-10-23T07:57:54+00:00","breadcrumb":{"@id":"https:\/\/www.pumixplant.com\/cs\/stroje\/#breadcrumb"},"inLanguage":"cs","potentialAction":[{"@type":"ReadAction","target":["https:\/\/www.pumixplant.com\/cs\/stroje\/"]}]},{"@type":"ImageObject","inLanguage":"cs","@id":"https:\/\/www.pumixplant.com\/cs\/stroje\/#primaryimage","url":"https:\/\/www.pumixplant.com\/wp-content\/uploads\/2021\/03\/PUMIX-machines-header-3.jpg","contentUrl":"https:\/\/www.pumixplant.com\/wp-content\/uploads\/2021\/03\/PUMIX-machines-header-3.jpg","width":1440,"height":1080},{"@type":"BreadcrumbList","@id":"https:\/\/www.pumixplant.com\/cs\/stroje\/#breadcrumb","itemListElement":[{"@type":"ListItem","position":1,"name":"Home","item":"https:\/\/www.pumixplant.com\/cs\/"},{"@type":"ListItem","position":2,"name":"Stroje"}]},{"@type":"WebSite","@id":"https:\/\/www.pumixplant.com\/cs\/#website","url":"https:\/\/www.pumixplant.com\/cs\/","name":"PU MIX Technologies S.r.l.","description":"","publisher":{"@id":"https:\/\/www.pumixplant.com\/cs\/#organization"},"potentialAction":[{"@type":"SearchAction","target":{"@type":"EntryPoint","urlTemplate":"https:\/\/www.pumixplant.com\/cs\/?s={search_term_string}"},"query-input":{"@type":"PropertyValueSpecification","valueRequired":true,"valueName":"search_term_string"}}],"inLanguage":"cs"},{"@type":"Organization","@id":"https:\/\/www.pumixplant.com\/cs\/#organization","name":"PU MIX Technologies S.r.l.","url":"https:\/\/www.pumixplant.com\/cs\/","logo":{"@type":"ImageObject","inLanguage":"cs","@id":"https:\/\/www.pumixplant.com\/cs\/#\/schema\/logo\/image\/","url":"https:\/\/www.pumixplant.com\/wp-content\/uploads\/2019\/02\/logo-pumix.jpg","contentUrl":"https:\/\/www.pumixplant.com\/wp-content\/uploads\/2019\/02\/logo-pumix.jpg","width":420,"height":500,"caption":"PU MIX Technologies S.r.l."},"image":{"@id":"https:\/\/www.pumixplant.com\/cs\/#\/schema\/logo\/image\/"},"sameAs":["https:\/\/www.facebook.com\/pumix.technologies","https:\/\/www.linkedin.com\/company\/pu-mix-technologies-s.r.l.\/about\/","https:\/\/www.youtube.com\/channel\/UCE6oMWBtW9k6Ea9yosxr-oA"]}]}},"_links":{"self":[{"href":"https:\/\/www.pumixplant.com\/cs\/wp-json\/wp\/v2\/pages\/10271","targetHints":{"allow":["GET"]}}],"collection":[{"href":"https:\/\/www.pumixplant.com\/cs\/wp-json\/wp\/v2\/pages"}],"about":[{"href":"https:\/\/www.pumixplant.com\/cs\/wp-json\/wp\/v2\/types\/page"}],"author":[{"embeddable":true,"href":"https:\/\/www.pumixplant.com\/cs\/wp-json\/wp\/v2\/users\/6"}],"replies":[{"embeddable":true,"href":"https:\/\/www.pumixplant.com\/cs\/wp-json\/wp\/v2\/comments?post=10271"}],"version-history":[{"count":1,"href":"https:\/\/www.pumixplant.com\/cs\/wp-json\/wp\/v2\/pages\/10271\/revisions"}],"predecessor-version":[{"id":10524,"href":"https:\/\/www.pumixplant.com\/cs\/wp-json\/wp\/v2\/pages\/10271\/revisions\/10524"}],"wp:featuredmedia":[{"embeddable":true,"href":"https:\/\/www.pumixplant.com\/cs\/wp-json\/wp\/v2\/media\/9434"}],"wp:attachment":[{"href":"https:\/\/www.pumixplant.com\/cs\/wp-json\/wp\/v2\/media?parent=10271"}],"curies":[{"name":"wp","href":"https:\/\/api.w.org\/{rel}","templated":true}]}}