{"id":10277,"date":"2019-02-04T12:18:32","date_gmt":"2019-02-04T11:18:32","guid":{"rendered":"https:\/\/www.pumixplant.com\/pagina-di-esempio\/"},"modified":"2025-10-23T11:09:06","modified_gmt":"2025-10-23T09:09:06","slug":"pagina-di-esempio","status":"publish","type":"page","link":"https:\/\/www.pumixplant.com\/cs\/","title":{"rendered":"Homepage"},"content":{"rendered":"\n<div class=\"wp-block-group container\"><div class=\"wp-block-group__inner-container is-layout-flow wp-block-group-is-layout-flow\">\n<div style=\"height:50px\" aria-hidden=\"true\" class=\"wp-block-spacer\"><\/div>\n\n\n\n<p class=\"has-text-align-center focus_title\" style=\"font-size:45px\">la nostra tecnologia per:<\/p>\n\n\n\n<div style=\"height:50px\" aria-hidden=\"true\" class=\"wp-block-spacer\"><\/div>\n\n\n<div id=\"homepage_categorires_box\" class=\"boxed_elem_rip_wrapper\">\n\t<div class=\"elem_rip_column elem_rip_column_1\">\n\t\t\t\t<div class=\"single_elem_rip\">\n\t\t\t<a href=\"https:\/\/www.pumixplant.com\/cs\/stroje\/\">\n\t\t\t\t<div class=\"single_elem_box\">\n\t\t\t\t\t<div class=\"single_elem_data\">\n\t\t\t\t\t\t<div>\n\t\t\t\t\t\t<img decoding=\"async\" src=\"https:\/\/www.pumixplant.com\/wp-content\/uploads\/2021\/01\/PUMIX_elastomer_machine_casting_17.jpg\">\n\t\t\t\t\t\t<div class=\"single_elem_title\">Stroje<\/div>\n\t\t\t\t\t\t<div class=\"single_elem_descr\"><\/div>\n\t\t\t\t\t\t<\/div>\n\t\t\t\t\t<\/div>\n\t\t\t\t\t\n\t\t\t\t<\/div>\n\t\t\t<\/a>\n\t\t<\/div>\n\t\t\t\t<div class=\"single_elem_rip\">\n\t\t\t<a href=\"https:\/\/www.pumixplant.com\/cs\/vybaveni\/\">\n\t\t\t\t<div class=\"single_elem_box\">\n\t\t\t\t\t<div class=\"single_elem_data\">\n\t\t\t\t\t\t<div>\n\t\t\t\t\t\t<img decoding=\"async\" src=\"https:\/\/www.pumixplant.com\/wp-content\/uploads\/2021\/03\/PUMIX_equipment_rotating_preheating_dynamic_oven_drums_pails.jpg\">\n\t\t\t\t\t\t<div class=\"single_elem_title\">Vybaven\u00ed<\/div>\n\t\t\t\t\t\t<div class=\"single_elem_descr\"><\/div>\n\t\t\t\t\t\t<\/div>\n\t\t\t\t\t<\/div>\n\t\t\t\t\t\n\t\t\t\t<\/div>\n\t\t\t<\/a>\n\t\t<\/div>\n\t\t\t<\/div>\n\t<div class=\"elem_rip_column elem_rip_column_2\">\n\t\t\t\t<div class=\"single_elem_rip\">\n\t\t\t<a href=\"https:\/\/www.pumixplant.com\/cs\/systemy\/\">\n\t\t\t\t<div class=\"single_elem_box\">\n\t\t\t\t\t<div class=\"single_elem_data\">\n\t\t\t\t\t\t<div>\n\t\t\t\t\t\t<img decoding=\"async\" src=\"https:\/\/www.pumixplant.com\/wp-content\/uploads\/2021\/01\/Foto-13-03-19-10-38-52-Copia.jpg\">\n\t\t\t\t\t\t<div class=\"single_elem_title\">Syst\u00e9my<\/div>\n\t\t\t\t\t\t<div class=\"single_elem_descr\"><\/div>\n\t\t\t\t\t\t<\/div>\n\t\t\t\t\t<\/div>\n\t\t\t\t\t\n\t\t\t\t<\/div>\n\t\t\t<\/a>\n\t\t<\/div>\n\t\t\t\t<div class=\"single_elem_rip\">\n\t\t\t<a href=\"https:\/\/www.pumixplant.com\/cs\/application-areas-archive\/\">\n\t\t\t\t<div class=\"single_elem_box\">\n\t\t\t\t\t<div class=\"single_elem_data\">\n\t\t\t\t\t\t<div>\n\t\t\t\t\t\t<img decoding=\"async\" src=\"https:\/\/www.pumixplant.com\/wp-content\/uploads\/2019\/02\/slide1.jpg\">\n\t\t\t\t\t\t<div class=\"single_elem_title\">Odv\u011btv\u00ed aplikac\u00ed<\/div>\n\t\t\t\t\t\t<div class=\"single_elem_descr\"><\/div>\n\t\t\t\t\t\t<\/div>\n\t\t\t\t\t<\/div>\n\t\t\t\t\t\n\t\t\t\t<\/div>\n\t\t\t<\/a>\n\t\t<\/div>\n\t\t\t<\/div>\n<\/div>\n<\/div><\/div>\n\n\n\n<div class=\"wp-block-group has-very-light-gray-background-color has-background\"><div class=\"wp-block-group__inner-container is-layout-flow wp-block-group-is-layout-flow\">\n<div class=\"wp-block-media-text alignwide has-media-on-the-right is-stacked-on-mobile\"><div class=\"wp-block-media-text__content\">\n<p class=\"focus_subtitle has-text-color\" style=\"color:#898989;font-size:24px\">Kdo jsme<\/p>\n\n\n\n<p class=\"focus_title\" style=\"font-size:45px\">PU MIX TECHNOLOGIES<\/p>\n\n\n\n<p>Spole\u010dnost PU MIX Technologies byla zalo\u017eena s c\u00edlem uspokojit pot\u0159eby klient\u016f, kte\u0159\u00ed maj\u00ed z\u00e1jem o inovativn\u00ed high-tech \u0159e\u0161en\u00ed v pr\u016fmyslu polyuretanov\u00fdch v\u00fdrobk\u016f.<\/p>\n\n\n\n<div class=\"wp-block-button btnTipo1\"><a class=\"wp-block-button__link wp-element-button\" href=\"https:\/\/www.pumixplant.com\/cs\/kdo-jsme\/\">P\u0159e\u010dt\u011bte si v\u00edce<\/a><\/div>\n<\/div><figure class=\"wp-block-media-text__media\"><img loading=\"lazy\" decoding=\"async\" width=\"1200\" height=\"900\" src=\"https:\/\/www.pumixplant.com\/wp-content\/uploads\/2019\/02\/PUMIX-Technologies-1200x900.jpg\" alt=\"\" class=\"wp-image-98 size-full\" srcset=\"https:\/\/www.pumixplant.com\/wp-content\/uploads\/2019\/02\/PUMIX-Technologies-1200x900.jpg 1200w, https:\/\/www.pumixplant.com\/wp-content\/uploads\/2019\/02\/PUMIX-Technologies-800x600.jpg 800w, https:\/\/www.pumixplant.com\/wp-content\/uploads\/2019\/02\/PUMIX-Technologies-768x576.jpg 768w, https:\/\/www.pumixplant.com\/wp-content\/uploads\/2019\/02\/PUMIX-Technologies.jpg 1440w\" sizes=\"auto, (max-width: 1200px) 100vw, 1200px\" \/><\/figure><\/div>\n<\/div><\/div>\n","protected":false},"excerpt":{"rendered":"<p>la nostra tecnologia per: Kdo jsme PU MIX TECHNOLOGIES Spole\u010dnost PU MIX Technologies byla zalo\u017eena s c\u00edlem uspokojit pot\u0159eby klient\u016f, kte\u0159\u00ed maj\u00ed z\u00e1jem o inovativn\u00ed high-tech \u0159e\u0161en\u00ed v pr\u016fmyslu polyuretanov\u00fdch v\u00fdrobk\u016f.<\/p>\n","protected":false},"author":6,"featured_media":0,"parent":0,"menu_order":0,"comment_status":"closed","ping_status":"open","template":"","meta":{"_acf_changed":false,"footnotes":""},"class_list":["post-10277","page","type-page","status-publish","hentry"],"acf":[],"yoast_head":"<title>Homepage - PU MIX Technologies S.r.l.<\/title>\n<meta name=\"robots\" content=\"index, follow, max-snippet:-1, max-image-preview:large, max-video-preview:-1\" \/>\n<link rel=\"canonical\" href=\"https:\/\/www.pumixplant.com\/cs\/\" \/>\n<meta property=\"og:locale\" content=\"cs_CZ\" \/>\n<meta property=\"og:type\" content=\"article\" \/>\n<meta property=\"og:title\" content=\"Homepage - PU MIX Technologies S.r.l.\" \/>\n<meta property=\"og:description\" content=\"la nostra tecnologia per: Kdo jsme PU MIX TECHNOLOGIES Spole\u010dnost PU MIX Technologies byla zalo\u017eena s c\u00edlem uspokojit pot\u0159eby klient\u016f, kte\u0159\u00ed maj\u00ed z\u00e1jem o inovativn\u00ed high-tech \u0159e\u0161en\u00ed v pr\u016fmyslu polyuretanov\u00fdch v\u00fdrobk\u016f.\" \/>\n<meta property=\"og:url\" content=\"https:\/\/www.pumixplant.com\/cs\/\" \/>\n<meta property=\"og:site_name\" content=\"PU MIX Technologies S.r.l.\" \/>\n<meta property=\"article:publisher\" content=\"https:\/\/www.facebook.com\/pumix.technologies\" \/>\n<meta property=\"article:modified_time\" content=\"2025-10-23T09:09:06+00:00\" \/>\n<meta property=\"og:image\" content=\"https:\/\/www.pumixplant.com\/wp-content\/uploads\/2019\/02\/PUMIX-Technologies-1200x900.jpg\" \/>\n<meta name=\"twitter:card\" content=\"summary_large_image\" \/>\n<meta name=\"twitter:label1\" content=\"Odhadovan\u00e1 doba \u010dten\u00ed\" \/>\n\t<meta name=\"twitter:data1\" content=\"1 minuta\" \/>\n<script type=\"application\/ld+json\" class=\"yoast-schema-graph\">{\"@context\":\"https:\/\/schema.org\",\"@graph\":[{\"@type\":\"WebPage\",\"@id\":\"https:\/\/www.pumixplant.com\/cs\/\",\"url\":\"https:\/\/www.pumixplant.com\/cs\/\",\"name\":\"Homepage - PU MIX Technologies S.r.l.\",\"isPartOf\":{\"@id\":\"https:\/\/www.pumixplant.com\/cs\/#website\"},\"primaryImageOfPage\":{\"@id\":\"https:\/\/www.pumixplant.com\/cs\/#primaryimage\"},\"image\":{\"@id\":\"https:\/\/www.pumixplant.com\/cs\/#primaryimage\"},\"thumbnailUrl\":\"https:\/\/www.pumixplant.com\/wp-content\/uploads\/2019\/02\/PUMIX-Technologies-1200x900.jpg\",\"datePublished\":\"2019-02-04T11:18:32+00:00\",\"dateModified\":\"2025-10-23T09:09:06+00:00\",\"breadcrumb\":{\"@id\":\"https:\/\/www.pumixplant.com\/cs\/#breadcrumb\"},\"inLanguage\":\"cs\",\"potentialAction\":[{\"@type\":\"ReadAction\",\"target\":[\"https:\/\/www.pumixplant.com\/cs\/\"]}]},{\"@type\":\"ImageObject\",\"inLanguage\":\"cs\",\"@id\":\"https:\/\/www.pumixplant.com\/cs\/#primaryimage\",\"url\":\"https:\/\/www.pumixplant.com\/wp-content\/uploads\/2019\/02\/PUMIX-Technologies-1200x900.jpg\",\"contentUrl\":\"https:\/\/www.pumixplant.com\/wp-content\/uploads\/2019\/02\/PUMIX-Technologies-1200x900.jpg\"},{\"@type\":\"BreadcrumbList\",\"@id\":\"https:\/\/www.pumixplant.com\/cs\/#breadcrumb\",\"itemListElement\":[{\"@type\":\"ListItem\",\"position\":1,\"name\":\"Home\",\"item\":\"https:\/\/www.pumixplant.com\/cs\/\"},{\"@type\":\"ListItem\",\"position\":2,\"name\":\"Homepage\"}]},{\"@type\":\"WebSite\",\"@id\":\"https:\/\/www.pumixplant.com\/cs\/#website\",\"url\":\"https:\/\/www.pumixplant.com\/cs\/\",\"name\":\"PU MIX Technologies S.r.l.\",\"description\":\"\",\"publisher\":{\"@id\":\"https:\/\/www.pumixplant.com\/cs\/#organization\"},\"potentialAction\":[{\"@type\":\"SearchAction\",\"target\":{\"@type\":\"EntryPoint\",\"urlTemplate\":\"https:\/\/www.pumixplant.com\/cs\/?s={search_term_string}\"},\"query-input\":{\"@type\":\"PropertyValueSpecification\",\"valueRequired\":true,\"valueName\":\"search_term_string\"}}],\"inLanguage\":\"cs\"},{\"@type\":\"Organization\",\"@id\":\"https:\/\/www.pumixplant.com\/cs\/#organization\",\"name\":\"PU MIX Technologies S.r.l.\",\"url\":\"https:\/\/www.pumixplant.com\/cs\/\",\"logo\":{\"@type\":\"ImageObject\",\"inLanguage\":\"cs\",\"@id\":\"https:\/\/www.pumixplant.com\/cs\/#\/schema\/logo\/image\/\",\"url\":\"https:\/\/www.pumixplant.com\/wp-content\/uploads\/2019\/02\/logo-pumix.jpg\",\"contentUrl\":\"https:\/\/www.pumixplant.com\/wp-content\/uploads\/2019\/02\/logo-pumix.jpg\",\"width\":420,\"height\":500,\"caption\":\"PU MIX Technologies S.r.l.\"},\"image\":{\"@id\":\"https:\/\/www.pumixplant.com\/cs\/#\/schema\/logo\/image\/\"},\"sameAs\":[\"https:\/\/www.facebook.com\/pumix.technologies\",\"https:\/\/www.linkedin.com\/company\/pu-mix-technologies-s.r.l.\/about\/\",\"https:\/\/www.youtube.com\/channel\/UCE6oMWBtW9k6Ea9yosxr-oA\"]}]}<\/script>","yoast_head_json":{"title":"Homepage - PU MIX Technologies S.r.l.","robots":{"index":"index","follow":"follow","max-snippet":"max-snippet:-1","max-image-preview":"max-image-preview:large","max-video-preview":"max-video-preview:-1"},"canonical":"https:\/\/www.pumixplant.com\/cs\/","og_locale":"cs_CZ","og_type":"article","og_title":"Homepage - PU MIX Technologies S.r.l.","og_description":"la nostra tecnologia per: Kdo jsme PU MIX TECHNOLOGIES Spole\u010dnost PU MIX Technologies byla zalo\u017eena s c\u00edlem uspokojit pot\u0159eby klient\u016f, kte\u0159\u00ed maj\u00ed z\u00e1jem o inovativn\u00ed high-tech \u0159e\u0161en\u00ed v pr\u016fmyslu polyuretanov\u00fdch v\u00fdrobk\u016f.","og_url":"https:\/\/www.pumixplant.com\/cs\/","og_site_name":"PU MIX Technologies S.r.l.","article_publisher":"https:\/\/www.facebook.com\/pumix.technologies","article_modified_time":"2025-10-23T09:09:06+00:00","og_image":[{"url":"https:\/\/www.pumixplant.com\/wp-content\/uploads\/2019\/02\/PUMIX-Technologies-1200x900.jpg","type":"","width":"","height":""}],"twitter_card":"summary_large_image","twitter_misc":{"Odhadovan\u00e1 doba \u010dten\u00ed":"1 minuta"},"schema":{"@context":"https:\/\/schema.org","@graph":[{"@type":"WebPage","@id":"https:\/\/www.pumixplant.com\/cs\/","url":"https:\/\/www.pumixplant.com\/cs\/","name":"Homepage - PU MIX Technologies S.r.l.","isPartOf":{"@id":"https:\/\/www.pumixplant.com\/cs\/#website"},"primaryImageOfPage":{"@id":"https:\/\/www.pumixplant.com\/cs\/#primaryimage"},"image":{"@id":"https:\/\/www.pumixplant.com\/cs\/#primaryimage"},"thumbnailUrl":"https:\/\/www.pumixplant.com\/wp-content\/uploads\/2019\/02\/PUMIX-Technologies-1200x900.jpg","datePublished":"2019-02-04T11:18:32+00:00","dateModified":"2025-10-23T09:09:06+00:00","breadcrumb":{"@id":"https:\/\/www.pumixplant.com\/cs\/#breadcrumb"},"inLanguage":"cs","potentialAction":[{"@type":"ReadAction","target":["https:\/\/www.pumixplant.com\/cs\/"]}]},{"@type":"ImageObject","inLanguage":"cs","@id":"https:\/\/www.pumixplant.com\/cs\/#primaryimage","url":"https:\/\/www.pumixplant.com\/wp-content\/uploads\/2019\/02\/PUMIX-Technologies-1200x900.jpg","contentUrl":"https:\/\/www.pumixplant.com\/wp-content\/uploads\/2019\/02\/PUMIX-Technologies-1200x900.jpg"},{"@type":"BreadcrumbList","@id":"https:\/\/www.pumixplant.com\/cs\/#breadcrumb","itemListElement":[{"@type":"ListItem","position":1,"name":"Home","item":"https:\/\/www.pumixplant.com\/cs\/"},{"@type":"ListItem","position":2,"name":"Homepage"}]},{"@type":"WebSite","@id":"https:\/\/www.pumixplant.com\/cs\/#website","url":"https:\/\/www.pumixplant.com\/cs\/","name":"PU MIX Technologies S.r.l.","description":"","publisher":{"@id":"https:\/\/www.pumixplant.com\/cs\/#organization"},"potentialAction":[{"@type":"SearchAction","target":{"@type":"EntryPoint","urlTemplate":"https:\/\/www.pumixplant.com\/cs\/?s={search_term_string}"},"query-input":{"@type":"PropertyValueSpecification","valueRequired":true,"valueName":"search_term_string"}}],"inLanguage":"cs"},{"@type":"Organization","@id":"https:\/\/www.pumixplant.com\/cs\/#organization","name":"PU MIX Technologies S.r.l.","url":"https:\/\/www.pumixplant.com\/cs\/","logo":{"@type":"ImageObject","inLanguage":"cs","@id":"https:\/\/www.pumixplant.com\/cs\/#\/schema\/logo\/image\/","url":"https:\/\/www.pumixplant.com\/wp-content\/uploads\/2019\/02\/logo-pumix.jpg","contentUrl":"https:\/\/www.pumixplant.com\/wp-content\/uploads\/2019\/02\/logo-pumix.jpg","width":420,"height":500,"caption":"PU MIX Technologies S.r.l."},"image":{"@id":"https:\/\/www.pumixplant.com\/cs\/#\/schema\/logo\/image\/"},"sameAs":["https:\/\/www.facebook.com\/pumix.technologies","https:\/\/www.linkedin.com\/company\/pu-mix-technologies-s.r.l.\/about\/","https:\/\/www.youtube.com\/channel\/UCE6oMWBtW9k6Ea9yosxr-oA"]}]}},"_links":{"self":[{"href":"https:\/\/www.pumixplant.com\/cs\/wp-json\/wp\/v2\/pages\/10277","targetHints":{"allow":["GET"]}}],"collection":[{"href":"https:\/\/www.pumixplant.com\/cs\/wp-json\/wp\/v2\/pages"}],"about":[{"href":"https:\/\/www.pumixplant.com\/cs\/wp-json\/wp\/v2\/types\/page"}],"author":[{"embeddable":true,"href":"https:\/\/www.pumixplant.com\/cs\/wp-json\/wp\/v2\/users\/6"}],"replies":[{"embeddable":true,"href":"https:\/\/www.pumixplant.com\/cs\/wp-json\/wp\/v2\/comments?post=10277"}],"version-history":[{"count":2,"href":"https:\/\/www.pumixplant.com\/cs\/wp-json\/wp\/v2\/pages\/10277\/revisions"}],"predecessor-version":[{"id":10605,"href":"https:\/\/www.pumixplant.com\/cs\/wp-json\/wp\/v2\/pages\/10277\/revisions\/10605"}],"wp:attachment":[{"href":"https:\/\/www.pumixplant.com\/cs\/wp-json\/wp\/v2\/media?parent=10277"}],"curies":[{"name":"wp","href":"https:\/\/api.w.org\/{rel}","templated":true}]}}