{"id":10453,"date":"2019-02-12T16:32:50","date_gmt":"2019-02-12T15:32:50","guid":{"rendered":"https:\/\/www.pumixplant.com\/contatti\/"},"modified":"2025-10-23T10:07:32","modified_gmt":"2025-10-23T08:07:32","slug":"kontakty","status":"publish","type":"page","link":"https:\/\/www.pumixplant.com\/cs\/kontakty\/","title":{"rendered":"Kontakty"},"content":{"rendered":"\n<div class=\"google_maps_block\" style=\"font-size: 0;\"><iframe loading=\"lazy\" src=\"https:\/\/www.google.com\/maps\/embed?pb=!1m18!1m12!1m3!1d339880.3672146307!2d11.612308834099776!3d45.16191940407787!2m3!1f0!2f0!3f0!3m2!1i1024!2i768!4f13.1!3m3!1m2!1s0x477ee2117f9aa183%3A0xa7ba0b812b8fe384!2sPumix+Technologies+S.R.L.!5e0!3m2!1sit!2sit!4v1549985509829\" width=\"100%\" height=\"500\" frameborder=\"0\" style=\"border:0\" allowfullscreen=\"\"><\/iframe><\/div>\n\n\n\n<div class=\"wp-block-group has-very-light-gray-background-color has-background\"><div class=\"wp-block-group__inner-container is-layout-flow wp-block-group-is-layout-flow\">\n<div class=\"wp-block-group container\"><div class=\"wp-block-group__inner-container is-layout-flow wp-block-group-is-layout-flow\">\n<div style=\"height:50px\" aria-hidden=\"true\" class=\"wp-block-spacer\"><\/div>\n\n\n\n<p class=\"has-text-align-center focus_title\" style=\"font-size:45px\">Formul\u00e1\u0159 \u017e\u00e1dosti o informace<\/p>\n\n\n\n<div style=\"height:50px\" aria-hidden=\"true\" class=\"wp-block-spacer\"><\/div>\n<\/div><\/div>\n<\/div><\/div>\n\n\n\n<div class=\"wp-block-group container\"><div class=\"wp-block-group__inner-container is-layout-flow wp-block-group-is-layout-flow\">\n<div style=\"height:100px\" aria-hidden=\"true\" class=\"wp-block-spacer\"><\/div>\n\n\n\n<div class=\"wpcf7 no-js\" id=\"wpcf7-f10572-o1\" lang=\"cs-CZ\" dir=\"ltr\" data-wpcf7-id=\"10572\">\n<div class=\"screen-reader-response\"><p role=\"status\" aria-live=\"polite\" aria-atomic=\"true\"><\/p> <ul><\/ul><\/div>\n<form action=\"\/cs\/wp-json\/wp\/v2\/pages\/10453#wpcf7-f10572-o1\" method=\"post\" class=\"wpcf7-form init wpcf7-acceptance-as-validation\" aria-label=\"Kontaktn\u00ed formul\u00e1\u0159\" novalidate=\"novalidate\" data-status=\"init\">\n<fieldset class=\"hidden-fields-container\"><input type=\"hidden\" name=\"_wpcf7\" value=\"10572\" \/><input type=\"hidden\" name=\"_wpcf7_version\" value=\"6.1.4\" \/><input type=\"hidden\" name=\"_wpcf7_locale\" value=\"cs_CZ\" \/><input type=\"hidden\" name=\"_wpcf7_unit_tag\" value=\"wpcf7-f10572-o1\" \/><input type=\"hidden\" name=\"_wpcf7_container_post\" value=\"0\" \/><input type=\"hidden\" name=\"_wpcf7_posted_data_hash\" value=\"\" \/>\n<\/fieldset>\n<div class=\"ContactModule\">\n\t<div class=\"row\">\n\t\t<div class=\"col-12 col-md-6\">\n\t\t\t<div class=\"inputFormField\">\n\t\t\t\t<p><span class=\"wpcf7-form-control-wrap\" data-name=\"your-name\"><input size=\"40\" maxlength=\"400\" class=\"wpcf7-form-control wpcf7-text wpcf7-validates-as-required\" aria-required=\"true\" aria-invalid=\"false\" placeholder=\"JM\u00c9NO A P\u0158\u00cdJMEN\u00cd*\" value=\"\" type=\"text\" name=\"your-name\" \/><\/span>\n\t\t\t\t<\/p>\n\t\t\t<\/div>\n\t\t<\/div>\n\t\t<div class=\"col-12 col-md-6\">\n\t\t\t<div class=\"inputFormField\">\n\t\t\t\t<p><span class=\"wpcf7-form-control-wrap\" data-name=\"your-email\"><input size=\"40\" maxlength=\"400\" class=\"wpcf7-form-control wpcf7-email wpcf7-validates-as-required wpcf7-text wpcf7-validates-as-email\" aria-required=\"true\" aria-invalid=\"false\" placeholder=\"E-MAIL*\" value=\"\" type=\"email\" name=\"your-email\" \/><\/span>\n\t\t\t\t<\/p>\n\t\t\t<\/div>\n\t\t<\/div>\n\t\t<div class=\"col-12 col-md-6\">\n\t\t\t<div class=\"inputFormField\">\n\t\t\t\t<p><span class=\"wpcf7-form-control-wrap\" data-name=\"your-company\"><input size=\"40\" maxlength=\"400\" class=\"wpcf7-form-control wpcf7-text\" aria-invalid=\"false\" placeholder=\"AGENTURA\" value=\"\" type=\"text\" name=\"your-company\" \/><\/span>\n\t\t\t\t<\/p>\n\t\t\t<\/div>\n\t\t<\/div>\n\t\t<div class=\"col-12 col-md-6\">\n\t\t\t<div class=\"inputFormField\">\n\t\t\t\t<p><span class=\"wpcf7-form-control-wrap\" data-name=\"your-phone\"><input size=\"40\" maxlength=\"400\" class=\"wpcf7-form-control wpcf7-tel wpcf7-text wpcf7-validates-as-tel\" aria-invalid=\"false\" placeholder=\"TELEFON\" value=\"\" type=\"tel\" name=\"your-phone\" \/><\/span>\n\t\t\t\t<\/p>\n\t\t\t<\/div>\n\t\t<\/div>\n\t<\/div>\n\t<div class=\"inputFormField\">\n\t\t<p><span class=\"wpcf7-form-control-wrap\" data-name=\"your-message\"><textarea cols=\"40\" rows=\"10\" maxlength=\"2000\" class=\"wpcf7-form-control wpcf7-textarea wpcf7-validates-as-required\" aria-required=\"true\" aria-invalid=\"false\" placeholder=\"VA\u0160E \u017d\u00c1DOST*\" name=\"your-message\"><\/textarea><\/span>\n\t\t<\/p>\n\t<\/div>\n<\/div>\n<div class=\"FormField_privacybox\">\n\t<p><span><span class=\"wpcf7-form-control-wrap\" data-name=\"privacybox\"><span class=\"wpcf7-form-control wpcf7-acceptance\"><span class=\"wpcf7-list-item\"><input type=\"checkbox\" name=\"privacybox\" value=\"1\" aria-invalid=\"false\" \/><\/span><\/span><\/span><\/span><span><a href=\"\/cs\/privacy-policy\/\" target=\"_blank\">Souhlas\u00edm se zpracov\u00e1n\u00edm \u00fadaj\u016f pro \u00fa\u010dely uveden\u00e9 v z\u00e1sad\u00e1ch ochrany osobn\u00edch \u00fadaj\u016f<\/a>.*<\/span>\n\t<\/p>\n<\/div>\n<div class=\"FormField_submit\">\n\t<p><input class=\"wpcf7-form-control wpcf7-submit has-spinner btnTipo1\" type=\"submit\" value=\"ODESLAT \u017d\u00c1DOST \u00bb\" \/>\n\t<\/p>\n<\/div><p style=\"display: none !important;\" class=\"akismet-fields-container\" data-prefix=\"_wpcf7_ak_\"><label>&#916;<textarea name=\"_wpcf7_ak_hp_textarea\" cols=\"45\" rows=\"8\" maxlength=\"100\"><\/textarea><\/label><input type=\"hidden\" id=\"ak_js_1\" name=\"_wpcf7_ak_js\" value=\"7\"\/><script>document.getElementById( \"ak_js_1\" ).setAttribute( \"value\", ( new Date() ).getTime() );<\/script><\/p><div class=\"wpcf7-response-output\" aria-hidden=\"true\"><\/div>\n<\/form>\n<\/div>\n\n<\/div><\/div>\n","protected":false},"excerpt":{"rendered":"<p>Formul\u00e1\u0159 \u017e\u00e1dosti o informace<\/p>\n","protected":false},"author":6,"featured_media":0,"parent":0,"menu_order":0,"comment_status":"closed","ping_status":"closed","template":"template-contact_us.php","meta":{"_acf_changed":false,"footnotes":""},"class_list":["post-10453","page","type-page","status-publish","hentry"],"acf":[],"yoast_head":"<title>Kontakty - PU MIX Technologies S.r.l.<\/title>\n<meta name=\"robots\" content=\"index, follow, max-snippet:-1, max-image-preview:large, max-video-preview:-1\" \/>\n<link rel=\"canonical\" href=\"https:\/\/www.pumixplant.com\/cs\/kontakty\/\" \/>\n<meta property=\"og:locale\" content=\"cs_CZ\" \/>\n<meta property=\"og:type\" content=\"article\" \/>\n<meta property=\"og:title\" content=\"Kontakty - PU MIX Technologies S.r.l.\" \/>\n<meta property=\"og:description\" content=\"Formul\u00e1\u0159 \u017e\u00e1dosti o informace\" \/>\n<meta property=\"og:url\" content=\"https:\/\/www.pumixplant.com\/cs\/kontakty\/\" \/>\n<meta property=\"og:site_name\" content=\"PU MIX Technologies S.r.l.\" \/>\n<meta property=\"article:publisher\" content=\"https:\/\/www.facebook.com\/pumix.technologies\" \/>\n<meta property=\"article:modified_time\" content=\"2025-10-23T08:07:32+00:00\" \/>\n<meta name=\"twitter:card\" content=\"summary_large_image\" \/>\n<script type=\"application\/ld+json\" class=\"yoast-schema-graph\">{\"@context\":\"https:\/\/schema.org\",\"@graph\":[{\"@type\":\"WebPage\",\"@id\":\"https:\/\/www.pumixplant.com\/cs\/kontakty\/\",\"url\":\"https:\/\/www.pumixplant.com\/cs\/kontakty\/\",\"name\":\"Kontakty - PU MIX Technologies S.r.l.\",\"isPartOf\":{\"@id\":\"https:\/\/www.pumixplant.com\/cs\/#website\"},\"datePublished\":\"2019-02-12T15:32:50+00:00\",\"dateModified\":\"2025-10-23T08:07:32+00:00\",\"breadcrumb\":{\"@id\":\"https:\/\/www.pumixplant.com\/cs\/kontakty\/#breadcrumb\"},\"inLanguage\":\"cs\",\"potentialAction\":[{\"@type\":\"ReadAction\",\"target\":[\"https:\/\/www.pumixplant.com\/cs\/kontakty\/\"]}]},{\"@type\":\"BreadcrumbList\",\"@id\":\"https:\/\/www.pumixplant.com\/cs\/kontakty\/#breadcrumb\",\"itemListElement\":[{\"@type\":\"ListItem\",\"position\":1,\"name\":\"Home\",\"item\":\"https:\/\/www.pumixplant.com\/cs\/\"},{\"@type\":\"ListItem\",\"position\":2,\"name\":\"Kontakty\"}]},{\"@type\":\"WebSite\",\"@id\":\"https:\/\/www.pumixplant.com\/cs\/#website\",\"url\":\"https:\/\/www.pumixplant.com\/cs\/\",\"name\":\"PU MIX Technologies S.r.l.\",\"description\":\"\",\"publisher\":{\"@id\":\"https:\/\/www.pumixplant.com\/cs\/#organization\"},\"potentialAction\":[{\"@type\":\"SearchAction\",\"target\":{\"@type\":\"EntryPoint\",\"urlTemplate\":\"https:\/\/www.pumixplant.com\/cs\/?s={search_term_string}\"},\"query-input\":{\"@type\":\"PropertyValueSpecification\",\"valueRequired\":true,\"valueName\":\"search_term_string\"}}],\"inLanguage\":\"cs\"},{\"@type\":\"Organization\",\"@id\":\"https:\/\/www.pumixplant.com\/cs\/#organization\",\"name\":\"PU MIX Technologies S.r.l.\",\"url\":\"https:\/\/www.pumixplant.com\/cs\/\",\"logo\":{\"@type\":\"ImageObject\",\"inLanguage\":\"cs\",\"@id\":\"https:\/\/www.pumixplant.com\/cs\/#\/schema\/logo\/image\/\",\"url\":\"https:\/\/www.pumixplant.com\/wp-content\/uploads\/2019\/02\/logo-pumix.jpg\",\"contentUrl\":\"https:\/\/www.pumixplant.com\/wp-content\/uploads\/2019\/02\/logo-pumix.jpg\",\"width\":420,\"height\":500,\"caption\":\"PU MIX Technologies S.r.l.\"},\"image\":{\"@id\":\"https:\/\/www.pumixplant.com\/cs\/#\/schema\/logo\/image\/\"},\"sameAs\":[\"https:\/\/www.facebook.com\/pumix.technologies\",\"https:\/\/www.linkedin.com\/company\/pu-mix-technologies-s.r.l.\/about\/\",\"https:\/\/www.youtube.com\/channel\/UCE6oMWBtW9k6Ea9yosxr-oA\"]}]}<\/script>","yoast_head_json":{"title":"Kontakty - PU MIX Technologies S.r.l.","robots":{"index":"index","follow":"follow","max-snippet":"max-snippet:-1","max-image-preview":"max-image-preview:large","max-video-preview":"max-video-preview:-1"},"canonical":"https:\/\/www.pumixplant.com\/cs\/kontakty\/","og_locale":"cs_CZ","og_type":"article","og_title":"Kontakty - PU MIX Technologies S.r.l.","og_description":"Formul\u00e1\u0159 \u017e\u00e1dosti o informace","og_url":"https:\/\/www.pumixplant.com\/cs\/kontakty\/","og_site_name":"PU MIX Technologies S.r.l.","article_publisher":"https:\/\/www.facebook.com\/pumix.technologies","article_modified_time":"2025-10-23T08:07:32+00:00","twitter_card":"summary_large_image","schema":{"@context":"https:\/\/schema.org","@graph":[{"@type":"WebPage","@id":"https:\/\/www.pumixplant.com\/cs\/kontakty\/","url":"https:\/\/www.pumixplant.com\/cs\/kontakty\/","name":"Kontakty - PU MIX Technologies S.r.l.","isPartOf":{"@id":"https:\/\/www.pumixplant.com\/cs\/#website"},"datePublished":"2019-02-12T15:32:50+00:00","dateModified":"2025-10-23T08:07:32+00:00","breadcrumb":{"@id":"https:\/\/www.pumixplant.com\/cs\/kontakty\/#breadcrumb"},"inLanguage":"cs","potentialAction":[{"@type":"ReadAction","target":["https:\/\/www.pumixplant.com\/cs\/kontakty\/"]}]},{"@type":"BreadcrumbList","@id":"https:\/\/www.pumixplant.com\/cs\/kontakty\/#breadcrumb","itemListElement":[{"@type":"ListItem","position":1,"name":"Home","item":"https:\/\/www.pumixplant.com\/cs\/"},{"@type":"ListItem","position":2,"name":"Kontakty"}]},{"@type":"WebSite","@id":"https:\/\/www.pumixplant.com\/cs\/#website","url":"https:\/\/www.pumixplant.com\/cs\/","name":"PU MIX Technologies S.r.l.","description":"","publisher":{"@id":"https:\/\/www.pumixplant.com\/cs\/#organization"},"potentialAction":[{"@type":"SearchAction","target":{"@type":"EntryPoint","urlTemplate":"https:\/\/www.pumixplant.com\/cs\/?s={search_term_string}"},"query-input":{"@type":"PropertyValueSpecification","valueRequired":true,"valueName":"search_term_string"}}],"inLanguage":"cs"},{"@type":"Organization","@id":"https:\/\/www.pumixplant.com\/cs\/#organization","name":"PU MIX Technologies S.r.l.","url":"https:\/\/www.pumixplant.com\/cs\/","logo":{"@type":"ImageObject","inLanguage":"cs","@id":"https:\/\/www.pumixplant.com\/cs\/#\/schema\/logo\/image\/","url":"https:\/\/www.pumixplant.com\/wp-content\/uploads\/2019\/02\/logo-pumix.jpg","contentUrl":"https:\/\/www.pumixplant.com\/wp-content\/uploads\/2019\/02\/logo-pumix.jpg","width":420,"height":500,"caption":"PU MIX Technologies S.r.l."},"image":{"@id":"https:\/\/www.pumixplant.com\/cs\/#\/schema\/logo\/image\/"},"sameAs":["https:\/\/www.facebook.com\/pumix.technologies","https:\/\/www.linkedin.com\/company\/pu-mix-technologies-s.r.l.\/about\/","https:\/\/www.youtube.com\/channel\/UCE6oMWBtW9k6Ea9yosxr-oA"]}]}},"_links":{"self":[{"href":"https:\/\/www.pumixplant.com\/cs\/wp-json\/wp\/v2\/pages\/10453","targetHints":{"allow":["GET"]}}],"collection":[{"href":"https:\/\/www.pumixplant.com\/cs\/wp-json\/wp\/v2\/pages"}],"about":[{"href":"https:\/\/www.pumixplant.com\/cs\/wp-json\/wp\/v2\/types\/page"}],"author":[{"embeddable":true,"href":"https:\/\/www.pumixplant.com\/cs\/wp-json\/wp\/v2\/users\/6"}],"replies":[{"embeddable":true,"href":"https:\/\/www.pumixplant.com\/cs\/wp-json\/wp\/v2\/comments?post=10453"}],"version-history":[{"count":3,"href":"https:\/\/www.pumixplant.com\/cs\/wp-json\/wp\/v2\/pages\/10453\/revisions"}],"predecessor-version":[{"id":10575,"href":"https:\/\/www.pumixplant.com\/cs\/wp-json\/wp\/v2\/pages\/10453\/revisions\/10575"}],"wp:attachment":[{"href":"https:\/\/www.pumixplant.com\/cs\/wp-json\/wp\/v2\/media?parent=10453"}],"curies":[{"name":"wp","href":"https:\/\/api.w.org\/{rel}","templated":true}]}}