{"id":10456,"date":"2019-02-13T09:59:36","date_gmt":"2019-02-13T08:59:36","guid":{"rendered":"https:\/\/www.pumixplant.com\/download\/"},"modified":"2025-10-23T09:43:41","modified_gmt":"2025-10-23T07:43:41","slug":"stahnout","status":"publish","type":"page","link":"https:\/\/www.pumixplant.com\/cs\/stahnout\/","title":{"rendered":"St\u00e1hnout"},"content":{"rendered":"<div class='BoxContainerContent ' style='margin-top:60px;'><div class='container'><\/p>\n\n\n\n<h2 class=\"wp-block-heading\">CATALOGHI<\/h2>\n\n\n<section class='__wpdm_gb_section __wpdm_gb_category'><div class='w3eden wpdm_packages_shortcode'>\n    <div class=''>\n\n        \n        <div id=\"content_wpdm_package_1\">\n            <div class='row'><div class='col-lg-3 col-md-6 col-12'><!-- WPDM Link Template: Card: Vertical -->\n\n<div class=\"card mycustomcard mb-3\">\n    <a href=\"https:\/\/www.pumixplant.com\/cs\/download\/general-catalogue\/\" class=\"mycustomcard_link\">\n    <img src='https:\/\/www.pumixplant.com\/wp-content\/uploads\/wpdm-cache\/81fce007ae07300fb3fb947c0a7a6d61.jpg' alt='General catalogue' class='card-img-top' style='' \/>    <div class=\"card-body\">\n        <h3 class=\"card-title ellipsis mb-2 mt-0 p-0\" style=\"font-size: 13pt\">General catalogue<\/h3>\n        <!--<p class=\"card-text\">...<\/p>-->\n        <object><a href=\"https:\/\/www.pumixplant.com\/cs\/download\/general-catalogue\/\" class=\"btn btn-primary\">Download<\/a><\/object>\n    <\/div>\n    <\/a>\n<\/div>\n<\/div><div class='col-lg-3 col-md-6 col-12'><!-- WPDM Link Template: Card: Vertical -->\n\n<div class=\"card mycustomcard mb-3\">\n    <a href=\"https:\/\/www.pumixplant.com\/cs\/download\/revol-mix-brochure\/\" class=\"mycustomcard_link\">\n    <img src='https:\/\/www.pumixplant.com\/wp-content\/uploads\/wpdm-cache\/721f07d7c265c88caff5da2f629620ba.jpg' alt='Revol Mix &#8211; Brochure' class='card-img-top' style='' \/>    <div class=\"card-body\">\n        <h3 class=\"card-title ellipsis mb-2 mt-0 p-0\" style=\"font-size: 13pt\">Revol Mix &#8211; Brochure<\/h3>\n        <!--<p class=\"card-text\">...<\/p>-->\n        <object><a href=\"https:\/\/www.pumixplant.com\/cs\/download\/revol-mix-brochure\/\" class=\"btn btn-primary\">Download<\/a><\/object>\n    <\/div>\n    <\/a>\n<\/div>\n<\/div><div class='col-lg-3 col-md-6 col-12'><!-- WPDM Link Template: Card: Vertical -->\n\n<div class=\"card mycustomcard mb-3\">\n    <a href=\"https:\/\/www.pumixplant.com\/cs\/download\/footwear-brochure\/\" class=\"mycustomcard_link\">\n    <img src='https:\/\/www.pumixplant.com\/wp-content\/uploads\/wpdm-cache\/4815aef940ebbbd5c58020c1e6d66687.jpg' alt='Footwear &#8211; Brochure' class='card-img-top' style='' \/>    <div class=\"card-body\">\n        <h3 class=\"card-title ellipsis mb-2 mt-0 p-0\" style=\"font-size: 13pt\">Footwear &#8211; Brochure<\/h3>\n        <!--<p class=\"card-text\">...<\/p>-->\n        <object><a href=\"https:\/\/www.pumixplant.com\/cs\/download\/footwear-brochure\/\" class=\"btn btn-primary\">Download<\/a><\/object>\n    <\/div>\n    <\/a>\n<\/div>\n<\/div><div class='col-lg-3 col-md-6 col-12'><!-- WPDM Link Template: Card: Vertical -->\n\n<div class=\"card mycustomcard mb-3\">\n    <a href=\"https:\/\/www.pumixplant.com\/cs\/download\/elastomers-brochure\/\" class=\"mycustomcard_link\">\n    <img src='https:\/\/www.pumixplant.com\/wp-content\/uploads\/wpdm-cache\/dcce8b352fc4775a86360c41bffff1dc.jpg' alt='Elastomers \u2013 Brochure' class='card-img-top' style='' \/>    <div class=\"card-body\">\n        <h3 class=\"card-title ellipsis mb-2 mt-0 p-0\" style=\"font-size: 13pt\">Elastomers \u2013 Brochure<\/h3>\n        <!--<p class=\"card-text\">...<\/p>-->\n        <object><a href=\"https:\/\/www.pumixplant.com\/cs\/download\/elastomers-brochure\/\" class=\"btn btn-primary\">Download<\/a><\/object>\n    <\/div>\n    <\/a>\n<\/div>\n<\/div><div class='col-lg-3 col-md-6 col-12'><!-- WPDM Link Template: Card: Vertical -->\n\n<div class=\"card mycustomcard mb-3\">\n    <a href=\"https:\/\/www.pumixplant.com\/cs\/download\/foam-brochure\/\" class=\"mycustomcard_link\">\n    <img src='https:\/\/www.pumixplant.com\/wp-content\/uploads\/wpdm-cache\/325108fe096e948d8fe9e88ee46876de.jpg' alt='Foam &#8211; Brochure' class='card-img-top' style='' \/>    <div class=\"card-body\">\n        <h3 class=\"card-title ellipsis mb-2 mt-0 p-0\" style=\"font-size: 13pt\">Foam &#8211; Brochure<\/h3>\n        <!--<p class=\"card-text\">...<\/p>-->\n        <object><a href=\"https:\/\/www.pumixplant.com\/cs\/download\/foam-brochure\/\" class=\"btn btn-primary\">Download<\/a><\/object>\n    <\/div>\n    <\/a>\n<\/div>\n<\/div><\/div>                    <\/div>\n\n        <div style='clear:both'><\/div>\n    <\/div>\n<\/div>\n<\/section>\n\n<p><\/div><\/div>\n","protected":false},"excerpt":{"rendered":"","protected":false},"author":6,"featured_media":10048,"parent":0,"menu_order":0,"comment_status":"closed","ping_status":"closed","template":"template-downloads.php","meta":{"_acf_changed":false,"footnotes":""},"class_list":["post-10456","page","type-page","status-publish","has-post-thumbnail","hentry"],"acf":[],"yoast_head":"<title>St\u00e1hnout - PU MIX Technologies S.r.l.<\/title>\n<meta name=\"robots\" content=\"index, follow, max-snippet:-1, max-image-preview:large, max-video-preview:-1\" \/>\n<link rel=\"canonical\" href=\"https:\/\/www.pumixplant.com\/cs\/stahnout\/\" \/>\n<meta property=\"og:locale\" content=\"cs_CZ\" \/>\n<meta property=\"og:type\" content=\"article\" \/>\n<meta property=\"og:title\" content=\"St\u00e1hnout - PU MIX Technologies S.r.l.\" \/>\n<meta property=\"og:url\" content=\"https:\/\/www.pumixplant.com\/cs\/stahnout\/\" \/>\n<meta property=\"og:site_name\" content=\"PU MIX Technologies S.r.l.\" \/>\n<meta property=\"article:publisher\" content=\"https:\/\/www.facebook.com\/pumix.technologies\" \/>\n<meta property=\"article:modified_time\" content=\"2025-10-23T07:43:41+00:00\" \/>\n<meta property=\"og:image\" content=\"https:\/\/www.pumixplant.com\/wp-content\/uploads\/2021\/11\/header-download-generale-400.jpg\" \/>\n\t<meta property=\"og:image:width\" content=\"1920\" \/>\n\t<meta property=\"og:image:height\" content=\"400\" \/>\n\t<meta property=\"og:image:type\" content=\"image\/jpeg\" \/>\n<meta name=\"twitter:card\" content=\"summary_large_image\" \/>\n<meta name=\"twitter:label1\" content=\"Odhadovan\u00e1 doba \u010dten\u00ed\" \/>\n\t<meta name=\"twitter:data1\" content=\"1 minuta\" \/>\n<script type=\"application\/ld+json\" class=\"yoast-schema-graph\">{\"@context\":\"https:\/\/schema.org\",\"@graph\":[{\"@type\":\"WebPage\",\"@id\":\"https:\/\/www.pumixplant.com\/cs\/stahnout\/\",\"url\":\"https:\/\/www.pumixplant.com\/cs\/stahnout\/\",\"name\":\"St\u00e1hnout - PU MIX Technologies S.r.l.\",\"isPartOf\":{\"@id\":\"https:\/\/www.pumixplant.com\/cs\/#website\"},\"primaryImageOfPage\":{\"@id\":\"https:\/\/www.pumixplant.com\/cs\/stahnout\/#primaryimage\"},\"image\":{\"@id\":\"https:\/\/www.pumixplant.com\/cs\/stahnout\/#primaryimage\"},\"thumbnailUrl\":\"https:\/\/www.pumixplant.com\/wp-content\/uploads\/2021\/11\/header-download-generale-400.jpg\",\"datePublished\":\"2019-02-13T08:59:36+00:00\",\"dateModified\":\"2025-10-23T07:43:41+00:00\",\"breadcrumb\":{\"@id\":\"https:\/\/www.pumixplant.com\/cs\/stahnout\/#breadcrumb\"},\"inLanguage\":\"cs\",\"potentialAction\":[{\"@type\":\"ReadAction\",\"target\":[\"https:\/\/www.pumixplant.com\/cs\/stahnout\/\"]}]},{\"@type\":\"ImageObject\",\"inLanguage\":\"cs\",\"@id\":\"https:\/\/www.pumixplant.com\/cs\/stahnout\/#primaryimage\",\"url\":\"https:\/\/www.pumixplant.com\/wp-content\/uploads\/2021\/11\/header-download-generale-400.jpg\",\"contentUrl\":\"https:\/\/www.pumixplant.com\/wp-content\/uploads\/2021\/11\/header-download-generale-400.jpg\",\"width\":1920,\"height\":400},{\"@type\":\"BreadcrumbList\",\"@id\":\"https:\/\/www.pumixplant.com\/cs\/stahnout\/#breadcrumb\",\"itemListElement\":[{\"@type\":\"ListItem\",\"position\":1,\"name\":\"Home\",\"item\":\"https:\/\/www.pumixplant.com\/cs\/\"},{\"@type\":\"ListItem\",\"position\":2,\"name\":\"St\u00e1hnout\"}]},{\"@type\":\"WebSite\",\"@id\":\"https:\/\/www.pumixplant.com\/cs\/#website\",\"url\":\"https:\/\/www.pumixplant.com\/cs\/\",\"name\":\"PU MIX Technologies S.r.l.\",\"description\":\"\",\"publisher\":{\"@id\":\"https:\/\/www.pumixplant.com\/cs\/#organization\"},\"potentialAction\":[{\"@type\":\"SearchAction\",\"target\":{\"@type\":\"EntryPoint\",\"urlTemplate\":\"https:\/\/www.pumixplant.com\/cs\/?s={search_term_string}\"},\"query-input\":{\"@type\":\"PropertyValueSpecification\",\"valueRequired\":true,\"valueName\":\"search_term_string\"}}],\"inLanguage\":\"cs\"},{\"@type\":\"Organization\",\"@id\":\"https:\/\/www.pumixplant.com\/cs\/#organization\",\"name\":\"PU MIX Technologies S.r.l.\",\"url\":\"https:\/\/www.pumixplant.com\/cs\/\",\"logo\":{\"@type\":\"ImageObject\",\"inLanguage\":\"cs\",\"@id\":\"https:\/\/www.pumixplant.com\/cs\/#\/schema\/logo\/image\/\",\"url\":\"https:\/\/www.pumixplant.com\/wp-content\/uploads\/2019\/02\/logo-pumix.jpg\",\"contentUrl\":\"https:\/\/www.pumixplant.com\/wp-content\/uploads\/2019\/02\/logo-pumix.jpg\",\"width\":420,\"height\":500,\"caption\":\"PU MIX Technologies S.r.l.\"},\"image\":{\"@id\":\"https:\/\/www.pumixplant.com\/cs\/#\/schema\/logo\/image\/\"},\"sameAs\":[\"https:\/\/www.facebook.com\/pumix.technologies\",\"https:\/\/www.linkedin.com\/company\/pu-mix-technologies-s.r.l.\/about\/\",\"https:\/\/www.youtube.com\/channel\/UCE6oMWBtW9k6Ea9yosxr-oA\"]}]}<\/script>","yoast_head_json":{"title":"St\u00e1hnout - PU MIX Technologies S.r.l.","robots":{"index":"index","follow":"follow","max-snippet":"max-snippet:-1","max-image-preview":"max-image-preview:large","max-video-preview":"max-video-preview:-1"},"canonical":"https:\/\/www.pumixplant.com\/cs\/stahnout\/","og_locale":"cs_CZ","og_type":"article","og_title":"St\u00e1hnout - PU MIX Technologies S.r.l.","og_url":"https:\/\/www.pumixplant.com\/cs\/stahnout\/","og_site_name":"PU MIX Technologies S.r.l.","article_publisher":"https:\/\/www.facebook.com\/pumix.technologies","article_modified_time":"2025-10-23T07:43:41+00:00","og_image":[{"width":1920,"height":400,"url":"https:\/\/www.pumixplant.com\/wp-content\/uploads\/2021\/11\/header-download-generale-400.jpg","type":"image\/jpeg"}],"twitter_card":"summary_large_image","twitter_misc":{"Odhadovan\u00e1 doba \u010dten\u00ed":"1 minuta"},"schema":{"@context":"https:\/\/schema.org","@graph":[{"@type":"WebPage","@id":"https:\/\/www.pumixplant.com\/cs\/stahnout\/","url":"https:\/\/www.pumixplant.com\/cs\/stahnout\/","name":"St\u00e1hnout - PU MIX Technologies S.r.l.","isPartOf":{"@id":"https:\/\/www.pumixplant.com\/cs\/#website"},"primaryImageOfPage":{"@id":"https:\/\/www.pumixplant.com\/cs\/stahnout\/#primaryimage"},"image":{"@id":"https:\/\/www.pumixplant.com\/cs\/stahnout\/#primaryimage"},"thumbnailUrl":"https:\/\/www.pumixplant.com\/wp-content\/uploads\/2021\/11\/header-download-generale-400.jpg","datePublished":"2019-02-13T08:59:36+00:00","dateModified":"2025-10-23T07:43:41+00:00","breadcrumb":{"@id":"https:\/\/www.pumixplant.com\/cs\/stahnout\/#breadcrumb"},"inLanguage":"cs","potentialAction":[{"@type":"ReadAction","target":["https:\/\/www.pumixplant.com\/cs\/stahnout\/"]}]},{"@type":"ImageObject","inLanguage":"cs","@id":"https:\/\/www.pumixplant.com\/cs\/stahnout\/#primaryimage","url":"https:\/\/www.pumixplant.com\/wp-content\/uploads\/2021\/11\/header-download-generale-400.jpg","contentUrl":"https:\/\/www.pumixplant.com\/wp-content\/uploads\/2021\/11\/header-download-generale-400.jpg","width":1920,"height":400},{"@type":"BreadcrumbList","@id":"https:\/\/www.pumixplant.com\/cs\/stahnout\/#breadcrumb","itemListElement":[{"@type":"ListItem","position":1,"name":"Home","item":"https:\/\/www.pumixplant.com\/cs\/"},{"@type":"ListItem","position":2,"name":"St\u00e1hnout"}]},{"@type":"WebSite","@id":"https:\/\/www.pumixplant.com\/cs\/#website","url":"https:\/\/www.pumixplant.com\/cs\/","name":"PU MIX Technologies S.r.l.","description":"","publisher":{"@id":"https:\/\/www.pumixplant.com\/cs\/#organization"},"potentialAction":[{"@type":"SearchAction","target":{"@type":"EntryPoint","urlTemplate":"https:\/\/www.pumixplant.com\/cs\/?s={search_term_string}"},"query-input":{"@type":"PropertyValueSpecification","valueRequired":true,"valueName":"search_term_string"}}],"inLanguage":"cs"},{"@type":"Organization","@id":"https:\/\/www.pumixplant.com\/cs\/#organization","name":"PU MIX Technologies S.r.l.","url":"https:\/\/www.pumixplant.com\/cs\/","logo":{"@type":"ImageObject","inLanguage":"cs","@id":"https:\/\/www.pumixplant.com\/cs\/#\/schema\/logo\/image\/","url":"https:\/\/www.pumixplant.com\/wp-content\/uploads\/2019\/02\/logo-pumix.jpg","contentUrl":"https:\/\/www.pumixplant.com\/wp-content\/uploads\/2019\/02\/logo-pumix.jpg","width":420,"height":500,"caption":"PU MIX Technologies S.r.l."},"image":{"@id":"https:\/\/www.pumixplant.com\/cs\/#\/schema\/logo\/image\/"},"sameAs":["https:\/\/www.facebook.com\/pumix.technologies","https:\/\/www.linkedin.com\/company\/pu-mix-technologies-s.r.l.\/about\/","https:\/\/www.youtube.com\/channel\/UCE6oMWBtW9k6Ea9yosxr-oA"]}]}},"_links":{"self":[{"href":"https:\/\/www.pumixplant.com\/cs\/wp-json\/wp\/v2\/pages\/10456","targetHints":{"allow":["GET"]}}],"collection":[{"href":"https:\/\/www.pumixplant.com\/cs\/wp-json\/wp\/v2\/pages"}],"about":[{"href":"https:\/\/www.pumixplant.com\/cs\/wp-json\/wp\/v2\/types\/page"}],"author":[{"embeddable":true,"href":"https:\/\/www.pumixplant.com\/cs\/wp-json\/wp\/v2\/users\/6"}],"replies":[{"embeddable":true,"href":"https:\/\/www.pumixplant.com\/cs\/wp-json\/wp\/v2\/comments?post=10456"}],"version-history":[{"count":1,"href":"https:\/\/www.pumixplant.com\/cs\/wp-json\/wp\/v2\/pages\/10456\/revisions"}],"predecessor-version":[{"id":10470,"href":"https:\/\/www.pumixplant.com\/cs\/wp-json\/wp\/v2\/pages\/10456\/revisions\/10470"}],"wp:featuredmedia":[{"embeddable":true,"href":"https:\/\/www.pumixplant.com\/cs\/wp-json\/wp\/v2\/media\/10048"}],"wp:attachment":[{"href":"https:\/\/www.pumixplant.com\/cs\/wp-json\/wp\/v2\/media?parent=10456"}],"curies":[{"name":"wp","href":"https:\/\/api.w.org\/{rel}","templated":true}]}}