{"id":10270,"date":"2020-02-17T11:03:09","date_gmt":"2020-02-17T10:03:09","guid":{"rendered":"https:\/\/www.pumixplant.com\/chi-siamo\/"},"modified":"2025-10-21T14:20:22","modified_gmt":"2025-10-21T12:20:22","slug":"quienes-somos","status":"publish","type":"page","link":"https:\/\/www.pumixplant.com\/es\/quienes-somos\/","title":{"rendered":"Qui\u00e9nes somos"},"content":{"rendered":"\n<div class=\"wp-block-group has-very-light-gray-background-color has-background\"><div class=\"wp-block-group__inner-container is-layout-flow wp-block-group-is-layout-flow\">\n<div class=\"wp-block-group container\"><div class=\"wp-block-group__inner-container is-layout-flow wp-block-group-is-layout-flow\">\n<div style=\"height:30px\" aria-hidden=\"true\" class=\"wp-block-spacer\"><\/div>\n\n\n\n<p class=\"has-text-align-center has-text-color\" style=\"color:#000000;font-size:26px\">Surge para satisfacer las necesidades de los clientes que buscan soluciones tecnol\u00f3gicas innovadoras en la industria del moldeado de poliuretano<\/p>\n\n\n\n<div style=\"height:30px\" aria-hidden=\"true\" class=\"wp-block-spacer\"><\/div>\n<\/div><\/div>\n<\/div><\/div>\n\n\n\n<div style=\"height:50px\" aria-hidden=\"true\" class=\"wp-block-spacer\"><\/div>\n\n\n\n<div class=\"wp-block-group container\"><div class=\"wp-block-group__inner-container is-layout-flow wp-block-group-is-layout-flow\">\n<div class=\"wp-block-columns is-layout-flex wp-container-core-columns-is-layout-9d6595d7 wp-block-columns-is-layout-flex\">\n<div class=\"wp-block-column is-layout-flow wp-block-column-is-layout-flow\">\n<p class=\"has-text-align-center has-medium-font-size\">Con un equipo de personas con d\u00e9cadas de experiencia en la industria, <strong>PU MIX Technologies<\/strong> investiga, desarrolla y dise\u00f1a sistemas y maquinaria para dosificar, mezclar y moldear Poliuretano. Todo ello sin perder de vista las necesidades espec\u00edficas de cada cliente, a las que la empresa trata de responder ofreciendo instalaciones de \u00faltima generaci\u00f3n altamente personalizables.<\/p>\n\n\n\n<p class=\"has-text-align-center has-medium-font-size\">Una fuerte predisposici\u00f3n a la \u00abresoluci\u00f3n de problemas\u00bb y una pol\u00edtica de empresa decididamente orientada a la satisfacci\u00f3n del cliente son los elementos esenciales que hacen de <strong>PU MIX Technologies<\/strong> una empresa din\u00e1mica y deseosa de seguir creciendo junto con sus clientes.<\/p>\n<\/div>\n<\/div>\n<\/div><\/div>\n\n\n\n<div style=\"height:10px\" aria-hidden=\"true\" class=\"wp-block-spacer\"><\/div>\n\n\n<div class=\"wp-block-image\">\n<figure class=\"aligncenter size-full is-resized\"><img loading=\"lazy\" decoding=\"async\" width=\"1024\" height=\"768\" src=\"https:\/\/www.pumixplant.com\/wp-content\/uploads\/2021\/02\/PUMIX_Polyurethane_Plants_Workshop.jpg\" alt=\"\" class=\"wp-image-3452\" style=\"width:1080px;height:600px\" srcset=\"https:\/\/www.pumixplant.com\/wp-content\/uploads\/2021\/02\/PUMIX_Polyurethane_Plants_Workshop.jpg 1024w, https:\/\/www.pumixplant.com\/wp-content\/uploads\/2021\/02\/PUMIX_Polyurethane_Plants_Workshop-800x600.jpg 800w, https:\/\/www.pumixplant.com\/wp-content\/uploads\/2021\/02\/PUMIX_Polyurethane_Plants_Workshop-768x576.jpg 768w\" sizes=\"auto, (max-width: 1024px) 100vw, 1024px\" \/><\/figure>\n<\/div>\n\n\n<div style=\"height:50px\" aria-hidden=\"true\" class=\"wp-block-spacer\"><\/div>\n\n\n\n<div class=\"wp-block-group container\"><div class=\"wp-block-group__inner-container is-layout-flow wp-block-group-is-layout-flow\">\n<div class=\"wp-block-media-text alignwide is-stacked-on-mobile\" style=\"grid-template-columns:46% auto\"><figure class=\"wp-block-media-text__media\"><img loading=\"lazy\" decoding=\"async\" width=\"1200\" height=\"900\" src=\"https:\/\/www.pumixplant.com\/wp-content\/uploads\/2021\/02\/PUMIX_Polyurethane_Plants_Problem-Solving-1200x900.jpg\" alt=\"\" class=\"wp-image-3448 size-full\" srcset=\"https:\/\/www.pumixplant.com\/wp-content\/uploads\/2021\/02\/PUMIX_Polyurethane_Plants_Problem-Solving-1200x900.jpg 1200w, https:\/\/www.pumixplant.com\/wp-content\/uploads\/2021\/02\/PUMIX_Polyurethane_Plants_Problem-Solving-800x600.jpg 800w, https:\/\/www.pumixplant.com\/wp-content\/uploads\/2021\/02\/PUMIX_Polyurethane_Plants_Problem-Solving-768x576.jpg 768w, https:\/\/www.pumixplant.com\/wp-content\/uploads\/2021\/02\/PUMIX_Polyurethane_Plants_Problem-Solving.jpg 1440w\" sizes=\"auto, (max-width: 1200px) 100vw, 1200px\" \/><\/figure><div class=\"wp-block-media-text__content\">\n<p class=\"has-medium-font-size\">Lo que nos diferencia:<\/p>\n\n\n\n<div style=\"height:40px\" aria-hidden=\"true\" class=\"wp-block-spacer\"><\/div>\n\n\n\n<p class=\"has-medium-font-size\"><strong>RESOLUCI\u00d3N DE PROBLEMAS:<\/strong> vemos las nuevas necesidades y\/o problemas de nuestros clientes como retos estimulantes que deben resolverse con la m\u00e1xima eficacia.<\/p>\n\n\n\n<p class=\"has-medium-font-size\"><strong>KNOW-HOW:<\/strong> A lo largo de nuestros a\u00f1os de trabajo en el sector, hemos adquirido una considerable experiencia en la investigaci\u00f3n, el desarrollo, la producci\u00f3n y la puesta en marcha de complejos sistemas de dosificaci\u00f3n y dispensado de poliuretano. Ponemos cada d\u00eda esta vasta experiencia al servicio de todos nuestros clientes.<\/p>\n<\/div><\/div>\n<\/div><\/div>\n\n\n\n<div style=\"height:50px\" aria-hidden=\"true\" class=\"wp-block-spacer\"><\/div>\n\n\n\n<div class=\"wp-block-group container\"><div class=\"wp-block-group__inner-container is-layout-flow wp-block-group-is-layout-flow\">\n<div class=\"wp-block-media-text alignwide has-media-on-the-right is-stacked-on-mobile\" style=\"grid-template-columns:auto 46%\"><div class=\"wp-block-media-text__content\">\n<p class=\"has-medium-font-size\"><strong>SISTEMAS PERSONALIZADOS:<\/strong> cada una de nuestras m\u00e1quinas y sistemas puede adaptarse a las necesidades espec\u00edficas de cada cliente. Si tiene necesidades especiales, \u00a1seguro que podemos satisfacerlas!<\/p>\n\n\n\n<p class=\"has-medium-font-size\"><strong>FLEXIBILIDAD:<\/strong> alta calidad, precios competitivos y un alto rendimiento constante son la base de nuestro trabajo diario.<\/p>\n\n\n\n<div style=\"height:40px\" aria-hidden=\"true\" class=\"wp-block-spacer\"><\/div>\n\n\n\n<p class=\"has-text-align-left has-medium-font-size\">Estas son las claves de nuestro \u00e9xito, que nos hacen siempre competitivos incluso en un mercado global en constante cambio.<\/p>\n<\/div><figure class=\"wp-block-media-text__media\"><img loading=\"lazy\" decoding=\"async\" width=\"800\" height=\"600\" src=\"https:\/\/www.pumixplant.com\/wp-content\/uploads\/2021\/02\/PUMIX_Polyurethane_Know-How-800x600.jpg\" alt=\"\" class=\"wp-image-3450 size-medium\" srcset=\"https:\/\/www.pumixplant.com\/wp-content\/uploads\/2021\/02\/PUMIX_Polyurethane_Know-How-800x600.jpg 800w, https:\/\/www.pumixplant.com\/wp-content\/uploads\/2021\/02\/PUMIX_Polyurethane_Know-How-1200x900.jpg 1200w, https:\/\/www.pumixplant.com\/wp-content\/uploads\/2021\/02\/PUMIX_Polyurethane_Know-How-768x576.jpg 768w, https:\/\/www.pumixplant.com\/wp-content\/uploads\/2021\/02\/PUMIX_Polyurethane_Know-How.jpg 1440w\" sizes=\"auto, (max-width: 800px) 100vw, 800px\" \/><\/figure><\/div>\n<\/div><\/div>\n","protected":false},"excerpt":{"rendered":"<p>PU MIX Technologies<\/p>\n","protected":false},"author":6,"featured_media":5874,"parent":0,"menu_order":0,"comment_status":"closed","ping_status":"closed","template":"","meta":{"_acf_changed":false,"footnotes":""},"class_list":["post-10270","page","type-page","status-publish","has-post-thumbnail","hentry"],"acf":[],"yoast_head":"<title>Qui\u00e9nes somos - PU MIX Technologies S.r.l.<\/title>\n<meta name=\"robots\" content=\"index, follow, max-snippet:-1, max-image-preview:large, max-video-preview:-1\" \/>\n<link rel=\"canonical\" href=\"https:\/\/www.pumixplant.com\/es\/quienes-somos\/\" \/>\n<meta property=\"og:locale\" content=\"es_ES\" \/>\n<meta property=\"og:type\" content=\"article\" \/>\n<meta property=\"og:title\" content=\"Qui\u00e9nes somos - PU MIX Technologies S.r.l.\" \/>\n<meta property=\"og:description\" content=\"PU MIX Technologies\" \/>\n<meta property=\"og:url\" content=\"https:\/\/www.pumixplant.com\/es\/quienes-somos\/\" \/>\n<meta property=\"og:site_name\" content=\"PU MIX Technologies S.r.l.\" \/>\n<meta property=\"article:publisher\" content=\"https:\/\/www.facebook.com\/pumix.technologies\" \/>\n<meta property=\"article:modified_time\" content=\"2025-10-21T12:20:22+00:00\" \/>\n<meta property=\"og:image\" content=\"https:\/\/www.pumixplant.com\/wp-content\/uploads\/2019\/02\/PUMIX-Technologies.jpg\" \/>\n\t<meta property=\"og:image:width\" content=\"1440\" \/>\n\t<meta property=\"og:image:height\" content=\"1080\" \/>\n\t<meta property=\"og:image:type\" content=\"image\/jpeg\" \/>\n<meta name=\"twitter:card\" content=\"summary_large_image\" \/>\n<meta name=\"twitter:label1\" content=\"Tiempo de lectura\" \/>\n\t<meta name=\"twitter:data1\" content=\"3 minutos\" \/>\n<script type=\"application\/ld+json\" class=\"yoast-schema-graph\">{\"@context\":\"https:\/\/schema.org\",\"@graph\":[{\"@type\":\"WebPage\",\"@id\":\"https:\/\/www.pumixplant.com\/es\/quienes-somos\/\",\"url\":\"https:\/\/www.pumixplant.com\/es\/quienes-somos\/\",\"name\":\"Qui\u00e9nes somos - PU MIX Technologies S.r.l.\",\"isPartOf\":{\"@id\":\"https:\/\/www.pumixplant.com\/es\/#website\"},\"primaryImageOfPage\":{\"@id\":\"https:\/\/www.pumixplant.com\/es\/quienes-somos\/#primaryimage\"},\"image\":{\"@id\":\"https:\/\/www.pumixplant.com\/es\/quienes-somos\/#primaryimage\"},\"thumbnailUrl\":\"https:\/\/www.pumixplant.com\/wp-content\/uploads\/2019\/02\/PUMIX-Technologies.jpg\",\"datePublished\":\"2020-02-17T10:03:09+00:00\",\"dateModified\":\"2025-10-21T12:20:22+00:00\",\"breadcrumb\":{\"@id\":\"https:\/\/www.pumixplant.com\/es\/quienes-somos\/#breadcrumb\"},\"inLanguage\":\"es\",\"potentialAction\":[{\"@type\":\"ReadAction\",\"target\":[\"https:\/\/www.pumixplant.com\/es\/quienes-somos\/\"]}]},{\"@type\":\"ImageObject\",\"inLanguage\":\"es\",\"@id\":\"https:\/\/www.pumixplant.com\/es\/quienes-somos\/#primaryimage\",\"url\":\"https:\/\/www.pumixplant.com\/wp-content\/uploads\/2019\/02\/PUMIX-Technologies.jpg\",\"contentUrl\":\"https:\/\/www.pumixplant.com\/wp-content\/uploads\/2019\/02\/PUMIX-Technologies.jpg\",\"width\":1440,\"height\":1080},{\"@type\":\"BreadcrumbList\",\"@id\":\"https:\/\/www.pumixplant.com\/es\/quienes-somos\/#breadcrumb\",\"itemListElement\":[{\"@type\":\"ListItem\",\"position\":1,\"name\":\"Home\",\"item\":\"https:\/\/www.pumixplant.com\/es\/\"},{\"@type\":\"ListItem\",\"position\":2,\"name\":\"Qui\u00e9nes somos\"}]},{\"@type\":\"WebSite\",\"@id\":\"https:\/\/www.pumixplant.com\/es\/#website\",\"url\":\"https:\/\/www.pumixplant.com\/es\/\",\"name\":\"PU MIX Technologies S.r.l.\",\"description\":\"\",\"publisher\":{\"@id\":\"https:\/\/www.pumixplant.com\/es\/#organization\"},\"potentialAction\":[{\"@type\":\"SearchAction\",\"target\":{\"@type\":\"EntryPoint\",\"urlTemplate\":\"https:\/\/www.pumixplant.com\/es\/?s={search_term_string}\"},\"query-input\":{\"@type\":\"PropertyValueSpecification\",\"valueRequired\":true,\"valueName\":\"search_term_string\"}}],\"inLanguage\":\"es\"},{\"@type\":\"Organization\",\"@id\":\"https:\/\/www.pumixplant.com\/es\/#organization\",\"name\":\"PU MIX Technologies S.r.l.\",\"url\":\"https:\/\/www.pumixplant.com\/es\/\",\"logo\":{\"@type\":\"ImageObject\",\"inLanguage\":\"es\",\"@id\":\"https:\/\/www.pumixplant.com\/es\/#\/schema\/logo\/image\/\",\"url\":\"https:\/\/www.pumixplant.com\/wp-content\/uploads\/2019\/02\/logo-pumix.jpg\",\"contentUrl\":\"https:\/\/www.pumixplant.com\/wp-content\/uploads\/2019\/02\/logo-pumix.jpg\",\"width\":420,\"height\":500,\"caption\":\"PU MIX Technologies S.r.l.\"},\"image\":{\"@id\":\"https:\/\/www.pumixplant.com\/es\/#\/schema\/logo\/image\/\"},\"sameAs\":[\"https:\/\/www.facebook.com\/pumix.technologies\",\"https:\/\/www.linkedin.com\/company\/pu-mix-technologies-s.r.l.\/about\/\",\"https:\/\/www.youtube.com\/channel\/UCE6oMWBtW9k6Ea9yosxr-oA\"]}]}<\/script>","yoast_head_json":{"title":"Qui\u00e9nes somos - PU MIX Technologies S.r.l.","robots":{"index":"index","follow":"follow","max-snippet":"max-snippet:-1","max-image-preview":"max-image-preview:large","max-video-preview":"max-video-preview:-1"},"canonical":"https:\/\/www.pumixplant.com\/es\/quienes-somos\/","og_locale":"es_ES","og_type":"article","og_title":"Qui\u00e9nes somos - PU MIX Technologies S.r.l.","og_description":"PU MIX Technologies","og_url":"https:\/\/www.pumixplant.com\/es\/quienes-somos\/","og_site_name":"PU MIX Technologies S.r.l.","article_publisher":"https:\/\/www.facebook.com\/pumix.technologies","article_modified_time":"2025-10-21T12:20:22+00:00","og_image":[{"width":1440,"height":1080,"url":"https:\/\/www.pumixplant.com\/wp-content\/uploads\/2019\/02\/PUMIX-Technologies.jpg","type":"image\/jpeg"}],"twitter_card":"summary_large_image","twitter_misc":{"Tiempo de lectura":"3 minutos"},"schema":{"@context":"https:\/\/schema.org","@graph":[{"@type":"WebPage","@id":"https:\/\/www.pumixplant.com\/es\/quienes-somos\/","url":"https:\/\/www.pumixplant.com\/es\/quienes-somos\/","name":"Qui\u00e9nes somos - PU MIX Technologies S.r.l.","isPartOf":{"@id":"https:\/\/www.pumixplant.com\/es\/#website"},"primaryImageOfPage":{"@id":"https:\/\/www.pumixplant.com\/es\/quienes-somos\/#primaryimage"},"image":{"@id":"https:\/\/www.pumixplant.com\/es\/quienes-somos\/#primaryimage"},"thumbnailUrl":"https:\/\/www.pumixplant.com\/wp-content\/uploads\/2019\/02\/PUMIX-Technologies.jpg","datePublished":"2020-02-17T10:03:09+00:00","dateModified":"2025-10-21T12:20:22+00:00","breadcrumb":{"@id":"https:\/\/www.pumixplant.com\/es\/quienes-somos\/#breadcrumb"},"inLanguage":"es","potentialAction":[{"@type":"ReadAction","target":["https:\/\/www.pumixplant.com\/es\/quienes-somos\/"]}]},{"@type":"ImageObject","inLanguage":"es","@id":"https:\/\/www.pumixplant.com\/es\/quienes-somos\/#primaryimage","url":"https:\/\/www.pumixplant.com\/wp-content\/uploads\/2019\/02\/PUMIX-Technologies.jpg","contentUrl":"https:\/\/www.pumixplant.com\/wp-content\/uploads\/2019\/02\/PUMIX-Technologies.jpg","width":1440,"height":1080},{"@type":"BreadcrumbList","@id":"https:\/\/www.pumixplant.com\/es\/quienes-somos\/#breadcrumb","itemListElement":[{"@type":"ListItem","position":1,"name":"Home","item":"https:\/\/www.pumixplant.com\/es\/"},{"@type":"ListItem","position":2,"name":"Qui\u00e9nes somos"}]},{"@type":"WebSite","@id":"https:\/\/www.pumixplant.com\/es\/#website","url":"https:\/\/www.pumixplant.com\/es\/","name":"PU MIX Technologies S.r.l.","description":"","publisher":{"@id":"https:\/\/www.pumixplant.com\/es\/#organization"},"potentialAction":[{"@type":"SearchAction","target":{"@type":"EntryPoint","urlTemplate":"https:\/\/www.pumixplant.com\/es\/?s={search_term_string}"},"query-input":{"@type":"PropertyValueSpecification","valueRequired":true,"valueName":"search_term_string"}}],"inLanguage":"es"},{"@type":"Organization","@id":"https:\/\/www.pumixplant.com\/es\/#organization","name":"PU MIX Technologies S.r.l.","url":"https:\/\/www.pumixplant.com\/es\/","logo":{"@type":"ImageObject","inLanguage":"es","@id":"https:\/\/www.pumixplant.com\/es\/#\/schema\/logo\/image\/","url":"https:\/\/www.pumixplant.com\/wp-content\/uploads\/2019\/02\/logo-pumix.jpg","contentUrl":"https:\/\/www.pumixplant.com\/wp-content\/uploads\/2019\/02\/logo-pumix.jpg","width":420,"height":500,"caption":"PU MIX Technologies S.r.l."},"image":{"@id":"https:\/\/www.pumixplant.com\/es\/#\/schema\/logo\/image\/"},"sameAs":["https:\/\/www.facebook.com\/pumix.technologies","https:\/\/www.linkedin.com\/company\/pu-mix-technologies-s.r.l.\/about\/","https:\/\/www.youtube.com\/channel\/UCE6oMWBtW9k6Ea9yosxr-oA"]}]}},"_links":{"self":[{"href":"https:\/\/www.pumixplant.com\/es\/wp-json\/wp\/v2\/pages\/10270","targetHints":{"allow":["GET"]}}],"collection":[{"href":"https:\/\/www.pumixplant.com\/es\/wp-json\/wp\/v2\/pages"}],"about":[{"href":"https:\/\/www.pumixplant.com\/es\/wp-json\/wp\/v2\/types\/page"}],"author":[{"embeddable":true,"href":"https:\/\/www.pumixplant.com\/es\/wp-json\/wp\/v2\/users\/6"}],"replies":[{"embeddable":true,"href":"https:\/\/www.pumixplant.com\/es\/wp-json\/wp\/v2\/comments?post=10270"}],"version-history":[{"count":2,"href":"https:\/\/www.pumixplant.com\/es\/wp-json\/wp\/v2\/pages\/10270\/revisions"}],"predecessor-version":[{"id":10293,"href":"https:\/\/www.pumixplant.com\/es\/wp-json\/wp\/v2\/pages\/10270\/revisions\/10293"}],"wp:featuredmedia":[{"embeddable":true,"href":"https:\/\/www.pumixplant.com\/es\/wp-json\/wp\/v2\/media\/5874"}],"wp:attachment":[{"href":"https:\/\/www.pumixplant.com\/es\/wp-json\/wp\/v2\/media?parent=10270"}],"curies":[{"name":"wp","href":"https:\/\/api.w.org\/{rel}","templated":true}]}}