{"id":10273,"date":"2021-01-11T11:38:39","date_gmt":"2021-01-11T10:38:39","guid":{"rendered":"https:\/\/www.pumixplant.com\/macchine\/"},"modified":"2025-10-23T09:58:38","modified_gmt":"2025-10-23T07:58:38","slug":"maquinas","status":"publish","type":"page","link":"https:\/\/www.pumixplant.com\/es\/maquinas\/","title":{"rendered":"M\u00e1quinas"},"content":{"rendered":"\n<div class=\"wp-block-group container\"><div class=\"wp-block-group__inner-container is-layout-flow wp-block-group-is-layout-flow\"><div class=\"sh_itemlist_filter\">\n\t<div id=\"machinery_category_filter_wrapper\" class=\"item_filter_wrapper\">\n\t\t<div class=\"item_filter_title\">Filtrar por:<\/div>\n\t\t<div class=\"item_filter_list row justify-content-center\">\n            <div class=\"filter_single col-auto\" data-filter=\"*\">All<\/div>\n    \t\t    \t\t\t<div class=\"filter_single col-auto\" data-filter=\".filter-elastomers-es\">Elastomers<\/div>\n    \t\t\t    \t\t\t<div class=\"filter_single col-auto\" data-filter=\".filter-foam-es\">Foam<\/div>\n    \t\t\t    \t\t\t<div class=\"filter_single col-auto\" data-filter=\".filter-gel-es\">Gel<\/div>\n    \t\t\t    \t\t\t<div class=\"filter_single col-auto\" data-filter=\".filter-thermoforming-es\">Thermoforming<\/div>\n    \t\t\t\t\t<\/div>\n\t<\/div>\n\t\t<div id=\"machinery_category_item_list\" class=\"item_list_wrapper\">\n\t\t<div class=\"child_post_list item_list_wrapper_row row\">\n\t\t\t\t\t<div class=\"single_child_post single_elem_rip filter_single_obj  filter-thermoforming-es col-12 col-md-6 col-lg-4\">\n\t\t\t\t<a class=\"filter_single_obj_link\" href=\"https:\/\/www.pumixplant.com\/es\/maquinas\/par-de-prensas-para-termoformado-discontinuo\/\">\n\t\t\t\t\t<div class=\"single_child_box single_elem_box\">\n\t\t\t\t\t\t<div class=\"single_child_data single_elem_data\">\n\t\t\t\t\t\t\t<div>\n\t\t\t\t\t\t\t\t<img decoding=\"async\" src=\"https:\/\/www.pumixplant.com\/wp-content\/uploads\/2021\/01\/01.-Thermoforming-Presses-Copia-600x500.jpg\">\n\t\t\t\t\t\t\t<\/div>\n\t\t\t\t\t\t<\/div>\n                        <div class=\"single_child_title single_elem_title filter_single_obj_title\">PAR DE PRENSAS para TERMOFORMADO DISCONTINUO<\/div>\n\t\t\t\t\t<\/div>\n\t\t\t\t\t\n\t\t\t\t<\/a>\n\t\t\t<\/div>\n\t\t\t\t\t\t<div class=\"single_child_post single_elem_rip filter_single_obj  filter-thermoforming-es col-12 col-md-6 col-lg-4\">\n\t\t\t\t<a class=\"filter_single_obj_link\" href=\"https:\/\/www.pumixplant.com\/es\/maquinas\/prensas-de-termoformado-en-continuo\/\">\n\t\t\t\t\t<div class=\"single_child_box single_elem_box\">\n\t\t\t\t\t\t<div class=\"single_child_data single_elem_data\">\n\t\t\t\t\t\t\t<div>\n\t\t\t\t\t\t\t\t<img decoding=\"async\" src=\"https:\/\/www.pumixplant.com\/wp-content\/uploads\/2021\/01\/PTC-Avatar-4252x3189-Copia-600x500.jpg\">\n\t\t\t\t\t\t\t<\/div>\n\t\t\t\t\t\t<\/div>\n                        <div class=\"single_child_title single_elem_title filter_single_obj_title\">PRENSAS DE TERMOFORMADO EN CONTINUO<\/div>\n\t\t\t\t\t<\/div>\n\t\t\t\t\t\n\t\t\t\t<\/a>\n\t\t\t<\/div>\n\t\t\t\t\t\t<div class=\"single_child_post single_elem_rip filter_single_obj  filter-foam-es col-12 col-md-6 col-lg-4\">\n\t\t\t\t<a class=\"filter_single_obj_link\" href=\"https:\/\/www.pumixplant.com\/es\/maquinas\/maquinas-espumadoras-de-alta-presion\/\">\n\t\t\t\t\t<div class=\"single_child_box single_elem_box\">\n\t\t\t\t\t\t<div class=\"single_child_data single_elem_data\">\n\t\t\t\t\t\t\t<div>\n\t\t\t\t\t\t\t\t<img decoding=\"async\" src=\"https:\/\/www.pumixplant.com\/wp-content\/uploads\/2021\/01\/PUMIX_foam_plant_casting_high-pressure_mixing-head_supporting-arm_tank_chiller_automotive-600x500.jpg\">\n\t\t\t\t\t\t\t<\/div>\n\t\t\t\t\t\t<\/div>\n                        <div class=\"single_child_title single_elem_title filter_single_obj_title\">M\u00c1QUINAS PARA DOSIFICAR, MEZCLAR Y RECUBRIR ESPUMAS DE POLIURETANO M\u00c1QUINAS ESPUMADORAS DE ALTA PRESI\u00d3N<\/div>\n\t\t\t\t\t<\/div>\n\t\t\t\t\t\n\t\t\t\t<\/a>\n\t\t\t<\/div>\n\t\t\t\t\t\t<div class=\"single_child_post single_elem_rip filter_single_obj  filter-foam-es col-12 col-md-6 col-lg-4\">\n\t\t\t\t<a class=\"filter_single_obj_link\" href=\"https:\/\/www.pumixplant.com\/es\/maquinas\/maquinas-espumadoras-a-baja-presion\/\">\n\t\t\t\t\t<div class=\"single_child_box single_elem_box\">\n\t\t\t\t\t\t<div class=\"single_child_data single_elem_data\">\n\t\t\t\t\t\t\t<div>\n\t\t\t\t\t\t\t\t<img decoding=\"async\" src=\"https:\/\/www.pumixplant.com\/wp-content\/uploads\/2021\/01\/PUMIX_foam_machine_casting_low-pressure_mixing-head_supporting-arm_1-600x500.jpg\">\n\t\t\t\t\t\t\t<\/div>\n\t\t\t\t\t\t<\/div>\n                        <div class=\"single_child_title single_elem_title filter_single_obj_title\">M\u00c1QUINAS PARA DOSIFICAR, MEZCLAR Y RECUBRIR ESPUMAS DE POLIURETANO M\u00c1QUINAS ESPUMADORAS A BAJA PRESI\u00d3N<\/div>\n\t\t\t\t\t<\/div>\n\t\t\t\t\t\n\t\t\t\t<\/a>\n\t\t\t<\/div>\n\t\t\t\t\t\t<div class=\"single_child_post single_elem_rip filter_single_obj  filter-gel-es col-12 col-md-6 col-lg-4\">\n\t\t\t\t<a class=\"filter_single_obj_link\" href=\"https:\/\/www.pumixplant.com\/es\/maquinas\/maquinas-de-colada-de-gel-de-poliuretano-modelos-compact-mix-y-gel-mix\/\">\n\t\t\t\t\t<div class=\"single_child_box single_elem_box\">\n\t\t\t\t\t\t<div class=\"single_child_data single_elem_data\">\n\t\t\t\t\t\t\t<div>\n\t\t\t\t\t\t\t\t<img decoding=\"async\" src=\"https:\/\/www.pumixplant.com\/wp-content\/uploads\/2021\/01\/PUMIX_gel_machine_casting_heating-table-600x500.jpg\">\n\t\t\t\t\t\t\t<\/div>\n\t\t\t\t\t\t<\/div>\n                        <div class=\"single_child_title single_elem_title filter_single_obj_title\">M\u00c1QUINAS DE COLADA DE GEL DE POLIURETANO Modelos: COMPACT MIX y GEL MIX<\/div>\n\t\t\t\t\t<\/div>\n\t\t\t\t\t\n\t\t\t\t<\/a>\n\t\t\t<\/div>\n\t\t\t\t\t\t<div class=\"single_child_post single_elem_rip filter_single_obj  filter-elastomers-es col-12 col-md-6 col-lg-4\">\n\t\t\t\t<a class=\"filter_single_obj_link\" href=\"https:\/\/www.pumixplant.com\/es\/maquinas\/ribbon-flow\/\">\n\t\t\t\t\t<div class=\"single_child_box single_elem_box\">\n\t\t\t\t\t\t<div class=\"single_child_data single_elem_data\">\n\t\t\t\t\t\t\t<div>\n\t\t\t\t\t\t\t\t<img decoding=\"async\" src=\"https:\/\/www.pumixplant.com\/wp-content\/uploads\/2021\/01\/PUMIX_elastomer_machine_casting_ribbon-flow_1-600x500.jpg\">\n\t\t\t\t\t\t\t<\/div>\n\t\t\t\t\t\t<\/div>\n                        <div class=\"single_child_title single_elem_title filter_single_obj_title\">RIBBON FLOW<\/div>\n\t\t\t\t\t<\/div>\n\t\t\t\t\t\n\t\t\t\t<\/a>\n\t\t\t<\/div>\n\t\t\t\t\t\t<div class=\"single_child_post single_elem_rip filter_single_obj  filter-elastomers-es col-12 col-md-6 col-lg-4\">\n\t\t\t\t<a class=\"filter_single_obj_link\" href=\"https:\/\/www.pumixplant.com\/es\/maquinas\/maquinas-de-colada-para-elastomeros-de-poliuretano-modelos-elastomix\/\">\n\t\t\t\t\t<div class=\"single_child_box single_elem_box\">\n\t\t\t\t\t\t<div class=\"single_child_data single_elem_data\">\n\t\t\t\t\t\t\t<div>\n\t\t\t\t\t\t\t\t<img decoding=\"async\" src=\"https:\/\/www.pumixplant.com\/wp-content\/uploads\/2021\/01\/PUMIX_elastomer_machine_casting_9-4-600x500.jpg\">\n\t\t\t\t\t\t\t<\/div>\n\t\t\t\t\t\t<\/div>\n                        <div class=\"single_child_title single_elem_title filter_single_obj_title\">M\u00c1QUINAS DE COLADA PARA ELAST\u00d3MEROS DE POLIURETANO Modelos: ELASTOMIX<\/div>\n\t\t\t\t\t<\/div>\n\t\t\t\t\t\n\t\t\t\t<\/a>\n\t\t\t<\/div>\n\t\t\t\t\t<\/div>\n\t<\/div>\n\t<\/div>\n<script>\nwindow.addEventListener('load', function ()\n{\nvar grid = jQuery('.item_list_wrapper_row').isotope(\n    {\n    itemSelector: '.filter_single_obj',\n    });\njQuery('.item_filter_list>div').on( 'click', function()\n    {\n    var filterValue = jQuery(this).attr('data-filter');\n    grid.isotope({ filter: filterValue });\n    jQuery('.item_filter_list>div').removeClass('is-checked');\n    jQuery(this).addClass('is-checked');\n    console.log(filterValue);\n    });\n});\n<\/script>\n<\/div><\/div>\n","protected":false},"excerpt":{"rendered":"","protected":false},"author":6,"featured_media":9436,"parent":0,"menu_order":0,"comment_status":"closed","ping_status":"closed","template":"","meta":{"_acf_changed":false,"footnotes":""},"class_list":["post-10273","page","type-page","status-publish","has-post-thumbnail","hentry"],"acf":[],"yoast_head":"<title>M\u00e1quinas - PU MIX Technologies S.r.l.<\/title>\n<meta name=\"robots\" content=\"index, follow, max-snippet:-1, max-image-preview:large, max-video-preview:-1\" \/>\n<link rel=\"canonical\" href=\"https:\/\/www.pumixplant.com\/es\/maquinas\/\" \/>\n<meta property=\"og:locale\" content=\"es_ES\" \/>\n<meta property=\"og:type\" content=\"article\" \/>\n<meta property=\"og:title\" content=\"M\u00e1quinas - PU MIX Technologies S.r.l.\" \/>\n<meta property=\"og:url\" content=\"https:\/\/www.pumixplant.com\/es\/maquinas\/\" \/>\n<meta property=\"og:site_name\" content=\"PU MIX Technologies S.r.l.\" \/>\n<meta property=\"article:publisher\" content=\"https:\/\/www.facebook.com\/pumix.technologies\" \/>\n<meta property=\"article:modified_time\" content=\"2025-10-23T07:58:38+00:00\" \/>\n<meta property=\"og:image\" content=\"https:\/\/www.pumixplant.com\/wp-content\/uploads\/2021\/03\/PUMIX-machines-header-3.jpg\" \/>\n\t<meta property=\"og:image:width\" content=\"1440\" \/>\n\t<meta property=\"og:image:height\" content=\"1080\" \/>\n\t<meta property=\"og:image:type\" content=\"image\/jpeg\" \/>\n<meta name=\"twitter:card\" content=\"summary_large_image\" \/>\n<meta name=\"twitter:label1\" content=\"Tiempo de lectura\" \/>\n\t<meta name=\"twitter:data1\" content=\"1 minuto\" \/>\n<script type=\"application\/ld+json\" class=\"yoast-schema-graph\">{\"@context\":\"https:\/\/schema.org\",\"@graph\":[{\"@type\":\"WebPage\",\"@id\":\"https:\/\/www.pumixplant.com\/es\/maquinas\/\",\"url\":\"https:\/\/www.pumixplant.com\/es\/maquinas\/\",\"name\":\"M\u00e1quinas - PU MIX Technologies S.r.l.\",\"isPartOf\":{\"@id\":\"https:\/\/www.pumixplant.com\/es\/#website\"},\"primaryImageOfPage\":{\"@id\":\"https:\/\/www.pumixplant.com\/es\/maquinas\/#primaryimage\"},\"image\":{\"@id\":\"https:\/\/www.pumixplant.com\/es\/maquinas\/#primaryimage\"},\"thumbnailUrl\":\"https:\/\/www.pumixplant.com\/wp-content\/uploads\/2021\/03\/PUMIX-machines-header-3.jpg\",\"datePublished\":\"2021-01-11T10:38:39+00:00\",\"dateModified\":\"2025-10-23T07:58:38+00:00\",\"breadcrumb\":{\"@id\":\"https:\/\/www.pumixplant.com\/es\/maquinas\/#breadcrumb\"},\"inLanguage\":\"es\",\"potentialAction\":[{\"@type\":\"ReadAction\",\"target\":[\"https:\/\/www.pumixplant.com\/es\/maquinas\/\"]}]},{\"@type\":\"ImageObject\",\"inLanguage\":\"es\",\"@id\":\"https:\/\/www.pumixplant.com\/es\/maquinas\/#primaryimage\",\"url\":\"https:\/\/www.pumixplant.com\/wp-content\/uploads\/2021\/03\/PUMIX-machines-header-3.jpg\",\"contentUrl\":\"https:\/\/www.pumixplant.com\/wp-content\/uploads\/2021\/03\/PUMIX-machines-header-3.jpg\",\"width\":1440,\"height\":1080},{\"@type\":\"BreadcrumbList\",\"@id\":\"https:\/\/www.pumixplant.com\/es\/maquinas\/#breadcrumb\",\"itemListElement\":[{\"@type\":\"ListItem\",\"position\":1,\"name\":\"Home\",\"item\":\"https:\/\/www.pumixplant.com\/es\/\"},{\"@type\":\"ListItem\",\"position\":2,\"name\":\"M\u00e1quinas\"}]},{\"@type\":\"WebSite\",\"@id\":\"https:\/\/www.pumixplant.com\/es\/#website\",\"url\":\"https:\/\/www.pumixplant.com\/es\/\",\"name\":\"PU MIX Technologies S.r.l.\",\"description\":\"\",\"publisher\":{\"@id\":\"https:\/\/www.pumixplant.com\/es\/#organization\"},\"potentialAction\":[{\"@type\":\"SearchAction\",\"target\":{\"@type\":\"EntryPoint\",\"urlTemplate\":\"https:\/\/www.pumixplant.com\/es\/?s={search_term_string}\"},\"query-input\":{\"@type\":\"PropertyValueSpecification\",\"valueRequired\":true,\"valueName\":\"search_term_string\"}}],\"inLanguage\":\"es\"},{\"@type\":\"Organization\",\"@id\":\"https:\/\/www.pumixplant.com\/es\/#organization\",\"name\":\"PU MIX Technologies S.r.l.\",\"url\":\"https:\/\/www.pumixplant.com\/es\/\",\"logo\":{\"@type\":\"ImageObject\",\"inLanguage\":\"es\",\"@id\":\"https:\/\/www.pumixplant.com\/es\/#\/schema\/logo\/image\/\",\"url\":\"https:\/\/www.pumixplant.com\/wp-content\/uploads\/2019\/02\/logo-pumix.jpg\",\"contentUrl\":\"https:\/\/www.pumixplant.com\/wp-content\/uploads\/2019\/02\/logo-pumix.jpg\",\"width\":420,\"height\":500,\"caption\":\"PU MIX Technologies S.r.l.\"},\"image\":{\"@id\":\"https:\/\/www.pumixplant.com\/es\/#\/schema\/logo\/image\/\"},\"sameAs\":[\"https:\/\/www.facebook.com\/pumix.technologies\",\"https:\/\/www.linkedin.com\/company\/pu-mix-technologies-s.r.l.\/about\/\",\"https:\/\/www.youtube.com\/channel\/UCE6oMWBtW9k6Ea9yosxr-oA\"]}]}<\/script>","yoast_head_json":{"title":"M\u00e1quinas - PU MIX Technologies S.r.l.","robots":{"index":"index","follow":"follow","max-snippet":"max-snippet:-1","max-image-preview":"max-image-preview:large","max-video-preview":"max-video-preview:-1"},"canonical":"https:\/\/www.pumixplant.com\/es\/maquinas\/","og_locale":"es_ES","og_type":"article","og_title":"M\u00e1quinas - PU MIX Technologies S.r.l.","og_url":"https:\/\/www.pumixplant.com\/es\/maquinas\/","og_site_name":"PU MIX Technologies S.r.l.","article_publisher":"https:\/\/www.facebook.com\/pumix.technologies","article_modified_time":"2025-10-23T07:58:38+00:00","og_image":[{"width":1440,"height":1080,"url":"https:\/\/www.pumixplant.com\/wp-content\/uploads\/2021\/03\/PUMIX-machines-header-3.jpg","type":"image\/jpeg"}],"twitter_card":"summary_large_image","twitter_misc":{"Tiempo de lectura":"1 minuto"},"schema":{"@context":"https:\/\/schema.org","@graph":[{"@type":"WebPage","@id":"https:\/\/www.pumixplant.com\/es\/maquinas\/","url":"https:\/\/www.pumixplant.com\/es\/maquinas\/","name":"M\u00e1quinas - PU MIX Technologies S.r.l.","isPartOf":{"@id":"https:\/\/www.pumixplant.com\/es\/#website"},"primaryImageOfPage":{"@id":"https:\/\/www.pumixplant.com\/es\/maquinas\/#primaryimage"},"image":{"@id":"https:\/\/www.pumixplant.com\/es\/maquinas\/#primaryimage"},"thumbnailUrl":"https:\/\/www.pumixplant.com\/wp-content\/uploads\/2021\/03\/PUMIX-machines-header-3.jpg","datePublished":"2021-01-11T10:38:39+00:00","dateModified":"2025-10-23T07:58:38+00:00","breadcrumb":{"@id":"https:\/\/www.pumixplant.com\/es\/maquinas\/#breadcrumb"},"inLanguage":"es","potentialAction":[{"@type":"ReadAction","target":["https:\/\/www.pumixplant.com\/es\/maquinas\/"]}]},{"@type":"ImageObject","inLanguage":"es","@id":"https:\/\/www.pumixplant.com\/es\/maquinas\/#primaryimage","url":"https:\/\/www.pumixplant.com\/wp-content\/uploads\/2021\/03\/PUMIX-machines-header-3.jpg","contentUrl":"https:\/\/www.pumixplant.com\/wp-content\/uploads\/2021\/03\/PUMIX-machines-header-3.jpg","width":1440,"height":1080},{"@type":"BreadcrumbList","@id":"https:\/\/www.pumixplant.com\/es\/maquinas\/#breadcrumb","itemListElement":[{"@type":"ListItem","position":1,"name":"Home","item":"https:\/\/www.pumixplant.com\/es\/"},{"@type":"ListItem","position":2,"name":"M\u00e1quinas"}]},{"@type":"WebSite","@id":"https:\/\/www.pumixplant.com\/es\/#website","url":"https:\/\/www.pumixplant.com\/es\/","name":"PU MIX Technologies S.r.l.","description":"","publisher":{"@id":"https:\/\/www.pumixplant.com\/es\/#organization"},"potentialAction":[{"@type":"SearchAction","target":{"@type":"EntryPoint","urlTemplate":"https:\/\/www.pumixplant.com\/es\/?s={search_term_string}"},"query-input":{"@type":"PropertyValueSpecification","valueRequired":true,"valueName":"search_term_string"}}],"inLanguage":"es"},{"@type":"Organization","@id":"https:\/\/www.pumixplant.com\/es\/#organization","name":"PU MIX Technologies S.r.l.","url":"https:\/\/www.pumixplant.com\/es\/","logo":{"@type":"ImageObject","inLanguage":"es","@id":"https:\/\/www.pumixplant.com\/es\/#\/schema\/logo\/image\/","url":"https:\/\/www.pumixplant.com\/wp-content\/uploads\/2019\/02\/logo-pumix.jpg","contentUrl":"https:\/\/www.pumixplant.com\/wp-content\/uploads\/2019\/02\/logo-pumix.jpg","width":420,"height":500,"caption":"PU MIX Technologies S.r.l."},"image":{"@id":"https:\/\/www.pumixplant.com\/es\/#\/schema\/logo\/image\/"},"sameAs":["https:\/\/www.facebook.com\/pumix.technologies","https:\/\/www.linkedin.com\/company\/pu-mix-technologies-s.r.l.\/about\/","https:\/\/www.youtube.com\/channel\/UCE6oMWBtW9k6Ea9yosxr-oA"]}]}},"_links":{"self":[{"href":"https:\/\/www.pumixplant.com\/es\/wp-json\/wp\/v2\/pages\/10273","targetHints":{"allow":["GET"]}}],"collection":[{"href":"https:\/\/www.pumixplant.com\/es\/wp-json\/wp\/v2\/pages"}],"about":[{"href":"https:\/\/www.pumixplant.com\/es\/wp-json\/wp\/v2\/types\/page"}],"author":[{"embeddable":true,"href":"https:\/\/www.pumixplant.com\/es\/wp-json\/wp\/v2\/users\/6"}],"replies":[{"embeddable":true,"href":"https:\/\/www.pumixplant.com\/es\/wp-json\/wp\/v2\/comments?post=10273"}],"version-history":[{"count":1,"href":"https:\/\/www.pumixplant.com\/es\/wp-json\/wp\/v2\/pages\/10273\/revisions"}],"predecessor-version":[{"id":10294,"href":"https:\/\/www.pumixplant.com\/es\/wp-json\/wp\/v2\/pages\/10273\/revisions\/10294"}],"wp:featuredmedia":[{"embeddable":true,"href":"https:\/\/www.pumixplant.com\/es\/wp-json\/wp\/v2\/media\/9436"}],"wp:attachment":[{"href":"https:\/\/www.pumixplant.com\/es\/wp-json\/wp\/v2\/media?parent=10273"}],"curies":[{"name":"wp","href":"https:\/\/api.w.org\/{rel}","templated":true}]}}