{"id":10269,"date":"2020-02-17T11:03:09","date_gmt":"2020-02-17T10:03:09","guid":{"rendered":"https:\/\/www.pumixplant.com\/chi-siamo\/"},"modified":"2025-10-23T09:34:28","modified_gmt":"2025-10-23T07:34:28","slug":"kim-jestesmy","status":"publish","type":"page","link":"https:\/\/www.pumixplant.com\/pl\/kim-jestesmy\/","title":{"rendered":"Kim jeste\u015bmy"},"content":{"rendered":"\n<div class=\"wp-block-group has-very-light-gray-background-color has-background\"><div class=\"wp-block-group__inner-container is-layout-flow wp-block-group-is-layout-flow\">\n<div class=\"wp-block-group container\"><div class=\"wp-block-group__inner-container is-layout-flow wp-block-group-is-layout-flow\">\n<div style=\"height:30px\" aria-hidden=\"true\" class=\"wp-block-spacer\"><\/div>\n\n\n\n<p class=\"has-text-align-center has-text-color\" style=\"color:#000000;font-size:26px\">PU MIX Technologies powsta\u0142o, aby wyj\u015b\u0107 na przeciw potrzebom klient\u00f3w zainteresowanych innowacyjnymi rozwi\u0105zaniami high-tech dla przemys\u0142u formowania poliuretanu<\/p>\n\n\n\n<div style=\"height:30px\" aria-hidden=\"true\" class=\"wp-block-spacer\"><\/div>\n<\/div><\/div>\n<\/div><\/div>\n\n\n\n<div style=\"height:50px\" aria-hidden=\"true\" class=\"wp-block-spacer\"><\/div>\n\n\n\n<div class=\"wp-block-group container\"><div class=\"wp-block-group__inner-container is-layout-flow wp-block-group-is-layout-flow\">\n<div class=\"wp-block-columns is-layout-flex wp-container-core-columns-is-layout-9d6595d7 wp-block-columns-is-layout-flex\">\n<div class=\"wp-block-column is-layout-flow wp-block-column-is-layout-flow\">\n<p class=\"has-text-align-center has-medium-font-size\">Dzi\u0119ki sile zespo\u0142u z du\u017cym do\u015bwiadczeniem w tej dziedzinie, <strong>PU MIX Technologies<\/strong> projektuje, opracowuje i produkuje instalacje i maszyny do dozowania, mieszania i nalewania poliuretanu. Jest to przedsi\u0119biorstwo, kt\u00f3re z najwy\u017cszym szacunkiem stawia wymagania ka\u017cdego klienta i zawsze zapewnia wysoce spersonalizowane, najnowocze\u015bniejsze instalacje.<\/p>\n\n\n\n<p class=\"has-text-align-center has-medium-font-size\">Od samego pocz\u0105tku firma <strong>PU MIX Technologies<\/strong> zdecydowa\u0142a si\u0119 prowadzi\u0107 polityk\u0119 zdecydowanie zorientowan\u0105 na zadowolenie klient\u00f3w i skupi\u0107 si\u0119 w du\u017cej mierze na rozwi\u0105zywaniu problem\u00f3w. Dzi\u0119ki temu firmie uda\u0142o si\u0119 do tej pory wypracowa\u0107 dynamiczny charakter i szczer\u0105 ch\u0119\u0107 rozwoju wraz ze swoimi klientami.<\/p>\n<\/div>\n<\/div>\n<\/div><\/div>\n\n\n\n<div style=\"height:10px\" aria-hidden=\"true\" class=\"wp-block-spacer\"><\/div>\n\n\n<div class=\"wp-block-image is-resized\">\n<figure class=\"aligncenter size-full\"><img loading=\"lazy\" decoding=\"async\" width=\"1024\" height=\"768\" src=\"https:\/\/www.pumixplant.com\/wp-content\/uploads\/2021\/02\/PUMIX_Polyurethane_Plants_Workshop.jpg\" alt=\"\" class=\"wp-image-3452\" srcset=\"https:\/\/www.pumixplant.com\/wp-content\/uploads\/2021\/02\/PUMIX_Polyurethane_Plants_Workshop.jpg 1024w, https:\/\/www.pumixplant.com\/wp-content\/uploads\/2021\/02\/PUMIX_Polyurethane_Plants_Workshop-800x600.jpg 800w, https:\/\/www.pumixplant.com\/wp-content\/uploads\/2021\/02\/PUMIX_Polyurethane_Plants_Workshop-768x576.jpg 768w\" sizes=\"auto, (max-width: 1024px) 100vw, 1024px\" \/><\/figure>\n<\/div>\n\n\n<div style=\"height:50px\" aria-hidden=\"true\" class=\"wp-block-spacer\"><\/div>\n\n\n\n<div class=\"wp-block-group container\"><div class=\"wp-block-group__inner-container is-layout-flow wp-block-group-is-layout-flow\">\n<div class=\"wp-block-media-text alignwide is-stacked-on-mobile\" style=\"grid-template-columns:46% auto\"><figure class=\"wp-block-media-text__media\"><img loading=\"lazy\" decoding=\"async\" width=\"1200\" height=\"900\" src=\"https:\/\/www.pumixplant.com\/wp-content\/uploads\/2021\/02\/PUMIX_Polyurethane_Plants_Problem-Solving-1200x900.jpg\" alt=\"\" class=\"wp-image-3448 size-full\" srcset=\"https:\/\/www.pumixplant.com\/wp-content\/uploads\/2021\/02\/PUMIX_Polyurethane_Plants_Problem-Solving-1200x900.jpg 1200w, https:\/\/www.pumixplant.com\/wp-content\/uploads\/2021\/02\/PUMIX_Polyurethane_Plants_Problem-Solving-800x600.jpg 800w, https:\/\/www.pumixplant.com\/wp-content\/uploads\/2021\/02\/PUMIX_Polyurethane_Plants_Problem-Solving-768x576.jpg 768w, https:\/\/www.pumixplant.com\/wp-content\/uploads\/2021\/02\/PUMIX_Polyurethane_Plants_Problem-Solving.jpg 1440w\" sizes=\"auto, (max-width: 1200px) 100vw, 1200px\" \/><\/figure><div class=\"wp-block-media-text__content\">\n<p class=\"has-medium-font-size\">Nasze atuty to:<\/p>\n\n\n\n<div style=\"height:40px\" aria-hidden=\"true\" class=\"wp-block-spacer\"><\/div>\n\n\n\n<p class=\"has-medium-font-size\"><strong>ROZWI\u0104ZYWANIE PROBLEM\u00d3W:<\/strong> traktujemy ka\u017cd\u0105 potrzeb\u0119 lub problem klienta jako ekscytuj\u0105ce wyzwanie, kt\u00f3remu nale\u017cy sprosta\u0107 z najwy\u017csz\u0105 skuteczno\u015bci\u0105.<\/p>\n\n\n\n<p class=\"has-medium-font-size\"><strong>KNOW-HOW:<\/strong> przez lata naszej pracy w tej dziedzinie zgromadzili\u015bmy bezcenn\u0105 wiedz\u0119 w zakresie projektowania, in\u017cynierii, produkcji, instalacji i uruchamiania z\u0142o\u017conych system\u00f3w poliuretanowych na ca\u0142ym \u015bwiecie. To ogromne do\u015bwiadczenie ka\u017cdego dnia s\u0142u\u017cy do dyspozycji naszych klient\u00f3w.<\/p>\n<\/div><\/div>\n<\/div><\/div>\n\n\n\n<div style=\"height:50px\" aria-hidden=\"true\" class=\"wp-block-spacer\"><\/div>\n\n\n\n<div class=\"wp-block-group container\"><div class=\"wp-block-group__inner-container is-layout-flow wp-block-group-is-layout-flow\">\n<div class=\"wp-block-media-text alignwide has-media-on-the-right is-stacked-on-mobile\" style=\"grid-template-columns:auto 46%\"><div class=\"wp-block-media-text__content\">\n<p class=\"has-medium-font-size\"><strong>INSTALACJE DOSTOSOWANE DO INDYWIDUALNYCH POTRZEB:<\/strong> ka\u017cda z naszych maszyn lub instalacji mo\u017ce by\u0107 w pe\u0142ni dostosowana do wszelkich specyficznych wymaga\u0144. Je\u015bli masz jakie\u015b konkretne potrzeby lub wymagania, z pewno\u015bci\u0105 je spe\u0142nimy!<\/p>\n\n\n\n<p class=\"has-medium-font-size\"><strong>ELASTYCZNO\u015a\u0106:<\/strong> wysoka jako\u015b\u0107, konsekwentne dzia\u0142anie i konkurencyjne ceny to elementy le\u017c\u0105ce u podstaw wszystkich naszych przedsi\u0119wzi\u0119\u0107.<\/p>\n\n\n\n<div style=\"height:40px\" aria-hidden=\"true\" class=\"wp-block-spacer\"><\/div>\n\n\n\n<p class=\"has-text-align-left has-medium-font-size\">S\u0105 to kluczowe elementy sukcesu PU MIX Technologies w konkurowaniu na szybko zmieniaj\u0105cym si\u0119, globalnym rynku PU!<\/p>\n<\/div><figure class=\"wp-block-media-text__media\"><img loading=\"lazy\" decoding=\"async\" width=\"800\" height=\"600\" src=\"https:\/\/www.pumixplant.com\/wp-content\/uploads\/2021\/02\/PUMIX_Polyurethane_Know-How-800x600.jpg\" alt=\"\" class=\"wp-image-3450 size-medium\" srcset=\"https:\/\/www.pumixplant.com\/wp-content\/uploads\/2021\/02\/PUMIX_Polyurethane_Know-How-800x600.jpg 800w, https:\/\/www.pumixplant.com\/wp-content\/uploads\/2021\/02\/PUMIX_Polyurethane_Know-How-1200x900.jpg 1200w, https:\/\/www.pumixplant.com\/wp-content\/uploads\/2021\/02\/PUMIX_Polyurethane_Know-How-768x576.jpg 768w, https:\/\/www.pumixplant.com\/wp-content\/uploads\/2021\/02\/PUMIX_Polyurethane_Know-How.jpg 1440w\" sizes=\"auto, (max-width: 800px) 100vw, 800px\" \/><\/figure><\/div>\n<\/div><\/div>\n","protected":false},"excerpt":{"rendered":"<p>PU MIX Technologies<\/p>\n","protected":false},"author":6,"featured_media":5873,"parent":0,"menu_order":0,"comment_status":"closed","ping_status":"closed","template":"","meta":{"_acf_changed":false,"footnotes":""},"class_list":["post-10269","page","type-page","status-publish","has-post-thumbnail","hentry"],"acf":[],"yoast_head":"<title>Kim jeste\u015bmy - PU MIX Technologies S.r.l.<\/title>\n<meta name=\"robots\" content=\"index, follow, max-snippet:-1, max-image-preview:large, max-video-preview:-1\" \/>\n<link rel=\"canonical\" href=\"https:\/\/www.pumixplant.com\/pl\/kim-jestesmy\/\" \/>\n<meta property=\"og:locale\" content=\"pl_PL\" \/>\n<meta property=\"og:type\" content=\"article\" \/>\n<meta property=\"og:title\" content=\"Kim jeste\u015bmy - PU MIX Technologies S.r.l.\" \/>\n<meta property=\"og:description\" content=\"PU MIX Technologies\" \/>\n<meta property=\"og:url\" content=\"https:\/\/www.pumixplant.com\/pl\/kim-jestesmy\/\" \/>\n<meta property=\"og:site_name\" content=\"PU MIX Technologies S.r.l.\" \/>\n<meta property=\"article:publisher\" content=\"https:\/\/www.facebook.com\/pumix.technologies\" \/>\n<meta property=\"article:modified_time\" content=\"2025-10-23T07:34:28+00:00\" \/>\n<meta property=\"og:image\" content=\"https:\/\/www.pumixplant.com\/wp-content\/uploads\/2019\/02\/PUMIX-Technologies.jpg\" \/>\n\t<meta property=\"og:image:width\" content=\"1440\" \/>\n\t<meta property=\"og:image:height\" content=\"1080\" \/>\n\t<meta property=\"og:image:type\" content=\"image\/jpeg\" \/>\n<meta name=\"twitter:card\" content=\"summary_large_image\" \/>\n<meta name=\"twitter:label1\" content=\"Szacowany czas czytania\" \/>\n\t<meta name=\"twitter:data1\" content=\"2 minuty\" \/>\n<script type=\"application\/ld+json\" class=\"yoast-schema-graph\">{\"@context\":\"https:\/\/schema.org\",\"@graph\":[{\"@type\":\"WebPage\",\"@id\":\"https:\/\/www.pumixplant.com\/pl\/kim-jestesmy\/\",\"url\":\"https:\/\/www.pumixplant.com\/pl\/kim-jestesmy\/\",\"name\":\"Kim jeste\u015bmy - PU MIX Technologies S.r.l.\",\"isPartOf\":{\"@id\":\"https:\/\/www.pumixplant.com\/pl\/#website\"},\"primaryImageOfPage\":{\"@id\":\"https:\/\/www.pumixplant.com\/pl\/kim-jestesmy\/#primaryimage\"},\"image\":{\"@id\":\"https:\/\/www.pumixplant.com\/pl\/kim-jestesmy\/#primaryimage\"},\"thumbnailUrl\":\"https:\/\/www.pumixplant.com\/wp-content\/uploads\/2019\/02\/PUMIX-Technologies.jpg\",\"datePublished\":\"2020-02-17T10:03:09+00:00\",\"dateModified\":\"2025-10-23T07:34:28+00:00\",\"breadcrumb\":{\"@id\":\"https:\/\/www.pumixplant.com\/pl\/kim-jestesmy\/#breadcrumb\"},\"inLanguage\":\"pl-PL\",\"potentialAction\":[{\"@type\":\"ReadAction\",\"target\":[\"https:\/\/www.pumixplant.com\/pl\/kim-jestesmy\/\"]}]},{\"@type\":\"ImageObject\",\"inLanguage\":\"pl-PL\",\"@id\":\"https:\/\/www.pumixplant.com\/pl\/kim-jestesmy\/#primaryimage\",\"url\":\"https:\/\/www.pumixplant.com\/wp-content\/uploads\/2019\/02\/PUMIX-Technologies.jpg\",\"contentUrl\":\"https:\/\/www.pumixplant.com\/wp-content\/uploads\/2019\/02\/PUMIX-Technologies.jpg\",\"width\":1440,\"height\":1080},{\"@type\":\"BreadcrumbList\",\"@id\":\"https:\/\/www.pumixplant.com\/pl\/kim-jestesmy\/#breadcrumb\",\"itemListElement\":[{\"@type\":\"ListItem\",\"position\":1,\"name\":\"Home\",\"item\":\"https:\/\/www.pumixplant.com\/pl\/\"},{\"@type\":\"ListItem\",\"position\":2,\"name\":\"Kim jeste\u015bmy\"}]},{\"@type\":\"WebSite\",\"@id\":\"https:\/\/www.pumixplant.com\/pl\/#website\",\"url\":\"https:\/\/www.pumixplant.com\/pl\/\",\"name\":\"PU MIX Technologies S.r.l.\",\"description\":\"\",\"publisher\":{\"@id\":\"https:\/\/www.pumixplant.com\/pl\/#organization\"},\"potentialAction\":[{\"@type\":\"SearchAction\",\"target\":{\"@type\":\"EntryPoint\",\"urlTemplate\":\"https:\/\/www.pumixplant.com\/pl\/?s={search_term_string}\"},\"query-input\":{\"@type\":\"PropertyValueSpecification\",\"valueRequired\":true,\"valueName\":\"search_term_string\"}}],\"inLanguage\":\"pl-PL\"},{\"@type\":\"Organization\",\"@id\":\"https:\/\/www.pumixplant.com\/pl\/#organization\",\"name\":\"PU MIX Technologies S.r.l.\",\"url\":\"https:\/\/www.pumixplant.com\/pl\/\",\"logo\":{\"@type\":\"ImageObject\",\"inLanguage\":\"pl-PL\",\"@id\":\"https:\/\/www.pumixplant.com\/pl\/#\/schema\/logo\/image\/\",\"url\":\"https:\/\/www.pumixplant.com\/wp-content\/uploads\/2019\/02\/logo-pumix.jpg\",\"contentUrl\":\"https:\/\/www.pumixplant.com\/wp-content\/uploads\/2019\/02\/logo-pumix.jpg\",\"width\":420,\"height\":500,\"caption\":\"PU MIX Technologies S.r.l.\"},\"image\":{\"@id\":\"https:\/\/www.pumixplant.com\/pl\/#\/schema\/logo\/image\/\"},\"sameAs\":[\"https:\/\/www.facebook.com\/pumix.technologies\",\"https:\/\/www.linkedin.com\/company\/pu-mix-technologies-s.r.l.\/about\/\",\"https:\/\/www.youtube.com\/channel\/UCE6oMWBtW9k6Ea9yosxr-oA\"]}]}<\/script>","yoast_head_json":{"title":"Kim jeste\u015bmy - PU MIX Technologies S.r.l.","robots":{"index":"index","follow":"follow","max-snippet":"max-snippet:-1","max-image-preview":"max-image-preview:large","max-video-preview":"max-video-preview:-1"},"canonical":"https:\/\/www.pumixplant.com\/pl\/kim-jestesmy\/","og_locale":"pl_PL","og_type":"article","og_title":"Kim jeste\u015bmy - PU MIX Technologies S.r.l.","og_description":"PU MIX Technologies","og_url":"https:\/\/www.pumixplant.com\/pl\/kim-jestesmy\/","og_site_name":"PU MIX Technologies S.r.l.","article_publisher":"https:\/\/www.facebook.com\/pumix.technologies","article_modified_time":"2025-10-23T07:34:28+00:00","og_image":[{"width":1440,"height":1080,"url":"https:\/\/www.pumixplant.com\/wp-content\/uploads\/2019\/02\/PUMIX-Technologies.jpg","type":"image\/jpeg"}],"twitter_card":"summary_large_image","twitter_misc":{"Szacowany czas czytania":"2 minuty"},"schema":{"@context":"https:\/\/schema.org","@graph":[{"@type":"WebPage","@id":"https:\/\/www.pumixplant.com\/pl\/kim-jestesmy\/","url":"https:\/\/www.pumixplant.com\/pl\/kim-jestesmy\/","name":"Kim jeste\u015bmy - PU MIX Technologies S.r.l.","isPartOf":{"@id":"https:\/\/www.pumixplant.com\/pl\/#website"},"primaryImageOfPage":{"@id":"https:\/\/www.pumixplant.com\/pl\/kim-jestesmy\/#primaryimage"},"image":{"@id":"https:\/\/www.pumixplant.com\/pl\/kim-jestesmy\/#primaryimage"},"thumbnailUrl":"https:\/\/www.pumixplant.com\/wp-content\/uploads\/2019\/02\/PUMIX-Technologies.jpg","datePublished":"2020-02-17T10:03:09+00:00","dateModified":"2025-10-23T07:34:28+00:00","breadcrumb":{"@id":"https:\/\/www.pumixplant.com\/pl\/kim-jestesmy\/#breadcrumb"},"inLanguage":"pl-PL","potentialAction":[{"@type":"ReadAction","target":["https:\/\/www.pumixplant.com\/pl\/kim-jestesmy\/"]}]},{"@type":"ImageObject","inLanguage":"pl-PL","@id":"https:\/\/www.pumixplant.com\/pl\/kim-jestesmy\/#primaryimage","url":"https:\/\/www.pumixplant.com\/wp-content\/uploads\/2019\/02\/PUMIX-Technologies.jpg","contentUrl":"https:\/\/www.pumixplant.com\/wp-content\/uploads\/2019\/02\/PUMIX-Technologies.jpg","width":1440,"height":1080},{"@type":"BreadcrumbList","@id":"https:\/\/www.pumixplant.com\/pl\/kim-jestesmy\/#breadcrumb","itemListElement":[{"@type":"ListItem","position":1,"name":"Home","item":"https:\/\/www.pumixplant.com\/pl\/"},{"@type":"ListItem","position":2,"name":"Kim jeste\u015bmy"}]},{"@type":"WebSite","@id":"https:\/\/www.pumixplant.com\/pl\/#website","url":"https:\/\/www.pumixplant.com\/pl\/","name":"PU MIX Technologies S.r.l.","description":"","publisher":{"@id":"https:\/\/www.pumixplant.com\/pl\/#organization"},"potentialAction":[{"@type":"SearchAction","target":{"@type":"EntryPoint","urlTemplate":"https:\/\/www.pumixplant.com\/pl\/?s={search_term_string}"},"query-input":{"@type":"PropertyValueSpecification","valueRequired":true,"valueName":"search_term_string"}}],"inLanguage":"pl-PL"},{"@type":"Organization","@id":"https:\/\/www.pumixplant.com\/pl\/#organization","name":"PU MIX Technologies S.r.l.","url":"https:\/\/www.pumixplant.com\/pl\/","logo":{"@type":"ImageObject","inLanguage":"pl-PL","@id":"https:\/\/www.pumixplant.com\/pl\/#\/schema\/logo\/image\/","url":"https:\/\/www.pumixplant.com\/wp-content\/uploads\/2019\/02\/logo-pumix.jpg","contentUrl":"https:\/\/www.pumixplant.com\/wp-content\/uploads\/2019\/02\/logo-pumix.jpg","width":420,"height":500,"caption":"PU MIX Technologies S.r.l."},"image":{"@id":"https:\/\/www.pumixplant.com\/pl\/#\/schema\/logo\/image\/"},"sameAs":["https:\/\/www.facebook.com\/pumix.technologies","https:\/\/www.linkedin.com\/company\/pu-mix-technologies-s.r.l.\/about\/","https:\/\/www.youtube.com\/channel\/UCE6oMWBtW9k6Ea9yosxr-oA"]}]}},"_links":{"self":[{"href":"https:\/\/www.pumixplant.com\/pl\/wp-json\/wp\/v2\/pages\/10269","targetHints":{"allow":["GET"]}}],"collection":[{"href":"https:\/\/www.pumixplant.com\/pl\/wp-json\/wp\/v2\/pages"}],"about":[{"href":"https:\/\/www.pumixplant.com\/pl\/wp-json\/wp\/v2\/types\/page"}],"author":[{"embeddable":true,"href":"https:\/\/www.pumixplant.com\/pl\/wp-json\/wp\/v2\/users\/6"}],"replies":[{"embeddable":true,"href":"https:\/\/www.pumixplant.com\/pl\/wp-json\/wp\/v2\/comments?post=10269"}],"version-history":[{"count":3,"href":"https:\/\/www.pumixplant.com\/pl\/wp-json\/wp\/v2\/pages\/10269\/revisions"}],"predecessor-version":[{"id":10448,"href":"https:\/\/www.pumixplant.com\/pl\/wp-json\/wp\/v2\/pages\/10269\/revisions\/10448"}],"wp:featuredmedia":[{"embeddable":true,"href":"https:\/\/www.pumixplant.com\/pl\/wp-json\/wp\/v2\/media\/5873"}],"wp:attachment":[{"href":"https:\/\/www.pumixplant.com\/pl\/wp-json\/wp\/v2\/media?parent=10269"}],"curies":[{"name":"wp","href":"https:\/\/api.w.org\/{rel}","templated":true}]}}