{"id":10275,"date":"2021-01-11T11:38:17","date_gmt":"2021-01-11T10:38:17","guid":{"rendered":"https:\/\/www.pumixplant.com\/attrezzature\/"},"modified":"2025-10-23T09:56:10","modified_gmt":"2025-10-23T07:56:10","slug":"sprzet","status":"publish","type":"page","link":"https:\/\/www.pumixplant.com\/pl\/sprzet\/","title":{"rendered":"Sprz\u0119t"},"content":{"rendered":"\n<div class=\"wp-block-group container\"><div class=\"wp-block-group__inner-container is-layout-flow wp-block-group-is-layout-flow\"><div class=\"sh_itemlist_filter\">\n\t<div id=\"equipment_category_item_list\" class=\"item_list_wrapper\">\n\t\t<div class=\"child_post_list item_list_wrapper_row row\">\n\t\t\t\t\t<div class=\"single_child_post single_elem_rip filter_single_obj  col-12 col-md-6 col-lg-4\">\n\t\t\t\t<a class=\"filter_single_obj_link\" href=\"https:\/\/www.pumixplant.com\/pl\/sprzet\/piece-rotacyjne-do-wstepnego-podgrzewania-surowcow-chemicznych\/\">\n\t\t\t\t\t<div class=\"single_child_box single_elem_box\">\n\t\t\t\t\t\t<div class=\"single_child_data single_elem_data\">\n\t\t\t\t\t\t\t<div>\n\t\t\t\t\t\t\t\t<img decoding=\"async\" src=\"https:\/\/www.pumixplant.com\/wp-content\/uploads\/2019\/03\/Forno_Pre-riscaldo_Rotativo_01-600x500.jpg\">\n\t\t\t\t\t\t\t<\/div>\n\t\t\t\t\t\t<\/div>\n                        <div class=\"single_child_title single_elem_title filter_single_obj_title\">Piece Rotacyjne Do Wst\u0119pnego Podgrzewania Surowc\u00f3w Chemicznych<\/div>\n\t\t\t\t\t<\/div>\n\t\t\t\t\t\n\t\t\t\t<\/a>\n\t\t\t<\/div>\n\t\t\t\t\t\t<div class=\"single_child_post single_elem_rip filter_single_obj  col-12 col-md-6 col-lg-4\">\n\t\t\t\t<a class=\"filter_single_obj_link\" href=\"https:\/\/www.pumixplant.com\/pl\/sprzet\/piece-do-wstepnego-podgrzania-i-dojrzewania\/\">\n\t\t\t\t\t<div class=\"single_child_box single_elem_box\">\n\t\t\t\t\t\t<div class=\"single_child_data single_elem_data\">\n\t\t\t\t\t\t\t<div>\n\t\t\t\t\t\t\t\t<img decoding=\"async\" src=\"https:\/\/www.pumixplant.com\/wp-content\/uploads\/2021\/01\/DSC04300-Copia-600x500.jpg\">\n\t\t\t\t\t\t\t<\/div>\n\t\t\t\t\t\t<\/div>\n                        <div class=\"single_child_title single_elem_title filter_single_obj_title\">Piece Do Wst\u0119pnego Podgrzania I Dojrzewania<\/div>\n\t\t\t\t\t<\/div>\n\t\t\t\t\t\n\t\t\t\t<\/a>\n\t\t\t<\/div>\n\t\t\t\t\t\t<div class=\"single_child_post single_elem_rip filter_single_obj  col-12 col-md-6 col-lg-4\">\n\t\t\t\t<a class=\"filter_single_obj_link\" href=\"https:\/\/www.pumixplant.com\/pl\/sprzet\/piec-stol-rotacyjny\/\">\n\t\t\t\t\t<div class=\"single_child_box single_elem_box\">\n\t\t\t\t\t\t<div class=\"single_child_data single_elem_data\">\n\t\t\t\t\t\t\t<div>\n\t\t\t\t\t\t\t\t<img decoding=\"async\" src=\"https:\/\/www.pumixplant.com\/wp-content\/uploads\/2021\/01\/Forno-Rotativo-Img.-Brochure-Elastomeri-Copia-600x500.jpg\">\n\t\t\t\t\t\t\t<\/div>\n\t\t\t\t\t\t<\/div>\n                        <div class=\"single_child_title single_elem_title filter_single_obj_title\">Piec, St\u00f3\u0142 Rotacyjny<\/div>\n\t\t\t\t\t<\/div>\n\t\t\t\t\t\n\t\t\t\t<\/a>\n\t\t\t<\/div>\n\t\t\t\t\t\t<div class=\"single_child_post single_elem_rip filter_single_obj  col-12 col-md-6 col-lg-4\">\n\t\t\t\t<a class=\"filter_single_obj_link\" href=\"https:\/\/www.pumixplant.com\/pl\/sprzet\/statyczne-piece-do-podrzewania-wstepnego\/\">\n\t\t\t\t\t<div class=\"single_child_box single_elem_box\">\n\t\t\t\t\t\t<div class=\"single_child_data single_elem_data\">\n\t\t\t\t\t\t\t<div>\n\t\t\t\t\t\t\t\t<img decoding=\"async\" src=\"https:\/\/www.pumixplant.com\/wp-content\/uploads\/2021\/01\/tagliata-Copia-600x500.jpg\">\n\t\t\t\t\t\t\t<\/div>\n\t\t\t\t\t\t<\/div>\n                        <div class=\"single_child_title single_elem_title filter_single_obj_title\">Statyczne Piece Do Podrzewania Wst\u0119pnego<\/div>\n\t\t\t\t\t<\/div>\n\t\t\t\t\t\n\t\t\t\t<\/a>\n\t\t\t<\/div>\n\t\t\t\t\t\t<div class=\"single_child_post single_elem_rip filter_single_obj  col-12 col-md-6 col-lg-4\">\n\t\t\t\t<a class=\"filter_single_obj_link\" href=\"https:\/\/www.pumixplant.com\/pl\/sprzet\/vacuum-mix\/\">\n\t\t\t\t\t<div class=\"single_child_box single_elem_box\">\n\t\t\t\t\t\t<div class=\"single_child_data single_elem_data\">\n\t\t\t\t\t\t\t<div>\n\t\t\t\t\t\t\t\t<img decoding=\"async\" src=\"https:\/\/www.pumixplant.com\/wp-content\/uploads\/2021\/01\/IMG_6390-Copia-600x500.jpg\">\n\t\t\t\t\t\t\t<\/div>\n\t\t\t\t\t\t<\/div>\n                        <div class=\"single_child_title single_elem_title filter_single_obj_title\">Urz\u0105dzenia P\u00f3\u0142automatyczne Do Odgazowywania I Mieszania Sk\u0142adnik\u00f3w<\/div>\n\t\t\t\t\t<\/div>\n\t\t\t\t\t\n\t\t\t\t<\/a>\n\t\t\t<\/div>\n\t\t\t\t\t<\/div>\n\t<\/div>\n\t<\/div>\n\n<\/div><\/div>\n","protected":false},"excerpt":{"rendered":"","protected":false},"author":6,"featured_media":9456,"parent":0,"menu_order":0,"comment_status":"closed","ping_status":"closed","template":"","meta":{"_acf_changed":false,"footnotes":""},"class_list":["post-10275","page","type-page","status-publish","has-post-thumbnail","hentry"],"acf":[],"yoast_head":"<title>Sprz\u0119t - PU MIX Technologies S.r.l.<\/title>\n<meta name=\"robots\" content=\"index, follow, max-snippet:-1, max-image-preview:large, max-video-preview:-1\" \/>\n<link rel=\"canonical\" href=\"https:\/\/www.pumixplant.com\/pl\/sprzet\/\" \/>\n<meta property=\"og:locale\" content=\"pl_PL\" \/>\n<meta property=\"og:type\" content=\"article\" \/>\n<meta property=\"og:title\" content=\"Sprz\u0119t - PU MIX Technologies S.r.l.\" \/>\n<meta property=\"og:url\" content=\"https:\/\/www.pumixplant.com\/pl\/sprzet\/\" \/>\n<meta property=\"og:site_name\" content=\"PU MIX Technologies S.r.l.\" \/>\n<meta property=\"article:publisher\" content=\"https:\/\/www.facebook.com\/pumix.technologies\" \/>\n<meta property=\"article:modified_time\" content=\"2025-10-23T07:56:10+00:00\" \/>\n<meta property=\"og:image\" content=\"https:\/\/www.pumixplant.com\/wp-content\/uploads\/2021\/03\/PUMIX-equipment-header-2.jpg\" \/>\n\t<meta property=\"og:image:width\" content=\"1820\" \/>\n\t<meta property=\"og:image:height\" content=\"1080\" \/>\n\t<meta property=\"og:image:type\" content=\"image\/jpeg\" \/>\n<meta name=\"twitter:card\" content=\"summary_large_image\" \/>\n<meta name=\"twitter:label1\" content=\"Szacowany czas czytania\" \/>\n\t<meta name=\"twitter:data1\" content=\"1 minuta\" \/>\n<script type=\"application\/ld+json\" class=\"yoast-schema-graph\">{\"@context\":\"https:\/\/schema.org\",\"@graph\":[{\"@type\":\"WebPage\",\"@id\":\"https:\/\/www.pumixplant.com\/pl\/sprzet\/\",\"url\":\"https:\/\/www.pumixplant.com\/pl\/sprzet\/\",\"name\":\"Sprz\u0119t - PU MIX Technologies S.r.l.\",\"isPartOf\":{\"@id\":\"https:\/\/www.pumixplant.com\/pl\/#website\"},\"primaryImageOfPage\":{\"@id\":\"https:\/\/www.pumixplant.com\/pl\/sprzet\/#primaryimage\"},\"image\":{\"@id\":\"https:\/\/www.pumixplant.com\/pl\/sprzet\/#primaryimage\"},\"thumbnailUrl\":\"https:\/\/www.pumixplant.com\/wp-content\/uploads\/2021\/03\/PUMIX-equipment-header-2.jpg\",\"datePublished\":\"2021-01-11T10:38:17+00:00\",\"dateModified\":\"2025-10-23T07:56:10+00:00\",\"breadcrumb\":{\"@id\":\"https:\/\/www.pumixplant.com\/pl\/sprzet\/#breadcrumb\"},\"inLanguage\":\"pl-PL\",\"potentialAction\":[{\"@type\":\"ReadAction\",\"target\":[\"https:\/\/www.pumixplant.com\/pl\/sprzet\/\"]}]},{\"@type\":\"ImageObject\",\"inLanguage\":\"pl-PL\",\"@id\":\"https:\/\/www.pumixplant.com\/pl\/sprzet\/#primaryimage\",\"url\":\"https:\/\/www.pumixplant.com\/wp-content\/uploads\/2021\/03\/PUMIX-equipment-header-2.jpg\",\"contentUrl\":\"https:\/\/www.pumixplant.com\/wp-content\/uploads\/2021\/03\/PUMIX-equipment-header-2.jpg\",\"width\":1820,\"height\":1080},{\"@type\":\"BreadcrumbList\",\"@id\":\"https:\/\/www.pumixplant.com\/pl\/sprzet\/#breadcrumb\",\"itemListElement\":[{\"@type\":\"ListItem\",\"position\":1,\"name\":\"Home\",\"item\":\"https:\/\/www.pumixplant.com\/pl\/\"},{\"@type\":\"ListItem\",\"position\":2,\"name\":\"Sprz\u0119t\"}]},{\"@type\":\"WebSite\",\"@id\":\"https:\/\/www.pumixplant.com\/pl\/#website\",\"url\":\"https:\/\/www.pumixplant.com\/pl\/\",\"name\":\"PU MIX Technologies S.r.l.\",\"description\":\"\",\"publisher\":{\"@id\":\"https:\/\/www.pumixplant.com\/pl\/#organization\"},\"potentialAction\":[{\"@type\":\"SearchAction\",\"target\":{\"@type\":\"EntryPoint\",\"urlTemplate\":\"https:\/\/www.pumixplant.com\/pl\/?s={search_term_string}\"},\"query-input\":{\"@type\":\"PropertyValueSpecification\",\"valueRequired\":true,\"valueName\":\"search_term_string\"}}],\"inLanguage\":\"pl-PL\"},{\"@type\":\"Organization\",\"@id\":\"https:\/\/www.pumixplant.com\/pl\/#organization\",\"name\":\"PU MIX Technologies S.r.l.\",\"url\":\"https:\/\/www.pumixplant.com\/pl\/\",\"logo\":{\"@type\":\"ImageObject\",\"inLanguage\":\"pl-PL\",\"@id\":\"https:\/\/www.pumixplant.com\/pl\/#\/schema\/logo\/image\/\",\"url\":\"https:\/\/www.pumixplant.com\/wp-content\/uploads\/2019\/02\/logo-pumix.jpg\",\"contentUrl\":\"https:\/\/www.pumixplant.com\/wp-content\/uploads\/2019\/02\/logo-pumix.jpg\",\"width\":420,\"height\":500,\"caption\":\"PU MIX Technologies S.r.l.\"},\"image\":{\"@id\":\"https:\/\/www.pumixplant.com\/pl\/#\/schema\/logo\/image\/\"},\"sameAs\":[\"https:\/\/www.facebook.com\/pumix.technologies\",\"https:\/\/www.linkedin.com\/company\/pu-mix-technologies-s.r.l.\/about\/\",\"https:\/\/www.youtube.com\/channel\/UCE6oMWBtW9k6Ea9yosxr-oA\"]}]}<\/script>","yoast_head_json":{"title":"Sprz\u0119t - PU MIX Technologies S.r.l.","robots":{"index":"index","follow":"follow","max-snippet":"max-snippet:-1","max-image-preview":"max-image-preview:large","max-video-preview":"max-video-preview:-1"},"canonical":"https:\/\/www.pumixplant.com\/pl\/sprzet\/","og_locale":"pl_PL","og_type":"article","og_title":"Sprz\u0119t - PU MIX Technologies S.r.l.","og_url":"https:\/\/www.pumixplant.com\/pl\/sprzet\/","og_site_name":"PU MIX Technologies S.r.l.","article_publisher":"https:\/\/www.facebook.com\/pumix.technologies","article_modified_time":"2025-10-23T07:56:10+00:00","og_image":[{"width":1820,"height":1080,"url":"https:\/\/www.pumixplant.com\/wp-content\/uploads\/2021\/03\/PUMIX-equipment-header-2.jpg","type":"image\/jpeg"}],"twitter_card":"summary_large_image","twitter_misc":{"Szacowany czas czytania":"1 minuta"},"schema":{"@context":"https:\/\/schema.org","@graph":[{"@type":"WebPage","@id":"https:\/\/www.pumixplant.com\/pl\/sprzet\/","url":"https:\/\/www.pumixplant.com\/pl\/sprzet\/","name":"Sprz\u0119t - PU MIX Technologies S.r.l.","isPartOf":{"@id":"https:\/\/www.pumixplant.com\/pl\/#website"},"primaryImageOfPage":{"@id":"https:\/\/www.pumixplant.com\/pl\/sprzet\/#primaryimage"},"image":{"@id":"https:\/\/www.pumixplant.com\/pl\/sprzet\/#primaryimage"},"thumbnailUrl":"https:\/\/www.pumixplant.com\/wp-content\/uploads\/2021\/03\/PUMIX-equipment-header-2.jpg","datePublished":"2021-01-11T10:38:17+00:00","dateModified":"2025-10-23T07:56:10+00:00","breadcrumb":{"@id":"https:\/\/www.pumixplant.com\/pl\/sprzet\/#breadcrumb"},"inLanguage":"pl-PL","potentialAction":[{"@type":"ReadAction","target":["https:\/\/www.pumixplant.com\/pl\/sprzet\/"]}]},{"@type":"ImageObject","inLanguage":"pl-PL","@id":"https:\/\/www.pumixplant.com\/pl\/sprzet\/#primaryimage","url":"https:\/\/www.pumixplant.com\/wp-content\/uploads\/2021\/03\/PUMIX-equipment-header-2.jpg","contentUrl":"https:\/\/www.pumixplant.com\/wp-content\/uploads\/2021\/03\/PUMIX-equipment-header-2.jpg","width":1820,"height":1080},{"@type":"BreadcrumbList","@id":"https:\/\/www.pumixplant.com\/pl\/sprzet\/#breadcrumb","itemListElement":[{"@type":"ListItem","position":1,"name":"Home","item":"https:\/\/www.pumixplant.com\/pl\/"},{"@type":"ListItem","position":2,"name":"Sprz\u0119t"}]},{"@type":"WebSite","@id":"https:\/\/www.pumixplant.com\/pl\/#website","url":"https:\/\/www.pumixplant.com\/pl\/","name":"PU MIX Technologies S.r.l.","description":"","publisher":{"@id":"https:\/\/www.pumixplant.com\/pl\/#organization"},"potentialAction":[{"@type":"SearchAction","target":{"@type":"EntryPoint","urlTemplate":"https:\/\/www.pumixplant.com\/pl\/?s={search_term_string}"},"query-input":{"@type":"PropertyValueSpecification","valueRequired":true,"valueName":"search_term_string"}}],"inLanguage":"pl-PL"},{"@type":"Organization","@id":"https:\/\/www.pumixplant.com\/pl\/#organization","name":"PU MIX Technologies S.r.l.","url":"https:\/\/www.pumixplant.com\/pl\/","logo":{"@type":"ImageObject","inLanguage":"pl-PL","@id":"https:\/\/www.pumixplant.com\/pl\/#\/schema\/logo\/image\/","url":"https:\/\/www.pumixplant.com\/wp-content\/uploads\/2019\/02\/logo-pumix.jpg","contentUrl":"https:\/\/www.pumixplant.com\/wp-content\/uploads\/2019\/02\/logo-pumix.jpg","width":420,"height":500,"caption":"PU MIX Technologies S.r.l."},"image":{"@id":"https:\/\/www.pumixplant.com\/pl\/#\/schema\/logo\/image\/"},"sameAs":["https:\/\/www.facebook.com\/pumix.technologies","https:\/\/www.linkedin.com\/company\/pu-mix-technologies-s.r.l.\/about\/","https:\/\/www.youtube.com\/channel\/UCE6oMWBtW9k6Ea9yosxr-oA"]}]}},"_links":{"self":[{"href":"https:\/\/www.pumixplant.com\/pl\/wp-json\/wp\/v2\/pages\/10275","targetHints":{"allow":["GET"]}}],"collection":[{"href":"https:\/\/www.pumixplant.com\/pl\/wp-json\/wp\/v2\/pages"}],"about":[{"href":"https:\/\/www.pumixplant.com\/pl\/wp-json\/wp\/v2\/types\/page"}],"author":[{"embeddable":true,"href":"https:\/\/www.pumixplant.com\/pl\/wp-json\/wp\/v2\/users\/6"}],"replies":[{"embeddable":true,"href":"https:\/\/www.pumixplant.com\/pl\/wp-json\/wp\/v2\/comments?post=10275"}],"version-history":[{"count":1,"href":"https:\/\/www.pumixplant.com\/pl\/wp-json\/wp\/v2\/pages\/10275\/revisions"}],"predecessor-version":[{"id":10522,"href":"https:\/\/www.pumixplant.com\/pl\/wp-json\/wp\/v2\/pages\/10275\/revisions\/10522"}],"wp:featuredmedia":[{"embeddable":true,"href":"https:\/\/www.pumixplant.com\/pl\/wp-json\/wp\/v2\/media\/9456"}],"wp:attachment":[{"href":"https:\/\/www.pumixplant.com\/pl\/wp-json\/wp\/v2\/media?parent=10275"}],"curies":[{"name":"wp","href":"https:\/\/api.w.org\/{rel}","templated":true}]}}