{"id":10278,"date":"2019-02-04T12:18:32","date_gmt":"2019-02-04T11:18:32","guid":{"rendered":"https:\/\/www.pumixplant.com\/pagina-di-esempio\/"},"modified":"2025-10-23T11:12:23","modified_gmt":"2025-10-23T09:12:23","slug":"pagina-di-esempio","status":"publish","type":"page","link":"https:\/\/www.pumixplant.com\/pl\/","title":{"rendered":"Homepage"},"content":{"rendered":"\n<div class=\"wp-block-group container\"><div class=\"wp-block-group__inner-container is-layout-flow wp-block-group-is-layout-flow\">\n<div style=\"height:50px\" aria-hidden=\"true\" class=\"wp-block-spacer\"><\/div>\n\n\n\n<p class=\"has-text-align-center focus_title\" style=\"font-size:45px\">la nostra tecnologia per:<\/p>\n\n\n\n<div style=\"height:50px\" aria-hidden=\"true\" class=\"wp-block-spacer\"><\/div>\n\n\n<div id=\"homepage_categorires_box\" class=\"boxed_elem_rip_wrapper\">\n\t<div class=\"elem_rip_column elem_rip_column_1\">\n\t\t\t\t<div class=\"single_elem_rip\">\n\t\t\t<a href=\"https:\/\/www.pumixplant.com\/pl\/maszyny\/\">\n\t\t\t\t<div class=\"single_elem_box\">\n\t\t\t\t\t<div class=\"single_elem_data\">\n\t\t\t\t\t\t<div>\n\t\t\t\t\t\t<img decoding=\"async\" src=\"https:\/\/www.pumixplant.com\/wp-content\/uploads\/2021\/01\/PUMIX_elastomer_machine_casting_17.jpg\">\n\t\t\t\t\t\t<div class=\"single_elem_title\">Maszyny<\/div>\n\t\t\t\t\t\t<div class=\"single_elem_descr\"><\/div>\n\t\t\t\t\t\t<\/div>\n\t\t\t\t\t<\/div>\n\t\t\t\t\t\n\t\t\t\t<\/div>\n\t\t\t<\/a>\n\t\t<\/div>\n\t\t\t\t<div class=\"single_elem_rip\">\n\t\t\t<a href=\"https:\/\/www.pumixplant.com\/pl\/sprzet\/\">\n\t\t\t\t<div class=\"single_elem_box\">\n\t\t\t\t\t<div class=\"single_elem_data\">\n\t\t\t\t\t\t<div>\n\t\t\t\t\t\t<img decoding=\"async\" src=\"https:\/\/www.pumixplant.com\/wp-content\/uploads\/2021\/03\/PUMIX_equipment_rotating_preheating_dynamic_oven_drums_pails.jpg\">\n\t\t\t\t\t\t<div class=\"single_elem_title\">Sprz\u0119t<\/div>\n\t\t\t\t\t\t<div class=\"single_elem_descr\"><\/div>\n\t\t\t\t\t\t<\/div>\n\t\t\t\t\t<\/div>\n\t\t\t\t\t\n\t\t\t\t<\/div>\n\t\t\t<\/a>\n\t\t<\/div>\n\t\t\t<\/div>\n\t<div class=\"elem_rip_column elem_rip_column_2\">\n\t\t\t\t<div class=\"single_elem_rip\">\n\t\t\t<a href=\"https:\/\/www.pumixplant.com\/pl\/rosliny\/\">\n\t\t\t\t<div class=\"single_elem_box\">\n\t\t\t\t\t<div class=\"single_elem_data\">\n\t\t\t\t\t\t<div>\n\t\t\t\t\t\t<img decoding=\"async\" src=\"https:\/\/www.pumixplant.com\/wp-content\/uploads\/2021\/01\/Foto-13-03-19-10-38-52-Copia.jpg\">\n\t\t\t\t\t\t<div class=\"single_elem_title\">Ro\u015bliny<\/div>\n\t\t\t\t\t\t<div class=\"single_elem_descr\"><\/div>\n\t\t\t\t\t\t<\/div>\n\t\t\t\t\t<\/div>\n\t\t\t\t\t\n\t\t\t\t<\/div>\n\t\t\t<\/a>\n\t\t<\/div>\n\t\t\t\t<div class=\"single_elem_rip\">\n\t\t\t<a href=\"https:\/\/www.pumixplant.com\/pl\/application-areas-archive\/\">\n\t\t\t\t<div class=\"single_elem_box\">\n\t\t\t\t\t<div class=\"single_elem_data\">\n\t\t\t\t\t\t<div>\n\t\t\t\t\t\t<img decoding=\"async\" src=\"https:\/\/www.pumixplant.com\/wp-content\/uploads\/2019\/02\/slide1.jpg\">\n\t\t\t\t\t\t<div class=\"single_elem_title\">Sektor\u00f3w zastosowa\u0144<\/div>\n\t\t\t\t\t\t<div class=\"single_elem_descr\"><\/div>\n\t\t\t\t\t\t<\/div>\n\t\t\t\t\t<\/div>\n\t\t\t\t\t\n\t\t\t\t<\/div>\n\t\t\t<\/a>\n\t\t<\/div>\n\t\t\t<\/div>\n<\/div>\n<\/div><\/div>\n\n\n\n<div class=\"wp-block-group has-very-light-gray-background-color has-background\"><div class=\"wp-block-group__inner-container is-layout-flow wp-block-group-is-layout-flow\">\n<div class=\"wp-block-media-text alignwide has-media-on-the-right is-stacked-on-mobile\"><div class=\"wp-block-media-text__content\">\n<p class=\"focus_subtitle has-text-color\" style=\"color:#898989;font-size:24px\">Kim jeste\u015bmy<\/p>\n\n\n\n<p class=\"focus_title\" style=\"font-size:45px\">PU MIX TECHNOLOGIES<\/p>\n\n\n\n<p>PU MIX Technologies powsta\u0142o, aby wyj\u015b\u0107 na przeciw potrzebom klient\u00f3w zainteresowanych innowacyjnymi rozwi\u0105zaniami high-tech dla przemys\u0142u formowania poliuretanu<\/p>\n\n\n\n<div class=\"wp-block-button btnTipo1\"><a class=\"wp-block-button__link wp-element-button\" href=\"https:\/\/www.pumixplant.com\/pl\/kim-jestesmy\/\">Przeczytaj wi\u0119cej<\/a><\/div>\n<\/div><figure class=\"wp-block-media-text__media\"><img loading=\"lazy\" decoding=\"async\" width=\"1200\" height=\"900\" src=\"https:\/\/www.pumixplant.com\/wp-content\/uploads\/2019\/02\/PUMIX-Technologies-1200x900.jpg\" alt=\"\" class=\"wp-image-98 size-full\" srcset=\"https:\/\/www.pumixplant.com\/wp-content\/uploads\/2019\/02\/PUMIX-Technologies-1200x900.jpg 1200w, https:\/\/www.pumixplant.com\/wp-content\/uploads\/2019\/02\/PUMIX-Technologies-800x600.jpg 800w, https:\/\/www.pumixplant.com\/wp-content\/uploads\/2019\/02\/PUMIX-Technologies-768x576.jpg 768w, https:\/\/www.pumixplant.com\/wp-content\/uploads\/2019\/02\/PUMIX-Technologies.jpg 1440w\" sizes=\"auto, (max-width: 1200px) 100vw, 1200px\" \/><\/figure><\/div>\n<\/div><\/div>\n","protected":false},"excerpt":{"rendered":"<p>la nostra tecnologia per: Kim jeste\u015bmy PU MIX TECHNOLOGIES PU MIX Technologies powsta\u0142o, aby wyj\u015b\u0107 na przeciw potrzebom klient\u00f3w zainteresowanych innowacyjnymi rozwi\u0105zaniami high-tech dla przemys\u0142u formowania poliuretanu<\/p>\n","protected":false},"author":6,"featured_media":0,"parent":0,"menu_order":0,"comment_status":"closed","ping_status":"open","template":"","meta":{"_acf_changed":false,"footnotes":""},"class_list":["post-10278","page","type-page","status-publish","hentry"],"acf":[],"yoast_head":"<title>Homepage - PU MIX Technologies S.r.l.<\/title>\n<meta name=\"robots\" content=\"index, follow, max-snippet:-1, max-image-preview:large, max-video-preview:-1\" \/>\n<link rel=\"canonical\" href=\"https:\/\/www.pumixplant.com\/pl\/\" \/>\n<meta property=\"og:locale\" content=\"pl_PL\" \/>\n<meta property=\"og:type\" content=\"article\" \/>\n<meta property=\"og:title\" content=\"Homepage - PU MIX Technologies S.r.l.\" \/>\n<meta property=\"og:description\" content=\"la nostra tecnologia per: Kim jeste\u015bmy PU MIX TECHNOLOGIES PU MIX Technologies powsta\u0142o, aby wyj\u015b\u0107 na przeciw potrzebom klient\u00f3w zainteresowanych innowacyjnymi rozwi\u0105zaniami high-tech dla przemys\u0142u formowania poliuretanu\" \/>\n<meta property=\"og:url\" content=\"https:\/\/www.pumixplant.com\/pl\/\" \/>\n<meta property=\"og:site_name\" content=\"PU MIX Technologies S.r.l.\" \/>\n<meta property=\"article:publisher\" content=\"https:\/\/www.facebook.com\/pumix.technologies\" \/>\n<meta property=\"article:modified_time\" content=\"2025-10-23T09:12:23+00:00\" \/>\n<meta property=\"og:image\" content=\"https:\/\/www.pumixplant.com\/wp-content\/uploads\/2019\/02\/PUMIX-Technologies-1200x900.jpg\" \/>\n<meta name=\"twitter:card\" content=\"summary_large_image\" \/>\n<meta name=\"twitter:label1\" content=\"Szacowany czas czytania\" \/>\n\t<meta name=\"twitter:data1\" content=\"1 minuta\" \/>\n<script type=\"application\/ld+json\" class=\"yoast-schema-graph\">{\"@context\":\"https:\/\/schema.org\",\"@graph\":[{\"@type\":\"WebPage\",\"@id\":\"https:\/\/www.pumixplant.com\/pl\/\",\"url\":\"https:\/\/www.pumixplant.com\/pl\/\",\"name\":\"Homepage - PU MIX Technologies S.r.l.\",\"isPartOf\":{\"@id\":\"https:\/\/www.pumixplant.com\/pl\/#website\"},\"primaryImageOfPage\":{\"@id\":\"https:\/\/www.pumixplant.com\/pl\/#primaryimage\"},\"image\":{\"@id\":\"https:\/\/www.pumixplant.com\/pl\/#primaryimage\"},\"thumbnailUrl\":\"https:\/\/www.pumixplant.com\/wp-content\/uploads\/2019\/02\/PUMIX-Technologies-1200x900.jpg\",\"datePublished\":\"2019-02-04T11:18:32+00:00\",\"dateModified\":\"2025-10-23T09:12:23+00:00\",\"breadcrumb\":{\"@id\":\"https:\/\/www.pumixplant.com\/pl\/#breadcrumb\"},\"inLanguage\":\"pl-PL\",\"potentialAction\":[{\"@type\":\"ReadAction\",\"target\":[\"https:\/\/www.pumixplant.com\/pl\/\"]}]},{\"@type\":\"ImageObject\",\"inLanguage\":\"pl-PL\",\"@id\":\"https:\/\/www.pumixplant.com\/pl\/#primaryimage\",\"url\":\"https:\/\/www.pumixplant.com\/wp-content\/uploads\/2019\/02\/PUMIX-Technologies-1200x900.jpg\",\"contentUrl\":\"https:\/\/www.pumixplant.com\/wp-content\/uploads\/2019\/02\/PUMIX-Technologies-1200x900.jpg\"},{\"@type\":\"BreadcrumbList\",\"@id\":\"https:\/\/www.pumixplant.com\/pl\/#breadcrumb\",\"itemListElement\":[{\"@type\":\"ListItem\",\"position\":1,\"name\":\"Home\",\"item\":\"https:\/\/www.pumixplant.com\/pl\/\"},{\"@type\":\"ListItem\",\"position\":2,\"name\":\"Homepage\"}]},{\"@type\":\"WebSite\",\"@id\":\"https:\/\/www.pumixplant.com\/pl\/#website\",\"url\":\"https:\/\/www.pumixplant.com\/pl\/\",\"name\":\"PU MIX Technologies S.r.l.\",\"description\":\"\",\"publisher\":{\"@id\":\"https:\/\/www.pumixplant.com\/pl\/#organization\"},\"potentialAction\":[{\"@type\":\"SearchAction\",\"target\":{\"@type\":\"EntryPoint\",\"urlTemplate\":\"https:\/\/www.pumixplant.com\/pl\/?s={search_term_string}\"},\"query-input\":{\"@type\":\"PropertyValueSpecification\",\"valueRequired\":true,\"valueName\":\"search_term_string\"}}],\"inLanguage\":\"pl-PL\"},{\"@type\":\"Organization\",\"@id\":\"https:\/\/www.pumixplant.com\/pl\/#organization\",\"name\":\"PU MIX Technologies S.r.l.\",\"url\":\"https:\/\/www.pumixplant.com\/pl\/\",\"logo\":{\"@type\":\"ImageObject\",\"inLanguage\":\"pl-PL\",\"@id\":\"https:\/\/www.pumixplant.com\/pl\/#\/schema\/logo\/image\/\",\"url\":\"https:\/\/www.pumixplant.com\/wp-content\/uploads\/2019\/02\/logo-pumix.jpg\",\"contentUrl\":\"https:\/\/www.pumixplant.com\/wp-content\/uploads\/2019\/02\/logo-pumix.jpg\",\"width\":420,\"height\":500,\"caption\":\"PU MIX Technologies S.r.l.\"},\"image\":{\"@id\":\"https:\/\/www.pumixplant.com\/pl\/#\/schema\/logo\/image\/\"},\"sameAs\":[\"https:\/\/www.facebook.com\/pumix.technologies\",\"https:\/\/www.linkedin.com\/company\/pu-mix-technologies-s.r.l.\/about\/\",\"https:\/\/www.youtube.com\/channel\/UCE6oMWBtW9k6Ea9yosxr-oA\"]}]}<\/script>","yoast_head_json":{"title":"Homepage - PU MIX Technologies S.r.l.","robots":{"index":"index","follow":"follow","max-snippet":"max-snippet:-1","max-image-preview":"max-image-preview:large","max-video-preview":"max-video-preview:-1"},"canonical":"https:\/\/www.pumixplant.com\/pl\/","og_locale":"pl_PL","og_type":"article","og_title":"Homepage - PU MIX Technologies S.r.l.","og_description":"la nostra tecnologia per: Kim jeste\u015bmy PU MIX TECHNOLOGIES PU MIX Technologies powsta\u0142o, aby wyj\u015b\u0107 na przeciw potrzebom klient\u00f3w zainteresowanych innowacyjnymi rozwi\u0105zaniami high-tech dla przemys\u0142u formowania poliuretanu","og_url":"https:\/\/www.pumixplant.com\/pl\/","og_site_name":"PU MIX Technologies S.r.l.","article_publisher":"https:\/\/www.facebook.com\/pumix.technologies","article_modified_time":"2025-10-23T09:12:23+00:00","og_image":[{"url":"https:\/\/www.pumixplant.com\/wp-content\/uploads\/2019\/02\/PUMIX-Technologies-1200x900.jpg","type":"","width":"","height":""}],"twitter_card":"summary_large_image","twitter_misc":{"Szacowany czas czytania":"1 minuta"},"schema":{"@context":"https:\/\/schema.org","@graph":[{"@type":"WebPage","@id":"https:\/\/www.pumixplant.com\/pl\/","url":"https:\/\/www.pumixplant.com\/pl\/","name":"Homepage - PU MIX Technologies S.r.l.","isPartOf":{"@id":"https:\/\/www.pumixplant.com\/pl\/#website"},"primaryImageOfPage":{"@id":"https:\/\/www.pumixplant.com\/pl\/#primaryimage"},"image":{"@id":"https:\/\/www.pumixplant.com\/pl\/#primaryimage"},"thumbnailUrl":"https:\/\/www.pumixplant.com\/wp-content\/uploads\/2019\/02\/PUMIX-Technologies-1200x900.jpg","datePublished":"2019-02-04T11:18:32+00:00","dateModified":"2025-10-23T09:12:23+00:00","breadcrumb":{"@id":"https:\/\/www.pumixplant.com\/pl\/#breadcrumb"},"inLanguage":"pl-PL","potentialAction":[{"@type":"ReadAction","target":["https:\/\/www.pumixplant.com\/pl\/"]}]},{"@type":"ImageObject","inLanguage":"pl-PL","@id":"https:\/\/www.pumixplant.com\/pl\/#primaryimage","url":"https:\/\/www.pumixplant.com\/wp-content\/uploads\/2019\/02\/PUMIX-Technologies-1200x900.jpg","contentUrl":"https:\/\/www.pumixplant.com\/wp-content\/uploads\/2019\/02\/PUMIX-Technologies-1200x900.jpg"},{"@type":"BreadcrumbList","@id":"https:\/\/www.pumixplant.com\/pl\/#breadcrumb","itemListElement":[{"@type":"ListItem","position":1,"name":"Home","item":"https:\/\/www.pumixplant.com\/pl\/"},{"@type":"ListItem","position":2,"name":"Homepage"}]},{"@type":"WebSite","@id":"https:\/\/www.pumixplant.com\/pl\/#website","url":"https:\/\/www.pumixplant.com\/pl\/","name":"PU MIX Technologies S.r.l.","description":"","publisher":{"@id":"https:\/\/www.pumixplant.com\/pl\/#organization"},"potentialAction":[{"@type":"SearchAction","target":{"@type":"EntryPoint","urlTemplate":"https:\/\/www.pumixplant.com\/pl\/?s={search_term_string}"},"query-input":{"@type":"PropertyValueSpecification","valueRequired":true,"valueName":"search_term_string"}}],"inLanguage":"pl-PL"},{"@type":"Organization","@id":"https:\/\/www.pumixplant.com\/pl\/#organization","name":"PU MIX Technologies S.r.l.","url":"https:\/\/www.pumixplant.com\/pl\/","logo":{"@type":"ImageObject","inLanguage":"pl-PL","@id":"https:\/\/www.pumixplant.com\/pl\/#\/schema\/logo\/image\/","url":"https:\/\/www.pumixplant.com\/wp-content\/uploads\/2019\/02\/logo-pumix.jpg","contentUrl":"https:\/\/www.pumixplant.com\/wp-content\/uploads\/2019\/02\/logo-pumix.jpg","width":420,"height":500,"caption":"PU MIX Technologies S.r.l."},"image":{"@id":"https:\/\/www.pumixplant.com\/pl\/#\/schema\/logo\/image\/"},"sameAs":["https:\/\/www.facebook.com\/pumix.technologies","https:\/\/www.linkedin.com\/company\/pu-mix-technologies-s.r.l.\/about\/","https:\/\/www.youtube.com\/channel\/UCE6oMWBtW9k6Ea9yosxr-oA"]}]}},"_links":{"self":[{"href":"https:\/\/www.pumixplant.com\/pl\/wp-json\/wp\/v2\/pages\/10278","targetHints":{"allow":["GET"]}}],"collection":[{"href":"https:\/\/www.pumixplant.com\/pl\/wp-json\/wp\/v2\/pages"}],"about":[{"href":"https:\/\/www.pumixplant.com\/pl\/wp-json\/wp\/v2\/types\/page"}],"author":[{"embeddable":true,"href":"https:\/\/www.pumixplant.com\/pl\/wp-json\/wp\/v2\/users\/6"}],"replies":[{"embeddable":true,"href":"https:\/\/www.pumixplant.com\/pl\/wp-json\/wp\/v2\/comments?post=10278"}],"version-history":[{"count":1,"href":"https:\/\/www.pumixplant.com\/pl\/wp-json\/wp\/v2\/pages\/10278\/revisions"}],"predecessor-version":[{"id":10608,"href":"https:\/\/www.pumixplant.com\/pl\/wp-json\/wp\/v2\/pages\/10278\/revisions\/10608"}],"wp:attachment":[{"href":"https:\/\/www.pumixplant.com\/pl\/wp-json\/wp\/v2\/media?parent=10278"}],"curies":[{"name":"wp","href":"https:\/\/api.w.org\/{rel}","templated":true}]}}